{"id":1264,"date":"2021-08-04T10:30:15","date_gmt":"2021-08-04T08:30:15","guid":{"rendered":"https:\/\/www.lapeniche.biz\/la-peniche-bed-and-bicycle\/?page_id=1264"},"modified":"2021-08-04T10:30:15","modified_gmt":"2021-08-04T08:30:15","slug":"petit-dejeuner","status":"publish","type":"page","link":"https:\/\/www.lapeniche.biz\/la-peniche-all-your-events\/petit-dejeuner\/","title":{"rendered":"Petit-d\u00e9jeuner"},"content":{"rendered":"<p>[et_pb_section fb_built=\u00a0\u00bb1&Prime; fullwidth=\u00a0\u00bbon\u00a0\u00bb module_id=\u00a0\u00bbslider-header-home\u00a0\u00bb _builder_version=\u00a0\u00bb4.9.4&Prime; _module_preset=\u00a0\u00bbdefault\u00a0\u00bb global_colors_info=\u00a0\u00bb{}\u00a0\u00bb][et_pb_fullwidth_slider show_pagination=\u00a0\u00bboff\u00a0\u00bb _builder_version=\u00a0\u00bb4.11.3&Prime; _module_preset=\u00a0\u00bbdefault\u00a0\u00bb auto=\u00a0\u00bbon\u00a0\u00bb global_colors_info=\u00a0\u00bb{}\u00a0\u00bb][et_pb_slide heading=\u00a0\u00bbLe Petit-D\u00e9jeuner\u00a0\u00bb _builder_version=\u00a0\u00bb4.11.3&Prime; _module_preset=\u00a0\u00bbdefault\u00a0\u00bb header_level=\u00a0\u00bbh1&Prime; header_text_align=\u00a0\u00bbcenter\u00a0\u00bb background_enable_color=\u00a0\u00bboff\u00a0\u00bb background_image=\u00a0\u00bbhttps:\/\/www.lapeniche.biz\/la-peniche-bed-and-bicycle\/wp-content\/uploads\/sites\/5\/2021\/10\/la-peniche-petit-dejeuner.jpg\u00a0\u00bb background_enable_image=\u00a0\u00bbon\u00a0\u00bb text_orientation=\u00a0\u00bbcenter\u00a0\u00bb global_colors_info=\u00a0\u00bb{}\u00a0\u00bb sticky_transition=\u00a0\u00bbon\u00a0\u00bb][\/et_pb_slide][\/et_pb_fullwidth_slider][et_pb_fullwidth_code admin_label=\u00a0\u00bbWidget BE MB\u00a0\u00bb module_id=\u00a0\u00bbwidget-booking-engine-MB\u00a0\u00bb _builder_version=\u00a0\u00bb4.9.10&Prime; _module_preset=\u00a0\u00bbdefault\u00a0\u00bb global_colors_info=\u00a0\u00bb{}\u00a0\u00bb]<\/p>\n<div id=\"widgetMB2\"><\/div>\n<p><!-- [et_pb_line_break_holder] --><!-- [et_pb_line_break_holder] -->var langue = &lsquo;fr&rsquo;;<!-- [et_pb_line_break_holder] -->var id_etab = &lsquo;a36143e9bf80cdf3bbd4360ae2802219&rsquo;;<!-- [et_pb_line_break_holder] -->var param = &lsquo;0201202000020001094045221&rsquo;;<!-- [et_pb_line_break_holder] --><!-- [et_pb_line_break_holder] --><!-- [et_pb_line_break_holder] --><!-- [et_pb_line_break_holder] -->[\/et_pb_fullwidth_code][et_pb_fullwidth_code admin_label=\u00a0\u00bbBouton reservation\u00a0\u00bb module_class=\u00a0\u00bbbooking-trigger\u00a0\u00bb _builder_version=\u00a0\u00bb4.9.1&Prime; z_index_tablet=\u00a0\u00bb500&Prime; global_module=\u00a0\u00bb878&Prime; global_colors_info=\u00a0\u00bb{}\u00a0\u00bb]<a class=\"btn-booking\" href=\"https:\/\/www.secure-direct-hotel-booking.com\/module_booking_engine\/index.php?id_etab=a36143e9bf80cdf3bbd4360ae2802219&amp;langue=francais\" target=\"_blank\" rel=\"noopener\">R\u00e9servation<\/a>[\/et_pb_fullwidth_code][\/et_pb_section][et_pb_section fb_built=\u00a0\u00bb1&Prime; _builder_version=\u00a0\u00bb3.22&Prime; global_colors_info=\u00a0\u00bb{}\u00a0\u00bb][et_pb_row module_class=\u00a0\u00bblp-pres-room\u00a0\u00bb _builder_version=\u00a0\u00bb4.9.10&Prime; background_size=\u00a0\u00bbinitial\u00a0\u00bb background_position=\u00a0\u00bbtop_left\u00a0\u00bb background_repeat=\u00a0\u00bbrepeat\u00a0\u00bb custom_padding=\u00a0\u00bb27px|||||\u00a0\u00bb global_colors_info=\u00a0\u00bb{}\u00a0\u00bb][et_pb_column type=\u00a0\u00bb4_4&Prime; _builder_version=\u00a0\u00bb3.25&Prime; custom_padding=\u00a0\u00bb|||\u00a0\u00bb global_colors_info=\u00a0\u00bb{}\u00a0\u00bb custom_padding__hover=\u00a0\u00bb|||\u00a0\u00bb][et_pb_text admin_label=\u00a0\u00bbPetit d\u00e9jeuner livr\u00e9 avec amour tous les matins&#8230;\u00a0\u00bb _builder_version=\u00a0\u00bb4.11.4&Prime; hover_enabled=\u00a0\u00bb0&Prime; z_index_tablet=\u00a0\u00bb500&Prime; global_colors_info=\u00a0\u00bb{}\u00a0\u00bb sticky_enabled=\u00a0\u00bb0&Prime;]<\/p>\n<p><strong><span style=\"color: #000000;font-size: 14pt\"><em><img loading=\"lazy\" decoding=\"async\" class=\"alignnone  wp-image-582\" src=\"https:\/\/www.lapeniche.biz\/la-peniche-bed-and-bicycle\/wp-content\/uploads\/sites\/5\/2021\/05\/favicon-bb-300x300.png\" alt=\"La P\u00e9niche Bed &amp; Bicycle\" width=\"57\" height=\"57\" \/>\u00a0 \u00a0LE PETIT DEJEUNER<\/em><\/span><\/strong><\/p>\n<p><em>16,00 \u20ac \/ Pers.<\/em><\/p>\n<p><em>8,00 \u20ac \/ Enfant (-12 ans)<\/em><\/p>\n<p><strong>Petit de\u0301jeuner livre\u0301 avec amour tous les matins par l\u2019e\u0301quipage de LA PENICHE \u00ab Slow Food Cafe\u0301 \u00bb<\/strong><br \/><strong>Petit de\u0301jeuner \u00ab Home made \u00bb pre\u0301pare\u0301 exclusivement avec des produits Bio et locaux.<\/strong><\/p>\n<p><span style=\"text-decoration: underline;color: #e02b20\">A r\u00e9server avant 18h la veille,<\/span><\/p>\n<p>Petit de\u0301jeuner en supple\u0301ment de la nuite\u0301e au prix de 16 \u20ac par personne.<br \/>Votre petit d\u00e9jeuner <span style=\"text-decoration: underline\">pour une personne<\/span> livr\u00e9 dans les frigos de la Cuisine de LA PENICHE \u00ab\u00a0Bed And Bicycle\u00a0\u00bb<\/p>\n<p><span style=\"color: #ff0000\"><span style=\"text-decoration: underline;color: #e02b20\">La formule comprend <\/span>:<\/span><\/p>\n<ul>\n<li>Th\u00e9 et\/ou caf\u00e9*<\/li>\n<li>Un grand jus de fruit<\/li>\n<li>Un yaourt nature<\/li>\n<li>Granola Bowl avec ses fruits frais et secs<\/li>\n<li>Une Patisserie \u00ab\u00a0Slow Food Caf\u00e9\u00a0\u00bb<\/li>\n<li>Pain artisanal (2 Tartines)<\/li>\n<li>Un petit pot de confiture<\/li>\n<li>1 portion de beurre<\/li>\n<\/ul>\n<p>*Attention le th\u00e9 et le caf\u00e9 sont \u00e0 faire couler dans la cuisine<\/p>\n<p><span style=\"color: #ff0000\"><span style=\"text-decoration: underline;color: #e02b20\">Le petit d\u00e9jeuner enfant<\/span><\/span><\/p>\n<ul>\n<li>Un grand jus de fruit<\/li>\n<li>Un yaourt nature<\/li>\n<li>Pain artisanal (2 Tartines)<\/li>\n<li>Un petit pot de confiture<\/li>\n<li>1 portion de beurre<\/li>\n<\/ul>\n<p>[\/et_pb_text][\/et_pb_column][\/et_pb_row][\/et_pb_section]<\/p>\n","protected":false},"excerpt":{"rendered":"<p>[et_pb_section fb_built=\u00a0\u00bb1&Prime; fullwidth=\u00a0\u00bbon\u00a0\u00bb module_id=\u00a0\u00bbslider-header-home\u00a0\u00bb _builder_version=\u00a0\u00bb4.9.4&Prime; _module_preset=\u00a0\u00bbdefault\u00a0\u00bb global_colors_info=\u00a0\u00bb{}\u00a0\u00bb][et_pb_fullwidth_slider show_pagination=\u00a0\u00bboff\u00a0\u00bb _builder_version=\u00a0\u00bb4.11.3&Prime; _module_preset=\u00a0\u00bbdefault\u00a0\u00bb auto=\u00a0\u00bbon\u00a0\u00bb global_colors_info=\u00a0\u00bb{}\u00a0\u00bb][et_pb_slide heading=\u00a0\u00bbLe Petit-D\u00e9jeuner\u00a0\u00bb _builder_version=\u00a0\u00bb4.11.3&Prime; _module_preset=\u00a0\u00bbdefault\u00a0\u00bb header_level=\u00a0\u00bbh1&Prime; header_text_align=\u00a0\u00bbcenter\u00a0\u00bb background_enable_color=\u00a0\u00bboff\u00a0\u00bb background_image=\u00a0\u00bbhttps:\/\/www.lapeniche.biz\/la-peniche-bed-and-bicycle\/wp-content\/uploads\/sites\/5\/2021\/10\/la-peniche-petit-dejeuner.jpg\u00a0\u00bb background_enable_image=\u00a0\u00bbon\u00a0\u00bb text_orientation=\u00a0\u00bbcenter\u00a0\u00bb global_colors_info=\u00a0\u00bb{}\u00a0\u00bb sticky_transition=\u00a0\u00bbon\u00a0\u00bb][\/et_pb_slide][\/et_pb_fullwidth_slider][et_pb_fullwidth_code admin_label=\u00a0\u00bbWidget BE MB\u00a0\u00bb module_id=\u00a0\u00bbwidget-booking-engine-MB\u00a0\u00bb _builder_version=\u00a0\u00bb4.9.10&Prime; _module_preset=\u00a0\u00bbdefault\u00a0\u00bb global_colors_info=\u00a0\u00bb{}\u00a0\u00bb] var langue = &lsquo;fr&rsquo;;var id_etab = &lsquo;a36143e9bf80cdf3bbd4360ae2802219&rsquo;;var param = &lsquo;0201202000020001094045221&rsquo;;[\/et_pb_fullwidth_code][et_pb_fullwidth_code admin_label=\u00a0\u00bbBouton reservation\u00a0\u00bb module_class=\u00a0\u00bbbooking-trigger\u00a0\u00bb _builder_version=\u00a0\u00bb4.9.1&Prime; z_index_tablet=\u00a0\u00bb500&Prime; global_module=\u00a0\u00bb878&Prime; global_colors_info=\u00a0\u00bb{}\u00a0\u00bb]R\u00e9servation[\/et_pb_fullwidth_code][\/et_pb_section][et_pb_section fb_built=\u00a0\u00bb1&Prime; _builder_version=\u00a0\u00bb3.22&Prime; global_colors_info=\u00a0\u00bb{}\u00a0\u00bb][et_pb_row module_class=\u00a0\u00bblp-pres-room\u00a0\u00bb _builder_version=\u00a0\u00bb4.9.10&Prime; background_size=\u00a0\u00bbinitial\u00a0\u00bb background_position=\u00a0\u00bbtop_left\u00a0\u00bb [&hellip;]<\/p>\n","protected":false},"author":1,"featured_media":0,"parent":0,"menu_order":0,"comment_status":"closed","ping_status":"closed","template":"","meta":{"_et_pb_use_builder":"on","_et_pb_old_content":"","_et_gb_content_width":"","footnotes":""},"class_list":["post-1264","page","type-page","status-publish","hentry"],"_links":{"self":[{"href":"https:\/\/www.lapeniche.biz\/la-peniche-all-your-events\/wp-json\/wp\/v2\/pages\/1264","targetHints":{"allow":["GET"]}}],"collection":[{"href":"https:\/\/www.lapeniche.biz\/la-peniche-all-your-events\/wp-json\/wp\/v2\/pages"}],"about":[{"href":"https:\/\/www.lapeniche.biz\/la-peniche-all-your-events\/wp-json\/wp\/v2\/types\/page"}],"author":[{"embeddable":true,"href":"https:\/\/www.lapeniche.biz\/la-peniche-all-your-events\/wp-json\/wp\/v2\/users\/1"}],"replies":[{"embeddable":true,"href":"https:\/\/www.lapeniche.biz\/la-peniche-all-your-events\/wp-json\/wp\/v2\/comments?post=1264"}],"version-history":[{"count":0,"href":"https:\/\/www.lapeniche.biz\/la-peniche-all-your-events\/wp-json\/wp\/v2\/pages\/1264\/revisions"}],"wp:attachment":[{"href":"https:\/\/www.lapeniche.biz\/la-peniche-all-your-events\/wp-json\/wp\/v2\/media?parent=1264"}],"curies":[{"name":"wp","href":"https:\/\/api.w.org\/{rel}","templated":true}]}}