{"id":2495,"date":"2021-11-04T11:43:18","date_gmt":"2021-11-04T10:43:18","guid":{"rendered":"https:\/\/www.lapeniche.biz\/la-peniche-bed-and-bicycle\/?post_type=product&amp;p=2495"},"modified":"2021-11-04T11:43:18","modified_gmt":"2021-11-04T10:43:18","slug":"massage-oriental-traditionnel","status":"publish","type":"product","link":"https:\/\/www.lapeniche.biz\/la-peniche-all-your-events\/produit\/massage-oriental-traditionnel\/","title":{"rendered":"Massage oriental traditionnel relaxant &#8211; 50 min"},"content":{"rendered":"<p>Ce massage inspir\u00e9 de la tradition orientale travaille l\u2019ensemble du corps avec l\u2019huile d\u2019argan chauff\u00e9e et d\u00e9licatement parfum\u00e9e.<br \/>\nLes mains expertes de la praticienne vous enveloppent de man\u0153uvre lentes et profondes pour vous procurer un \u00e9tat de pur bien \u00eatre.<\/p>\n","protected":false},"excerpt":{"rendered":"<p>Ce massage inspir\u00e9 de la tradition orientale travaille l\u2019ensemble du corps avec l\u2019huile d\u2019argan chauff\u00e9e et d\u00e9licatement parfum\u00e9e.<br \/>\nLes mains expertes de la praticienne vous enveloppent de man\u0153uvre lentes et profondes pour vous procurer un \u00e9tat de pur bien \u00eatre.<\/p>\n","protected":false},"featured_media":2448,"comment_status":"open","ping_status":"closed","template":"","meta":{"_et_pb_use_builder":"","_et_pb_old_content":"","_et_gb_content_width":""},"product_brand":[],"product_cat":[34],"product_tag":[],"class_list":{"0":"post-2495","1":"product","2":"type-product","3":"status-publish","4":"has-post-thumbnail","6":"product_cat-massages","8":"first","9":"instock","10":"virtual","11":"purchasable","12":"product-type-simple"},"_links":{"self":[{"href":"https:\/\/www.lapeniche.biz\/la-peniche-all-your-events\/wp-json\/wp\/v2\/product\/2495","targetHints":{"allow":["GET"]}}],"collection":[{"href":"https:\/\/www.lapeniche.biz\/la-peniche-all-your-events\/wp-json\/wp\/v2\/product"}],"about":[{"href":"https:\/\/www.lapeniche.biz\/la-peniche-all-your-events\/wp-json\/wp\/v2\/types\/product"}],"replies":[{"embeddable":true,"href":"https:\/\/www.lapeniche.biz\/la-peniche-all-your-events\/wp-json\/wp\/v2\/comments?post=2495"}],"wp:featuredmedia":[{"embeddable":true,"href":"https:\/\/www.lapeniche.biz\/la-peniche-all-your-events\/wp-json\/"}],"wp:attachment":[{"href":"https:\/\/www.lapeniche.biz\/la-peniche-all-your-events\/wp-json\/wp\/v2\/media?parent=2495"}],"wp:term":[{"taxonomy":"product_brand","embeddable":true,"href":"https:\/\/www.lapeniche.biz\/la-peniche-all-your-events\/wp-json\/wp\/v2\/product_brand?post=2495"},{"taxonomy":"product_cat","embeddable":true,"href":"https:\/\/www.lapeniche.biz\/la-peniche-all-your-events\/wp-json\/wp\/v2\/product_cat?post=2495"},{"taxonomy":"product_tag","embeddable":true,"href":"https:\/\/www.lapeniche.biz\/la-peniche-all-your-events\/wp-json\/wp\/v2\/product_tag?post=2495"}],"curies":[{"name":"wp","href":"https:\/\/api.w.org\/{rel}","templated":true}]}}