{"id":2524,"date":"2021-11-05T17:45:22","date_gmt":"2021-11-05T16:45:22","guid":{"rendered":"https:\/\/www.lapeniche.biz\/la-peniche-bed-and-bicycle\/?post_type=product&amp;p=2524"},"modified":"2021-11-05T17:45:22","modified_gmt":"2021-11-05T16:45:22","slug":"massage-ayurvedique-indien-tonifiant","status":"publish","type":"product","link":"https:\/\/www.lapeniche.biz\/la-peniche-all-your-events\/produit\/massage-ayurvedique-indien-tonifiant\/","title":{"rendered":"Massage ayurvedique indien tonifiant &#8211; 50 min"},"content":{"rendered":"<p>Inspir\u00e9 de la tradition indienne mill\u00e9naire, ce massage tonifiant \u00e0 l\u2019huile chaude propose une alternance de rythmes vari\u00e9s.<br \/>\nProfitez des fragrances de vanille et de cardamome de ce soin.<\/p>\n","protected":false},"excerpt":{"rendered":"<p>Inspir\u00e9 de la tradition indienne mill\u00e9naire, ce massage tonifiant \u00e0 l\u2019huile chaude propose une alternance de rythmes vari\u00e9s. Profitez des fragrances de vanille et de cardamome de ce soin.<\/p>\n","protected":false},"featured_media":2629,"comment_status":"open","ping_status":"closed","template":"","meta":{"_et_pb_use_builder":"","_et_pb_old_content":"","_et_gb_content_width":""},"product_brand":[],"product_cat":[34],"product_tag":[],"class_list":{"0":"post-2524","1":"product","2":"type-product","3":"status-publish","4":"has-post-thumbnail","6":"product_cat-massages","8":"first","9":"instock","10":"virtual","11":"purchasable","12":"product-type-simple"},"_links":{"self":[{"href":"https:\/\/www.lapeniche.biz\/la-peniche-all-your-events\/wp-json\/wp\/v2\/product\/2524","targetHints":{"allow":["GET"]}}],"collection":[{"href":"https:\/\/www.lapeniche.biz\/la-peniche-all-your-events\/wp-json\/wp\/v2\/product"}],"about":[{"href":"https:\/\/www.lapeniche.biz\/la-peniche-all-your-events\/wp-json\/wp\/v2\/types\/product"}],"replies":[{"embeddable":true,"href":"https:\/\/www.lapeniche.biz\/la-peniche-all-your-events\/wp-json\/wp\/v2\/comments?post=2524"}],"wp:featuredmedia":[{"embeddable":true,"href":"https:\/\/www.lapeniche.biz\/la-peniche-all-your-events\/wp-json\/"}],"wp:attachment":[{"href":"https:\/\/www.lapeniche.biz\/la-peniche-all-your-events\/wp-json\/wp\/v2\/media?parent=2524"}],"wp:term":[{"taxonomy":"product_brand","embeddable":true,"href":"https:\/\/www.lapeniche.biz\/la-peniche-all-your-events\/wp-json\/wp\/v2\/product_brand?post=2524"},{"taxonomy":"product_cat","embeddable":true,"href":"https:\/\/www.lapeniche.biz\/la-peniche-all-your-events\/wp-json\/wp\/v2\/product_cat?post=2524"},{"taxonomy":"product_tag","embeddable":true,"href":"https:\/\/www.lapeniche.biz\/la-peniche-all-your-events\/wp-json\/wp\/v2\/product_tag?post=2524"}],"curies":[{"name":"wp","href":"https:\/\/api.w.org\/{rel}","templated":true}]}}