{"id":2609,"date":"2021-11-08T10:13:22","date_gmt":"2021-11-08T09:13:22","guid":{"rendered":"https:\/\/www.lapeniche.biz\/la-peniche-bed-and-bicycle\/?post_type=product&amp;p=2609"},"modified":"2024-03-12T02:53:46","modified_gmt":"2024-03-12T01:53:46","slug":"carte-cadeau-escale-sunday-brunch-2-pers","status":"publish","type":"product","link":"https:\/\/www.lapeniche.biz\/la-peniche-all-your-events\/produit\/carte-cadeau-escale-sunday-brunch-2-pers\/","title":{"rendered":"Escale \u00ab\u00a0Sunday Brunch\u00a0\u00bb &#8211; 2 pers."},"content":{"rendered":"<p>Une nuit\u00e9e + Acc\u00e8s SPA + Brunch \u00e0 LA PENICHE \u00ab Slow Food Caf\u00e9 \u00bb (Uniquement Dimanche).<\/p>\n","protected":false},"excerpt":{"rendered":"<p>Une nuit\u00e9e + Acc\u00e8s SPA + Brunch \u00e0 LA PENICHE \u00ab Slow Food Caf\u00e9 \u00bb (Uniquement Dimanche).<\/p>\n","protected":false},"featured_media":2620,"comment_status":"open","ping_status":"closed","template":"","meta":{"_et_pb_use_builder":"","_et_pb_old_content":"","_et_gb_content_width":""},"product_brand":[],"product_cat":[28],"product_tag":[],"class_list":{"0":"post-2609","1":"product","2":"type-product","3":"status-publish","4":"has-post-thumbnail","6":"product_cat-bons-cadeaux","8":"first","9":"outofstock","10":"shipping-taxable","11":"purchasable","12":"product-type-pw-gift-card","13":"has-default-attributes"},"_links":{"self":[{"href":"https:\/\/www.lapeniche.biz\/la-peniche-all-your-events\/wp-json\/wp\/v2\/product\/2609","targetHints":{"allow":["GET"]}}],"collection":[{"href":"https:\/\/www.lapeniche.biz\/la-peniche-all-your-events\/wp-json\/wp\/v2\/product"}],"about":[{"href":"https:\/\/www.lapeniche.biz\/la-peniche-all-your-events\/wp-json\/wp\/v2\/types\/product"}],"replies":[{"embeddable":true,"href":"https:\/\/www.lapeniche.biz\/la-peniche-all-your-events\/wp-json\/wp\/v2\/comments?post=2609"}],"wp:featuredmedia":[{"embeddable":true,"href":"https:\/\/www.lapeniche.biz\/la-peniche-all-your-events\/wp-json\/"}],"wp:attachment":[{"href":"https:\/\/www.lapeniche.biz\/la-peniche-all-your-events\/wp-json\/wp\/v2\/media?parent=2609"}],"wp:term":[{"taxonomy":"product_brand","embeddable":true,"href":"https:\/\/www.lapeniche.biz\/la-peniche-all-your-events\/wp-json\/wp\/v2\/product_brand?post=2609"},{"taxonomy":"product_cat","embeddable":true,"href":"https:\/\/www.lapeniche.biz\/la-peniche-all-your-events\/wp-json\/wp\/v2\/product_cat?post=2609"},{"taxonomy":"product_tag","embeddable":true,"href":"https:\/\/www.lapeniche.biz\/la-peniche-all-your-events\/wp-json\/wp\/v2\/product_tag?post=2609"}],"curies":[{"name":"wp","href":"https:\/\/api.w.org\/{rel}","templated":true}]}}