{"id":2683,"date":"2021-11-08T17:35:08","date_gmt":"2021-11-08T16:35:08","guid":{"rendered":"https:\/\/www.lapeniche.biz\/la-peniche-bed-and-bicycle\/?post_type=product&amp;p=2683"},"modified":"2021-11-08T17:35:08","modified_gmt":"2021-11-08T16:35:08","slug":"elixir-precieux-regenerant-10ml","status":"publish","type":"product","link":"https:\/\/www.lapeniche.biz\/la-peniche-all-your-events\/produit\/elixir-precieux-regenerant-10ml\/","title":{"rendered":"Elixir pr\u00e9cieux reg\u00e9n\u00e9rant &#8211; 10ml"},"content":{"rendered":"<div class=\"page\" title=\"Page 9\">\n<div class=\"section\">\n<div class=\"layoutArea\">\n<div class=\"column\">\n<p>e\u0301lixir pre\u0301cieux\u00ae re\u0301ge\u0301ne\u0301rant \u00a0(10ml)<br \/>\nRituel de Beijing, Chine<br \/>\nIngre\u0301dients : Huile de Pe\u0301pins de Cassis, Infusion de Ginseng, Jasmin&#8230;<\/p>\n<p>&nbsp;<\/p>\n<p>regenerating precious elixir<\/p>\n<p>Ritual of Beijing, China<\/p>\n<\/div>\n<div class=\"column\">\n<p>Ingredients: Cassis Seed Oil, Ginseng in an Oleic Infusion, Jasmine&#8230;<\/p>\n<\/div>\n<p>&nbsp;<\/p>\n<\/div>\n<\/div>\n<\/div>\n","protected":false},"excerpt":{"rendered":"<p>e\u0301lixir pre\u0301cieux\u00ae re\u0301ge\u0301ne\u0301rant \u00a0(10ml) Rituel de Beijing, Chine Ingre\u0301dients : Huile de Pe\u0301pins de Cassis, Infusion de Ginseng, Jasmin&#8230; &nbsp; regenerating precious elixir Ritual of Beijing, China Ingredients: Cassis Seed Oil, Ginseng in an Oleic Infusion, Jasmine&#8230; &nbsp;<\/p>\n","protected":false},"featured_media":3268,"comment_status":"open","ping_status":"closed","template":"","meta":{"_et_pb_use_builder":"","_et_pb_old_content":"","_et_gb_content_width":""},"product_brand":[],"product_cat":[29],"product_tag":[],"class_list":{"0":"post-2683","1":"product","2":"type-product","3":"status-publish","4":"has-post-thumbnail","6":"product_cat-cinq-mondes","8":"first","9":"instock","10":"shipping-taxable","11":"purchasable","12":"product-type-simple"},"_links":{"self":[{"href":"https:\/\/www.lapeniche.biz\/la-peniche-all-your-events\/wp-json\/wp\/v2\/product\/2683","targetHints":{"allow":["GET"]}}],"collection":[{"href":"https:\/\/www.lapeniche.biz\/la-peniche-all-your-events\/wp-json\/wp\/v2\/product"}],"about":[{"href":"https:\/\/www.lapeniche.biz\/la-peniche-all-your-events\/wp-json\/wp\/v2\/types\/product"}],"replies":[{"embeddable":true,"href":"https:\/\/www.lapeniche.biz\/la-peniche-all-your-events\/wp-json\/wp\/v2\/comments?post=2683"}],"wp:featuredmedia":[{"embeddable":true,"href":"https:\/\/www.lapeniche.biz\/la-peniche-all-your-events\/wp-json\/"}],"wp:attachment":[{"href":"https:\/\/www.lapeniche.biz\/la-peniche-all-your-events\/wp-json\/wp\/v2\/media?parent=2683"}],"wp:term":[{"taxonomy":"product_brand","embeddable":true,"href":"https:\/\/www.lapeniche.biz\/la-peniche-all-your-events\/wp-json\/wp\/v2\/product_brand?post=2683"},{"taxonomy":"product_cat","embeddable":true,"href":"https:\/\/www.lapeniche.biz\/la-peniche-all-your-events\/wp-json\/wp\/v2\/product_cat?post=2683"},{"taxonomy":"product_tag","embeddable":true,"href":"https:\/\/www.lapeniche.biz\/la-peniche-all-your-events\/wp-json\/wp\/v2\/product_tag?post=2683"}],"curies":[{"name":"wp","href":"https:\/\/api.w.org\/{rel}","templated":true}]}}