{"id":3765,"date":"2022-01-28T14:25:12","date_gmt":"2022-01-28T13:25:12","guid":{"rendered":"https:\/\/www.lapeniche.biz\/la-peniche-bed-and-bicycle\/?page_id=3765"},"modified":"2025-03-13T17:57:41","modified_gmt":"2025-03-13T16:57:41","slug":"private-hire","status":"publish","type":"page","link":"https:\/\/www.lapeniche.biz\/la-peniche-bed-and-bicycle\/en\/private-hire\/","title":{"rendered":"Privatisez &#8211; English"},"content":{"rendered":"<p>[et_pb_section fb_built=\u00a0\u00bb1&Prime; fullwidth=\u00a0\u00bbon\u00a0\u00bb module_id=\u00a0\u00bbslider-header-home\u00a0\u00bb _builder_version=\u00a0\u00bb4.16&Prime; _module_preset=\u00a0\u00bbdefault\u00a0\u00bb global_colors_info=\u00a0\u00bb{}\u00a0\u00bb][et_pb_fullwidth_slider show_pagination=\u00a0\u00bboff\u00a0\u00bb _builder_version=\u00a0\u00bb4.22.2&Prime; _module_preset=\u00a0\u00bbdefault\u00a0\u00bb auto=\u00a0\u00bbon\u00a0\u00bb global_colors_info=\u00a0\u00bb{}\u00a0\u00bb][et_pb_slide _builder_version=\u00a0\u00bb4.22.2&Prime; _module_preset=\u00a0\u00bbdefault\u00a0\u00bb header_level=\u00a0\u00bbh1&Prime; header_text_align=\u00a0\u00bbcenter\u00a0\u00bb background_enable_color=\u00a0\u00bboff\u00a0\u00bb background_image=\u00a0\u00bbhttps:\/\/www.lapeniche.biz\/la-peniche-bed-and-bicycle\/wp-content\/uploads\/sites\/5\/2021\/09\/IMG_0222-scaled.jpeg\u00a0\u00bb background_enable_image=\u00a0\u00bbon\u00a0\u00bb text_orientation=\u00a0\u00bbcenter\u00a0\u00bb global_colors_info=\u00a0\u00bb{}\u00a0\u00bb sticky_transition=\u00a0\u00bbon\u00a0\u00bb]<\/p>\n<h1 style=\"text-align: center; margin-top: 0; font-size: 2rem;\">PRIVATIZE LA PENICHE &#8230;<\/h1>\n<h2 style=\"text-align: center;\">from 114 \u20ac\/day\/person<\/h2>\n<p>[\/et_pb_slide][et_pb_slide _builder_version=\u00a0\u00bb4.16&Prime; _module_preset=\u00a0\u00bbdefault\u00a0\u00bb header_level=\u00a0\u00bbh1&Prime; header_text_align=\u00a0\u00bbcenter\u00a0\u00bb background_enable_color=\u00a0\u00bboff\u00a0\u00bb background_image=\u00a0\u00bbhttps:\/\/www.lapeniche.biz\/la-peniche-bed-and-bicycle\/wp-content\/uploads\/sites\/5\/2021\/10\/la-peniche-cabine.jpg\u00a0\u00bb background_enable_image=\u00a0\u00bbon\u00a0\u00bb text_orientation=\u00a0\u00bbcenter\u00a0\u00bb global_colors_info=\u00a0\u00bb{}\u00a0\u00bb sticky_transition=\u00a0\u00bbon\u00a0\u00bb]<\/p>\n<h1 style=\"text-align: center; margin-top: 0; font-size: 2rem;\">VIVEZ UNE EXPERIENCE EXTRAORDINAIRE<\/h1>\n<p>[\/et_pb_slide][et_pb_slide _builder_version=\u00a0\u00bb4.16&Prime; _module_preset=\u00a0\u00bbdefault\u00a0\u00bb header_level=\u00a0\u00bbh1&Prime; header_text_align=\u00a0\u00bbcenter\u00a0\u00bb background_enable_color=\u00a0\u00bboff\u00a0\u00bb background_image=\u00a0\u00bbhttps:\/\/www.lapeniche.biz\/la-peniche-bed-and-bicycle\/wp-content\/uploads\/sites\/5\/2021\/09\/IMG_0163-scaled.jpeg\u00a0\u00bb background_enable_image=\u00a0\u00bbon\u00a0\u00bb text_orientation=\u00a0\u00bbcenter\u00a0\u00bb global_colors_info=\u00a0\u00bb{}\u00a0\u00bb sticky_transition=\u00a0\u00bbon\u00a0\u00bb]<\/p>\n<h1 style=\"text-align: center; margin-top: 0; font-size: 2rem;\">300 m2 sur l&rsquo;eau uniquement pour vous<\/h1>\n<p>[\/et_pb_slide][\/et_pb_fullwidth_slider][et_pb_fullwidth_code admin_label=\u00a0\u00bbBouton bon cadeau\u00a0\u00bb _builder_version=\u00a0\u00bb4.13.1&Prime; _module_preset=\u00a0\u00bbdefault\u00a0\u00bb global_module=\u00a0\u00bb2940&Prime; global_colors_info=\u00a0\u00bb{}\u00a0\u00bb]<a href=\"https:\/\/www.lapeniche.biz\/la-peniche-bed-and-bicycle\/boutique#lp-bons-cadeaux\" title=\"Bon cadeau\" class=\"btn-gift\"><!-- [et_pb_line_break_holder] -->\tBon cadeau<!-- [et_pb_line_break_holder] --><\/a>[\/et_pb_fullwidth_code][et_pb_fullwidth_code admin_label=\u00a0\u00bbButton Book HouseBoat &#038; Sidebar\u00a0\u00bb module_class=\u00a0\u00bbbooking-trigger\u00a0\u00bb _builder_version=\u00a0\u00bb4.22.2&Prime; _module_preset=\u00a0\u00bbdefault\u00a0\u00bb global_colors_info=\u00a0\u00bb{}\u00a0\u00bb global_module=\u00a0\u00bb9470&Prime; theme_builder_area=\u00a0\u00bbpost_content\u00a0\u00bb]<a class=\"btn-booking\" href=\"#\" rel=\"noopener\">Book<\/a> <!-- [et_pb_line_break_holder] --><\/p>\n<div class=\"lp-sidebar-reservation\"><!-- [et_pb_line_break_holder] -->  <\/p>\n<div class=\"lp-sideba-header\"><!-- [et_pb_line_break_holder] -->    <\/p>\n<div class=\"lp-sidebar-close\"><!-- [et_pb_line_break_holder] -->      X<!-- [et_pb_line_break_holder] -->    <\/div>\n<p><!-- [et_pb_line_break_holder] -->  <\/div>\n<p><!-- [et_pb_line_break_holder] -->  <\/p>\n<div class=\"lp-sidebar-title\"><!-- [et_pb_line_break_holder] -->    Book a HOUSEBOAT<!-- [et_pb_line_break_holder] -->  <\/div>\n<p><!-- [et_pb_line_break_holder] -->  <\/p>\n<form id=\"lp-form-select-peniche\"><!-- [et_pb_line_break_holder] -->    <select name=\"peniche\" id=\"lp-select-peniche\" required=\"required\"><!-- [et_pb_line_break_holder] --><option disabled selected value> &#8212; Choose your houseboat &#8212; <\/option><!-- [et_pb_line_break_holder] --><option value=\"tournon\">LA PENICHE &#8211; Tournon-sur-rh\u00f4ne<\/option><!-- [et_pb_line_break_holder] --><option value=\"vienne\">LA PENICHE &#8211; Vienne<\/option><!-- [et_pb_line_break_holder] --><option value=\"aigues\">LA PENICHE &#8211; Aigues Mortes<\/option><!-- [et_pb_line_break_holder] -->    <\/select><!-- [et_pb_line_break_holder] -->    <label for=\"arrivee\">Arrival date :<\/label><!-- [et_pb_line_break_holder] -->\t\t<input type=\"text\" id=\"arrivee\" name=\"arrivee\" placeholder=\"Arrival date\" class=\"datepicker arrivee\"><!-- [et_pb_line_break_holder] -->    <label for=\"depart\">Departure date :<\/label><!-- [et_pb_line_break_holder] -->    <input type=\"text\" id=\"depart\" name=\"depart\" placeholder=\"Departure date\" class=\"datepicker depart\"><!-- [et_pb_line_break_holder] -->    <label for=\"code_promo\">Promo Code:<\/label><!-- [et_pb_line_break_holder] -->    <input type=\"text\" id=\"code_promo\" name=\"code_promo\" placeholder=\"Code Promo\" \/><!-- [et_pb_line_break_holder] -->    <a class=\"lp-resa-validate\" href=\"#\" rel=\"noopener\">Check availability<\/a><!-- [et_pb_line_break_holder] -->  <\/form>\n<p><!-- [et_pb_line_break_holder] --><\/div>\n<p>   [\/et_pb_fullwidth_code][\/et_pb_section][et_pb_section fb_built=\u00a0\u00bb1&Prime; _builder_version=\u00a0\u00bb4.16&Prime; global_colors_info=\u00a0\u00bb{}\u00a0\u00bb][et_pb_row module_class=\u00a0\u00bblp-pres-room\u00a0\u00bb _builder_version=\u00a0\u00bb4.16&Prime; background_size=\u00a0\u00bbinitial\u00a0\u00bb background_position=\u00a0\u00bbtop_left\u00a0\u00bb background_repeat=\u00a0\u00bbrepeat\u00a0\u00bb min_height=\u00a0\u00bb191px\u00a0\u00bb global_colors_info=\u00a0\u00bb{}\u00a0\u00bb][et_pb_column type=\u00a0\u00bb4_4&Prime; _builder_version=\u00a0\u00bb4.16&Prime; custom_padding=\u00a0\u00bb|||\u00a0\u00bb global_colors_info=\u00a0\u00bb{}\u00a0\u00bb custom_padding__hover=\u00a0\u00bb|||\u00a0\u00bb][et_pb_text admin_label=\u00a0\u00bbLe concept LA PENICHE %22Bed And Bicycle%22&Prime; _builder_version=\u00a0\u00bb4.22.2&Prime; z_index_tablet=\u00a0\u00bb500&Prime; global_colors_info=\u00a0\u00bb{}\u00a0\u00bb]<\/p>\n<table style=\"border-collapse: collapse; width: 100%;\">\n<tbody>\n<tr>\n<td style=\"width: 10.576221%;\"><span style=\"background-color: #ffffff;\"><strong><span style=\"color: #000000; font-size: 14pt; background-color: #ffffff;\"><em><img loading=\"lazy\" decoding=\"async\" class=\"alignnone wp-image-582\" src=\"https:\/\/www.lapeniche.biz\/la-peniche-bed-and-bicycle\/wp-content\/uploads\/sites\/5\/2021\/05\/favicon-bb-300x300.png\" alt=\"La P\u00e9niche Bed &amp; Bicycle\" width=\"75\" height=\"75\" \/><\/em><\/span><\/strong><\/span><\/td>\n<td style=\"width: 36.8344%; text-align: center;\"><span style=\"font-size: 28px;\"><strong>PRIVATIZE LA PENICHE<\/strong><\/span><\/td>\n<td style=\"width: 52.589351%;\"><span style=\"background-color: #ffffff; font-size: 14pt; color: #d0191c;\">From 1 500 \u20ac \/ Day\u00a0\u00a0<\/span><\/td>\n<\/tr>\n<\/tbody>\n<\/table>\n<p>&nbsp;<\/p>\n<p><i>La P\u00e9niche can be privatized for a weekend (2 nights minimum)<\/i><\/p>\n<p>&nbsp;<\/p>\n<p>La P\u00e9niche is perfect for up to 12 guests<\/p>\n<p>We will carefully prepare everything for your stay.<\/p>\n<p><strong>The entire 300 m2 of the living space on the boat is air-conditioned\/heated.<\/strong>\u00a05 double bedrooms, living room, winter garden, functional kitchen, sun decks at the stern and bow, Nordic hot tub and sauna.<\/p>\n<p>[\/et_pb_text][\/et_pb_column][\/et_pb_row][et_pb_row column_structure=\u00a0\u00bb1_2,1_2&Prime; make_equal=\u00a0\u00bbon\u00a0\u00bb _builder_version=\u00a0\u00bb4.16&Prime; _module_preset=\u00a0\u00bbdefault\u00a0\u00bb global_colors_info=\u00a0\u00bb{}\u00a0\u00bb][et_pb_column type=\u00a0\u00bb1_2&Prime; _builder_version=\u00a0\u00bb4.16&Prime; _module_preset=\u00a0\u00bbdefault\u00a0\u00bb global_colors_info=\u00a0\u00bb{}\u00a0\u00bb][et_pb_text admin_label=\u00a0\u00bbInfos pratiques\u00a0\u00bb _builder_version=\u00a0\u00bb4.22.2&Prime; _module_preset=\u00a0\u00bbdefault\u00a0\u00bb global_colors_info=\u00a0\u00bb{}\u00a0\u00bb]<\/p>\n<p><span style=\"color: #d0191c;\"><strong><u>Pratical information :<\/u><\/strong><\/span><\/p>\n<ul>\n<li>A fully equipped houseboat of 300 m2<\/li>\n<li>A municipal car park is close by (25 metres).<\/li>\n<li>Arrival time : 3pm &#8211; D\u00e9parture time : 12 noon<\/li>\n<li>Access with your QR code (check yourself in)<\/li>\n<li>12 guests max.<\/li>\n<li>Super-comfy beds made-up and the fluffiest, softest towels provided.<\/li>\n<\/ul>\n<p><span style=\"color: #d0191c;\"><strong><u>For your confort :<\/u><\/strong><\/span><\/p>\n<ul>\n<li>5 cabins all with king size ultra-comfortable beds, each with shower and toilet<\/li>\n<li>Professional hairdryers<\/li>\n<li>A safe for personal items<\/li>\n<li>Equipped kitchen<\/li>\n<li>Winter garden<\/li>\n<li>Large deck area with outdoor furniture<\/li>\n<li>Nordic Sauna and hot tub<\/li>\n<li>Utilities room with washing machine and dryer<\/li>\n<li>Smart ambient lighting<\/li>\n<li>Reversible air conditioning (cooling or heating)<\/li>\n<li>Secure bicycle garage next to La P\u00e9niche<\/li>\n<li>Pontoon for access to La P\u00e9niche direct from the river (eg. for transfers in the Taxi boat)<\/li>\n<\/ul>\n<p>&nbsp;<\/p>\n<p><strong style=\"color: #d0191c;\"><u>Smart &amp; Gadgets :<\/u><\/strong><\/p>\n<ul>\n<li>Smart pack (Ipad, Apple Music, Netflix, Molotov TV)<\/li>\n<li>High speed wifi<\/li>\n<li>Video projectorn<\/li>\n<li>Widescreen TV<\/li>\n<li>Sonos smart speaker<\/li>\n<li>Google home speaker<\/li>\n<li>Smart ambient lighting<\/li>\n<\/ul>\n<p>&nbsp;<\/p>\n<p><strong style=\"color: #d0191c;\"><u>For your convenience and use :<\/u><\/strong><\/p>\n<ul>\n<li>Induction hob, oven, microwave, fridge, freezer.<\/li>\n<li>Toaster<\/li>\n<li>Juicer<\/li>\n<li>Tableware and cutlery<\/li>\n<li>Kitchen kit (essentials for cooking)<\/li>\n<li>Hand sanitiser<\/li>\n<\/ul>\n<p>&nbsp;<\/p>\n<p><strong style=\"color: #d0191c;\"><u>The rules :<\/u><\/strong><\/p>\n<ul>\n<li>All necessary health and safety protocols are implemented to ensure your complete safety during your stay.<\/li>\n<li>The entire La P\u00e9niche is non-smoking, and animals are not allowed on board.<\/li>\n<li>Parties are strictly forbidden, and the total capacity is limited to 11 people and monitored by camera.<\/li>\n<li>Any breach of this rule will result in additional charges of 100 \u20ac per additional person and 100 \u20ac for intervention and cleaning (article 12 CGV LA PENICHE).We reserve the right to file a complaint against the person who made the booking.<\/li>\n<\/ul>\n<p>&nbsp;<\/p>\n<p>* If you are looking to organise an event, or you have a large group, please contact us for more information about hosting events on our other converted barge boats.<\/p>\n<ul>\n<li><span style=\"color: #d0191c;\"><strong><u>For your confort :<\/u><\/strong><\/span><\/li>\n<\/ul>\n<p><strong><u><span style=\"color: #ff0000;\">Digital equipements<\/span><br \/><\/u><\/strong><\/p>\n<ul>\n<li>Pack Connect\u00e9 (Ipad , Apple Music , Apple TV+)<\/li>\n<li>Connexion wifi haut d\u00e9bit<\/li>\n<li>Vid\u00e9oprojecteur<\/li>\n<li>\u00c9cran g\u00e9ant<\/li>\n<li>Enceintes connect\u00e9es Sonos<\/li>\n<li>Enceintes google home<\/li>\n<li>\u00c9clairage ambiance connect\u00e9e<\/li>\n<\/ul>\n<p><span style=\"color: #ff0000;\"><strong><u>\u00c0 votre disposition :<\/u><\/strong><\/span><\/p>\n<ul>\n<li>Cuisine equip\u00e9e<\/li>\n<li>Machine \u00e0 caf\u00e9 Nespresso (Dosette &amp; sucres offerts)<\/li>\n<li>Bouilloire (th\u00e9 bio Kusmi Tea offerts)<\/li>\n<li>Plaque \u00e0 induction, Micro-ondes , Four , Frigos , Cong\u00e9lateur<\/li>\n<li>Toster<\/li>\n<li>Presse agrumes<\/li>\n<li>Vaisselle (verres, assiettes, couverts, plats &#8230;)<\/li>\n<li>Kit Cuisine (Tout pour cuisiner)<\/li>\n<li>Gel hydro-alcoolique<\/li>\n<\/ul>\n<p><span style=\"color: #ff0000;\"><strong><u>R\u00e8gles :<\/u><\/strong><\/span><\/p>\n<ul>\n<li>Nos offres respectent les protocoles n\u00e9cessaires pour vous accueillir en toute s\u00e9curit\u00e9.<\/li>\n<li>Nous vous rappelons que l&rsquo;ensemble de La P\u00e9niche est non-fumeur et que nos amis les animaux sont interdits.<\/li>\n<li>Les f\u00eates sont strictement interdites et la capacit\u00e9 totale est limit\u00e9e \u00e0 11 personnes et contr\u00f4l\u00e9e par cam\u00e9ra.<\/li>\n<li><span style=\"font-size: 16px;\">Tout manquement \u00e0 cette r\u00e8gle engendrera un compl\u00e9ment de facturation de 100\u20ac par personne suppl\u00e9mentaire et 100\u20ac pour forfait d&rsquo;intervention et de nettoyage (article 12 CGV LA PENICHE). Nous nous r\u00e9servons le droit de porter plainte contre la personne qui a fait la r\u00e9servation.)<\/span><\/li>\n<\/ul>\n<p><u><a href=\"https:\/\/www.lapeniche.biz\/la-peniche-all-your-events\/\" target=\"_blank\" rel=\"noopener\">* Pour un \u00e9v\u00e8nement ou pour un groupe plus important, contactez nous pour oragnisez vos evenements sur nos Peniches\u00a0<\/a><\/u><\/p>\n<p>[\/et_pb_text][\/et_pb_column][et_pb_column type=\u00a0\u00bb1_2&Prime; _builder_version=\u00a0\u00bb4.16&Prime; _module_preset=\u00a0\u00bbdefault\u00a0\u00bb global_colors_info=\u00a0\u00bb{}\u00a0\u00bb][et_pb_gallery gallery_ids=\u00a0\u00bb1583,1584,1585,1720,1723,1727,1729,1737,1742,1747,1752,1771,1775,1777,1779,1782,1780,1783,1784,1792,1793,1794,1795,1797,1811,1812,1813,1814,1822,1823,1824,1825,1911,1917,1965,2054,2057,697&Prime; posts_number=\u00a0\u00bb25&Prime; show_title_and_caption=\u00a0\u00bboff\u00a0\u00bb _builder_version=\u00a0\u00bb4.16&Prime; _module_preset=\u00a0\u00bbdefault\u00a0\u00bb global_colors_info=\u00a0\u00bb{}\u00a0\u00bb][\/et_pb_gallery][\/et_pb_column][\/et_pb_row][et_pb_row module_class=\u00a0\u00bblp-rooms-info\u00a0\u00bb _builder_version=\u00a0\u00bb4.16&Prime; _module_preset=\u00a0\u00bbdefault\u00a0\u00bb global_colors_info=\u00a0\u00bb{}\u00a0\u00bb][et_pb_column type=\u00a0\u00bb4_4&Prime; _builder_version=\u00a0\u00bb4.16&Prime; _module_preset=\u00a0\u00bbdefault\u00a0\u00bb global_colors_info=\u00a0\u00bb{}\u00a0\u00bb][et_pb_text admin_label=\u00a0\u00bbNous vous rappelons&#8230;\u00a0\u00bb _builder_version=\u00a0\u00bb4.16&Prime; _module_preset=\u00a0\u00bbdefault\u00a0\u00bb global_colors_info=\u00a0\u00bb{}\u00a0\u00bb]<strong>Nous vous rappelons que l&rsquo;ensemble de nos Chambres sont non-fumeur et que les animaux sont interdits.<\/strong><br \/>\n<strong>Nous vous conseillons de commander votre extra Petit-d\u00e9jeuner, Entrez plus t\u00f4t , Sortez plus tard , massage , Spa pour un s\u00e9jour tout inclus.<\/strong><br \/>\n[\/et_pb_text][\/et_pb_column][\/et_pb_row][\/et_pb_section][et_pb_section fb_built=\u00a0\u00bb1&Prime; admin_label=\u00a0\u00bbSection Inscription Newsletter EN\u00a0\u00bb module_id=\u00a0\u00bblp-news-sub-section\u00a0\u00bb _builder_version=\u00a0\u00bb4.22.2&Prime; _module_preset=\u00a0\u00bbdefault\u00a0\u00bb global_module=\u00a0\u00bb8013&Prime; global_colors_info=\u00a0\u00bb{}\u00a0\u00bb][et_pb_row _builder_version=\u00a0\u00bb4.22.2&Prime; _module_preset=\u00a0\u00bbdefault\u00a0\u00bb global_colors_info=\u00a0\u00bb{}\u00a0\u00bb][et_pb_column type=\u00a0\u00bb4_4&Prime; _builder_version=\u00a0\u00bb4.22.2&Prime; _module_preset=\u00a0\u00bbdefault\u00a0\u00bb global_colors_info=\u00a0\u00bb{}\u00a0\u00bb][et_pb_text admin_label=\u00a0\u00bbSubscribe to our newsletter\u00a0\u00bb _builder_version=\u00a0\u00bb4.22.2&Prime; _module_preset=\u00a0\u00bbdefault\u00a0\u00bb global_colors_info=\u00a0\u00bb{}\u00a0\u00bb]<\/p>\n<h2 style=\"text-align: center;\">Subscribe to our newsletter :<\/h2>\n<script>(function() {\n\twindow.mc4wp = window.mc4wp || {\n\t\tlisteners: [],\n\t\tforms: {\n\t\t\ton: function(evt, cb) {\n\t\t\t\twindow.mc4wp.listeners.push(\n\t\t\t\t\t{\n\t\t\t\t\t\tevent   : evt,\n\t\t\t\t\t\tcallback: cb\n\t\t\t\t\t}\n\t\t\t\t);\n\t\t\t}\n\t\t}\n\t}\n})();\n<\/script><!-- Mailchimp for WordPress v4.12.3 - https:\/\/wordpress.org\/plugins\/mailchimp-for-wp\/ --><form id=\"mc4wp-form-1\" class=\"mc4wp-form mc4wp-form-8007\" method=\"post\" data-id=\"8007\" data-name=\"Inscription newsletter La P\u00e9niche\" ><div class=\"mc4wp-form-fields\"><p>\r\n\t<label>\r\n\t\t<input type=\"email\" name=\"EMAIL\" placeholder=\"Votre adresse e-mail\" required \/>\r\n<\/label>\r\n<input type=\"submit\" value=\"S'abonner\" \/>\r\n<\/p><\/div><label style=\"display: none !important;\">Laissez ce champ vide si vous \u00eates humain\u00a0: <input type=\"text\" name=\"_mc4wp_honeypot\" value=\"\" tabindex=\"-1\" autocomplete=\"off\" \/><\/label><input type=\"hidden\" name=\"_mc4wp_timestamp\" value=\"1778549653\" \/><input type=\"hidden\" name=\"_mc4wp_form_id\" value=\"8007\" \/><input type=\"hidden\" name=\"_mc4wp_form_element_id\" value=\"mc4wp-form-1\" \/><div class=\"mc4wp-response\"><\/div><\/form><!-- \/ Mailchimp for WordPress Plugin -->\n<p>[\/et_pb_text][\/et_pb_column][\/et_pb_row][\/et_pb_section]<\/p>\n","protected":false},"excerpt":{"rendered":"<p>[et_pb_section fb_built=\u00a0\u00bb1&Prime; fullwidth=\u00a0\u00bbon\u00a0\u00bb module_id=\u00a0\u00bbslider-header-home\u00a0\u00bb _builder_version=\u00a0\u00bb4.16&Prime; _module_preset=\u00a0\u00bbdefault\u00a0\u00bb global_colors_info=\u00a0\u00bb{}\u00a0\u00bb][et_pb_fullwidth_slider show_pagination=\u00a0\u00bboff\u00a0\u00bb _builder_version=\u00a0\u00bb4.22.2&Prime; _module_preset=\u00a0\u00bbdefault\u00a0\u00bb auto=\u00a0\u00bbon\u00a0\u00bb global_colors_info=\u00a0\u00bb{}\u00a0\u00bb][et_pb_slide _builder_version=\u00a0\u00bb4.22.2&Prime; _module_preset=\u00a0\u00bbdefault\u00a0\u00bb header_level=\u00a0\u00bbh1&Prime; header_text_align=\u00a0\u00bbcenter\u00a0\u00bb background_enable_color=\u00a0\u00bboff\u00a0\u00bb background_image=\u00a0\u00bbhttps:\/\/www.lapeniche.biz\/la-peniche-bed-and-bicycle\/wp-content\/uploads\/sites\/5\/2021\/09\/IMG_0222-scaled.jpeg\u00a0\u00bb background_enable_image=\u00a0\u00bbon\u00a0\u00bb text_orientation=\u00a0\u00bbcenter\u00a0\u00bb global_colors_info=\u00a0\u00bb{}\u00a0\u00bb sticky_transition=\u00a0\u00bbon\u00a0\u00bb] PRIVATIZE LA PENICHE &#8230; from 114 \u20ac\/day\/person [\/et_pb_slide][et_pb_slide _builder_version=\u00a0\u00bb4.16&Prime; _module_preset=\u00a0\u00bbdefault\u00a0\u00bb header_level=\u00a0\u00bbh1&Prime; header_text_align=\u00a0\u00bbcenter\u00a0\u00bb background_enable_color=\u00a0\u00bboff\u00a0\u00bb background_image=\u00a0\u00bbhttps:\/\/www.lapeniche.biz\/la-peniche-bed-and-bicycle\/wp-content\/uploads\/sites\/5\/2021\/10\/la-peniche-cabine.jpg\u00a0\u00bb background_enable_image=\u00a0\u00bbon\u00a0\u00bb text_orientation=\u00a0\u00bbcenter\u00a0\u00bb global_colors_info=\u00a0\u00bb{}\u00a0\u00bb sticky_transition=\u00a0\u00bbon\u00a0\u00bb] VIVEZ UNE EXPERIENCE EXTRAORDINAIRE [\/et_pb_slide][et_pb_slide _builder_version=\u00a0\u00bb4.16&Prime; _module_preset=\u00a0\u00bbdefault\u00a0\u00bb header_level=\u00a0\u00bbh1&Prime; header_text_align=\u00a0\u00bbcenter\u00a0\u00bb background_enable_color=\u00a0\u00bboff\u00a0\u00bb background_image=\u00a0\u00bbhttps:\/\/www.lapeniche.biz\/la-peniche-bed-and-bicycle\/wp-content\/uploads\/sites\/5\/2021\/09\/IMG_0163-scaled.jpeg\u00a0\u00bb background_enable_image=\u00a0\u00bbon\u00a0\u00bb text_orientation=\u00a0\u00bbcenter\u00a0\u00bb global_colors_info=\u00a0\u00bb{}\u00a0\u00bb sticky_transition=\u00a0\u00bbon\u00a0\u00bb] [&hellip;]<\/p>\n","protected":false},"author":1,"featured_media":0,"parent":0,"menu_order":0,"comment_status":"closed","ping_status":"closed","template":"","meta":{"_et_pb_use_builder":"on","_et_pb_old_content":"","_et_gb_content_width":"","footnotes":""},"class_list":["post-3765","page","type-page","status-publish","hentry"],"_links":{"self":[{"href":"https:\/\/www.lapeniche.biz\/la-peniche-bed-and-bicycle\/wp-json\/wp\/v2\/pages\/3765","targetHints":{"allow":["GET"]}}],"collection":[{"href":"https:\/\/www.lapeniche.biz\/la-peniche-bed-and-bicycle\/wp-json\/wp\/v2\/pages"}],"about":[{"href":"https:\/\/www.lapeniche.biz\/la-peniche-bed-and-bicycle\/wp-json\/wp\/v2\/types\/page"}],"author":[{"embeddable":true,"href":"https:\/\/www.lapeniche.biz\/la-peniche-bed-and-bicycle\/wp-json\/wp\/v2\/users\/1"}],"replies":[{"embeddable":true,"href":"https:\/\/www.lapeniche.biz\/la-peniche-bed-and-bicycle\/wp-json\/wp\/v2\/comments?post=3765"}],"version-history":[{"count":5,"href":"https:\/\/www.lapeniche.biz\/la-peniche-bed-and-bicycle\/wp-json\/wp\/v2\/pages\/3765\/revisions"}],"predecessor-version":[{"id":9479,"href":"https:\/\/www.lapeniche.biz\/la-peniche-bed-and-bicycle\/wp-json\/wp\/v2\/pages\/3765\/revisions\/9479"}],"wp:attachment":[{"href":"https:\/\/www.lapeniche.biz\/la-peniche-bed-and-bicycle\/wp-json\/wp\/v2\/media?parent=3765"}],"curies":[{"name":"wp","href":"https:\/\/api.w.org\/{rel}","templated":true}]}}