{"id":4530,"date":"2023-02-06T18:45:44","date_gmt":"2023-02-06T17:45:44","guid":{"rendered":"https:\/\/www.lapeniche.biz\/la-peniche-bed-and-bicycle\/?page_id=4530"},"modified":"2025-03-13T18:13:48","modified_gmt":"2025-03-13T17:13:48","slug":"a-propos","status":"publish","type":"page","link":"https:\/\/www.lapeniche.biz\/la-peniche-bed-and-bicycle\/a-propos\/","title":{"rendered":"a propos"},"content":{"rendered":"<p>[et_pb_section fb_built=\u00a0\u00bb1&Prime; fullwidth=\u00a0\u00bbon\u00a0\u00bb module_id=\u00a0\u00bbslider-header-home\u00a0\u00bb _builder_version=\u00a0\u00bb4.16&Prime; _module_preset=\u00a0\u00bbdefault\u00a0\u00bb global_colors_info=\u00a0\u00bb{}\u00a0\u00bb][et_pb_fullwidth_slider _builder_version=\u00a0\u00bb4.22.2&Prime; _module_preset=\u00a0\u00bbdefault\u00a0\u00bb global_colors_info=\u00a0\u00bb{}\u00a0\u00bb][et_pb_slide heading=\u00a0\u00bbA PROPOS\u00a0\u00bb _builder_version=\u00a0\u00bb4.22.2&Prime; _module_preset=\u00a0\u00bbdefault\u00a0\u00bb background_enable_color=\u00a0\u00bboff\u00a0\u00bb background_image=\u00a0\u00bbhttps:\/\/www.lapeniche.biz\/la-peniche-bed-and-bicycle\/wp-content\/uploads\/sites\/5\/2023\/01\/La-Penichex1000.jpg\u00a0\u00bb background_enable_image=\u00a0\u00bbon\u00a0\u00bb global_colors_info=\u00a0\u00bb{}\u00a0\u00bb sticky_transition=\u00a0\u00bbon\u00a0\u00bb][\/et_pb_slide][\/et_pb_fullwidth_slider][et_pb_fullwidth_code admin_label=\u00a0\u00bbBouton bon cadeau\u00a0\u00bb _builder_version=\u00a0\u00bb4.13.1&Prime; _module_preset=\u00a0\u00bbdefault\u00a0\u00bb global_module=\u00a0\u00bb2940&Prime; global_colors_info=\u00a0\u00bb{}\u00a0\u00bb]<a href=\"https:\/\/www.lapeniche.biz\/la-peniche-bed-and-bicycle\/boutique#lp-bons-cadeaux\" title=\"Bon cadeau\" class=\"btn-gift\"><!-- [et_pb_line_break_holder] -->\tBon cadeau<!-- [et_pb_line_break_holder] --><\/a>[\/et_pb_fullwidth_code][et_pb_fullwidth_code admin_label=\u00a0\u00bbBouton reservation &#8211; choix P\u00e9niche SideBar\u00a0\u00bb module_class=\u00a0\u00bbbooking-trigger\u00a0\u00bb _builder_version=\u00a0\u00bb4.22.2&Prime; z_index_tablet=\u00a0\u00bb500&Prime; custom_css_main_element=\u00a0\u00bbz-index:100;\u00a0\u00bb saved_tabs=\u00a0\u00bball\u00a0\u00bb global_colors_info=\u00a0\u00bb{}\u00a0\u00bb global_module=\u00a0\u00bb878&Prime; theme_builder_area=\u00a0\u00bbpost_content\u00a0\u00bb]<a class=\"btn-booking\" href=\"#\" rel=\"noopener\">R\u00e9server<\/a> <!-- [et_pb_line_break_holder] --><\/p>\n<div class=\"lp-sidebar-reservation\"><!-- [et_pb_line_break_holder] -->  <\/p>\n<div class=\"lp-sideba-header\"><!-- [et_pb_line_break_holder] -->    <\/p>\n<div class=\"lp-sidebar-close\"><!-- [et_pb_line_break_holder] -->      X<!-- [et_pb_line_break_holder] -->    <\/div>\n<p><!-- [et_pb_line_break_holder] -->  <\/div>\n<p><!-- [et_pb_line_break_holder] -->  <\/p>\n<div class=\"lp-sidebar-title\"><!-- [et_pb_line_break_holder] -->    R\u00e9server une PENICHE<!-- [et_pb_line_break_holder] -->  <\/div>\n<p><!-- [et_pb_line_break_holder] -->  <\/p>\n<form id=\"lp-form-select-peniche\"><!-- [et_pb_line_break_holder] -->    <select name=\"peniche\" id=\"lp-select-peniche\" required=\"required\"><!-- [et_pb_line_break_holder] --><option disabled selected value> &#8212; Choisir sa PENICHE &#8212; <\/option><!-- [et_pb_line_break_holder] --><option value=\"tournon\">LA PENICHE &#8211; Tournon-sur-rh\u00f4ne<\/option><!-- [et_pb_line_break_holder] --><option value=\"vienne\">LA PENICHE &#8211; Vienne<\/option><!-- [et_pb_line_break_holder] --><option value=\"aigues\">LA PENICHE &#8211; Aigues Mortes<\/option><!-- [et_pb_line_break_holder] -->    <\/select><!-- [et_pb_line_break_holder] -->    <label for=\"arrivee\">Date arriv\u00e9e :<\/label><!-- [et_pb_line_break_holder] -->\t\t<input type=\"text\" id=\"arrivee\" name=\"arrivee\" placeholder=\"Date d'arriv\u00e9e\" class=\"datepicker arrivee\"><!-- [et_pb_line_break_holder] -->    <label for=\"depart\">Date de d\u00e9part :<\/label><!-- [et_pb_line_break_holder] -->    <input type=\"text\" id=\"depart\" name=\"depart\" placeholder=\"Date de d\u00e9part\" class=\"datepicker depart\"><!-- [et_pb_line_break_holder] -->    <label for=\"code_promo\">Code promo :<\/label><!-- [et_pb_line_break_holder] -->    <input type=\"text\" id=\"code_promo\" name=\"code_promo\" placeholder=\"Code Promo\" \/><!-- [et_pb_line_break_holder] -->    <a class=\"lp-resa-validate\" href=\"#\" rel=\"noopener\">V\u00e9rifier les disponibilit\u00e9s<\/a><!-- [et_pb_line_break_holder] -->  <\/form>\n<p><!-- [et_pb_line_break_holder] --><\/div>\n<p>   [\/et_pb_fullwidth_code][\/et_pb_section][et_pb_section fb_built=\u00a0\u00bb1&Prime; _builder_version=\u00a0\u00bb4.16&Prime; _module_preset=\u00a0\u00bbdefault\u00a0\u00bb global_colors_info=\u00a0\u00bb{}\u00a0\u00bb][et_pb_row module_id=\u00a0\u00bbpress-articles-row\u00a0\u00bb _builder_version=\u00a0\u00bb4.16&Prime; _module_preset=\u00a0\u00bbdefault\u00a0\u00bb global_colors_info=\u00a0\u00bb{}\u00a0\u00bb][et_pb_column type=\u00a0\u00bb4_4&Prime; _builder_version=\u00a0\u00bb4.16&Prime; _module_preset=\u00a0\u00bbdefault\u00a0\u00bb global_colors_info=\u00a0\u00bb{}\u00a0\u00bb][et_pb_text admin_label=\u00a0\u00bbNOTRE IDEE&#8230;\u00a0\u00bb module_id=\u00a0\u00bbnotre-idee\u00a0\u00bb _builder_version=\u00a0\u00bb4.19.5&Prime; _module_preset=\u00a0\u00bbdefault\u00a0\u00bb global_colors_info=\u00a0\u00bb{}\u00a0\u00bb]<\/p>\n<h2 style=\"text-align: center;\"><span style=\"font-size: 24pt;\">CONCEPT<\/span><\/h2>\n<p><span style=\"font-size: 18pt;\">LA PENICHE [Bed and Bicycle] est un v\u00e9ritable lieu de vie atypique, insolite et authentique.<\/span><\/p>\n<p><span style=\"font-size: 18pt;\">Une exp\u00e9rience unique au fil de l\u2019eau, pour vous offrir des nuits et moments inoubliables dans un esprit \u00ab\u00a0Slow Life*\u00a0\u00bb \u00e0 bord de LA PENICHE.<\/span><\/p>\n<p><span style=\"font-size: 18pt;\">LA PENICHE [Bed and Bicycle] pour des escales fluviales d\u2019exception le long du Rh\u00f4ne, sur la voie verte \u00ab ViaRh\u00f4na \u00bb, pour accueillir une client\u00e8le d\u2019escale et itin\u00e9rante \u00e0 v\u00e9lo.<\/span><\/p>\n<p><span style=\"font-size: 18pt;\"><\/span><\/p>\n<p><span style=\"font-size: 18pt;\"><\/span><\/p>\n<p><span style=\"font-size: 18pt;\">Vivez l\u2019exp\u00e9rience LA PENICHE en toute libert\u00e9 et autonomie &#8230;R\u00e9servez en ligne votre cabine, recevez votre cl\u00e9s digitale (QR Code) et Entrez comme si vous \u00e9tiez chez vous \u2026<\/span><\/p>\n<p><span style=\"font-size: 18pt;\"><\/span><\/p>\n<p><span style=\"font-size: 18pt;\"><\/span><\/p>\n<p><span style=\"font-size: 12pt;\"><em>*La \u00ab slow life \u00bb est un mode de vie, une philosophie qui invite \u00e0 ralentir \u00e0 profiter de l\u2019instant pr\u00e9sent, en favorisant les moments de qualit\u00e9 avec nous-m\u00eames et avec nos proches.<\/em><\/span><\/p>\n<p>[\/et_pb_text][et_pb_text admin_label=\u00a0\u00bbA PROPOS DE LA PENICHE\u00a0\u00bb module_id=\u00a0\u00bba-propos\u00a0\u00bb _builder_version=\u00a0\u00bb4.22.2&Prime; _module_preset=\u00a0\u00bbdefault\u00a0\u00bb global_colors_info=\u00a0\u00bb{}\u00a0\u00bb]<\/p>\n<h2 style=\"text-align: center;\"><span style=\"font-size: 24pt;\">Histoire<\/span><\/h2>\n<p><span style=\"font-size: 18pt;\">LA PENICHE [Bed and Bicycle] est un v\u00e9ritable lieu de vie atypique, insolite et authentique.<\/span><\/p>\n<h1><span style=\"font-size: 18px;\">L&rsquo;histoire de LA P\u00c9NICHE <a href=\"https:\/\/www.lapeniche.biz\/la-peniche-bed-and-bicycle\/\">[Bed and Bicycle]<\/a> remonte \u00e0 2013, lorsque David Faure a entrepris la transformation de sa premi\u00e8re p\u00e9niche, [All Your Events], \u00e0 Tain-l\u2019Hermitage, sur les rives du Rh\u00f4ne. Ce projet initial marque le d\u00e9but d&rsquo;une aventure passionnante, associant l&rsquo;\u00e9l\u00e9gance du patrimoine fluvial \u00e0 l&rsquo;art de vivre sur l\u2019eau. L\u2019ann\u00e9e suivante, une deuxi\u00e8me p\u00e9niche, [Slow Food Caf\u00e9], voit le jour \u00e0 Tournon-sur-Rh\u00f4ne, devenant rapidement un lieu embl\u00e9matique gr\u00e2ce \u00e0 son engagement pour une cuisine locale et durable.<\/span><\/h1>\n<p><span style=\"font-size: 18px;\">En 2017, David Faure fait une travers\u00e9e de l\u2019Atlantique \u00e0 la voile, une exp\u00e9rience marquante qui l&rsquo;am\u00e8ne \u00e0 passer 100 jours par an en mer. \u00c0 son retour, il d\u00e9cide de parcourir la <a href=\"https:\/\/www.viarhona.com\/\">ViaRh\u00f4na<\/a> \u00e0 v\u00e9lo, du lac L\u00e9man \u00e0 la M\u00e9diterran\u00e9e, accompagn\u00e9 de son fid\u00e8le labrador Paco. C\u2019est lors de ce p\u00e9riple que l\u2019id\u00e9e de LA P\u00c9NICHE [Bed and Bicycle] prend forme, alliant ses deux passions : la navigation et le cyclotourisme.<\/span><\/p>\n<p><span style=\"font-size: 18px;\">Le concept prend vie en 2022 avec une premi\u00e8re escale \u00e0 Tournon-sur-Rh\u00f4ne, suivie de Vienne en 2023, puis d&rsquo;Aigues-Mortes en 2024. D\u2019autres escales sont d\u00e9j\u00e0 pr\u00e9vues \u00e0 Lyon, Avignon et Arles dans les prochaines ann\u00e9es.<\/span><\/p>\n<p>&nbsp;<\/p>\n<p><span style=\"font-size: 12pt;\"><em>*La \u00ab slow life \u00bb est un mode de vie, une philosophie qui invite a ralentir a profiter de l\u2019instant pre\u0301sent, en favorisant les moments de qualite\u0301 avec nous-me\u0302mes et avec nos proches.\u00a0<\/em><\/span><\/p>\n<p>[\/et_pb_text][\/et_pb_column][\/et_pb_row][\/et_pb_section][et_pb_section fb_built=\u00a0\u00bb1&Prime; module_class=\u00a0\u00bbservices-section\u00a0\u00bb _builder_version=\u00a0\u00bb4.16&Prime; global_module=\u00a0\u00bb4579&Prime; saved_tabs=\u00a0\u00bball\u00a0\u00bb global_colors_info=\u00a0\u00bb{}\u00a0\u00bb][et_pb_row _builder_version=\u00a0\u00bb4.16&Prime; background_size=\u00a0\u00bbinitial\u00a0\u00bb background_position=\u00a0\u00bbtop_left\u00a0\u00bb background_repeat=\u00a0\u00bbrepeat\u00a0\u00bb global_colors_info=\u00a0\u00bb{}\u00a0\u00bb][et_pb_column type=\u00a0\u00bb4_4&Prime; _builder_version=\u00a0\u00bb4.16&Prime; custom_padding=\u00a0\u00bb|||\u00a0\u00bb global_colors_info=\u00a0\u00bb{}\u00a0\u00bb custom_padding__hover=\u00a0\u00bb|||\u00a0\u00bb][et_pb_text admin_label=\u00a0\u00bbNos P\u00e9niches\u00a0\u00bb _builder_version=\u00a0\u00bb4.16&Prime; z_index_tablet=\u00a0\u00bb500&Prime; global_colors_info=\u00a0\u00bb{}\u00a0\u00bb]<\/p>\n<h2 style=\"text-align: center;\">Nos Activit\u00e9s sur l&rsquo;eau &#8230;<\/h2>\n<p>[\/et_pb_text][\/et_pb_column][\/et_pb_row][et_pb_row column_structure=\u00a0\u00bb1_5,1_5,1_5,1_5,1_5&Prime; make_equal=\u00a0\u00bbon\u00a0\u00bb module_class=\u00a0\u00bbservices-line\u00a0\u00bb _builder_version=\u00a0\u00bb4.16&Prime; global_colors_info=\u00a0\u00bb{}\u00a0\u00bb][et_pb_column type=\u00a0\u00bb1_5&Prime; _builder_version=\u00a0\u00bb4.16&Prime; custom_padding=\u00a0\u00bb|||\u00a0\u00bb global_colors_info=\u00a0\u00bb{}\u00a0\u00bb custom_padding__hover=\u00a0\u00bb|||\u00a0\u00bb][et_pb_text admin_label=\u00a0\u00bbArchitecture marine\u00a0\u00bb _builder_version=\u00a0\u00bb4.19.5&Prime; link_option_url=\u00a0\u00bbhttps:\/\/www.lapeniche.biz\/la-peniche-build-on-water\u00a0\u00bb z_index_tablet=\u00a0\u00bb500&Prime; global_colors_info=\u00a0\u00bb{}\u00a0\u00bb]<\/p>\n<h3 style=\"text-align: center;\"><span style=\"font-size: 12pt;\"><img loading=\"lazy\" decoding=\"async\" class=\"aligncenter wp-image-934\" src=\"https:\/\/www.lapeniche.biz\/la-peniche-bed-and-bicycle\/wp-content\/uploads\/sites\/5\/2021\/06\/favicon-bow.png\" alt=\"Build On Water - Construction\" width=\"120\" height=\"120\" \/>Construction<\/span><\/h3>\n<p>[\/et_pb_text][\/et_pb_column][et_pb_column type=\u00a0\u00bb1_5&Prime; _builder_version=\u00a0\u00bb4.16&Prime; custom_padding=\u00a0\u00bb|||\u00a0\u00bb global_colors_info=\u00a0\u00bb{}\u00a0\u00bb custom_padding__hover=\u00a0\u00bb|||\u00a0\u00bb][et_pb_text admin_label=\u00a0\u00bb\u00e9v\u00e8nements\u00a0\u00bb _builder_version=\u00a0\u00bb4.19.5&Prime; link_option_url=\u00a0\u00bbhttps:\/\/www.lapeniche.biz\/la-peniche-all-your-events\/\u00a0\u00bb z_index_tablet=\u00a0\u00bb500&Prime; global_colors_info=\u00a0\u00bb{}\u00a0\u00bb]<\/p>\n<h3 style=\"text-align: center;\"><span style=\"font-size: 12pt;\"><img loading=\"lazy\" decoding=\"async\" class=\"wp-image-4994 size-medium aligncenter\" src=\"https:\/\/www.lapeniche.biz\/la-peniche-bed-and-bicycle\/wp-content\/uploads\/sites\/5\/2023\/02\/favicon-aye-2023-300x300.png\" alt=\"\" width=\"120\" height=\"120\" \/>Ev\u00e8nement<\/span><\/h3>\n<p>[\/et_pb_text][\/et_pb_column][et_pb_column type=\u00a0\u00bb1_5&Prime; _builder_version=\u00a0\u00bb4.16&Prime; custom_padding=\u00a0\u00bb|||\u00a0\u00bb global_colors_info=\u00a0\u00bb{}\u00a0\u00bb custom_padding__hover=\u00a0\u00bb|||\u00a0\u00bb][et_pb_text admin_label=\u00a0\u00bbCaf\u00e9\u00a0\u00bb _builder_version=\u00a0\u00bb4.19.5&Prime; link_option_url=\u00a0\u00bbhttps:\/\/www.lapeniche.biz\/la-peniche-slow-food-cafe\/\u00a0\u00bb z_index_tablet=\u00a0\u00bb500&Prime; global_colors_info=\u00a0\u00bb{}\u00a0\u00bb]<\/p>\n<h3 style=\"text-align: center;\"><span style=\"font-size: 12pt;\"><img loading=\"lazy\" decoding=\"async\" class=\"alignnone wp-image-3525\" src=\"https:\/\/www.lapeniche.biz\/la-peniche-bed-and-bicycle\/wp-content\/uploads\/sites\/5\/2021\/12\/image-300x300.png\" alt=\"\" width=\"120\" height=\"120\" \/><br \/>Caf\u00e9<\/span><\/h3>\n<p>[\/et_pb_text][\/et_pb_column][et_pb_column type=\u00a0\u00bb1_5&Prime; _builder_version=\u00a0\u00bb4.16&Prime; custom_padding=\u00a0\u00bb|||\u00a0\u00bb global_colors_info=\u00a0\u00bb{}\u00a0\u00bb custom_padding__hover=\u00a0\u00bb|||\u00a0\u00bb][et_pb_text admin_label=\u00a0\u00bbH\u00f4tel\u00a0\u00bb _builder_version=\u00a0\u00bb4.20.4&Prime; link_option_url=\u00a0\u00bbhttps:\/\/www.lapeniche.biz\/la-peniche-bed-and-bicycle\u00a0\u00bb z_index_tablet=\u00a0\u00bb500&Prime; global_colors_info=\u00a0\u00bb{}\u00a0\u00bb]<\/p>\n<h3 style=\"text-align: center;\"><span style=\"font-size: 12pt;\"><img loading=\"lazy\" decoding=\"async\" class=\"aligncenter wp-image-582 size-full\" src=\"https:\/\/www.lapeniche.biz\/la-peniche-bed-and-bicycle\/wp-content\/uploads\/sites\/5\/2021\/05\/favicon-bb-e1646415462922.png\" alt=\"La P\u00e9niche Bed &amp; Bicycle\" width=\"120\" height=\"120\" \/>H\u00f4tel<\/span><\/h3>\n<p>[\/et_pb_text][\/et_pb_column][et_pb_column type=\u00a0\u00bb1_5&Prime; _builder_version=\u00a0\u00bb4.16&Prime; custom_padding=\u00a0\u00bb|||\u00a0\u00bb global_colors_info=\u00a0\u00bb{}\u00a0\u00bb custom_padding__hover=\u00a0\u00bb|||\u00a0\u00bb][et_pb_text admin_label=\u00a0\u00bbCroisi\u00e8re\u00a0\u00bb _builder_version=\u00a0\u00bb4.19.5&Prime; link_option_url=\u00a0\u00bbhttps:\/\/www.lapeniche.biz\/la-peniche-french-luxury-cuise\/\u00a0\u00bb z_index_tablet=\u00a0\u00bb500&Prime; global_colors_info=\u00a0\u00bb{}\u00a0\u00bb]<\/p>\n<h3 style=\"text-align: center;\"><span style=\"font-size: 12pt;\"><img loading=\"lazy\" decoding=\"async\" class=\"wp-image-4605 size-full aligncenter\" src=\"https:\/\/www.lapeniche.biz\/la-peniche-bed-and-bicycle\/wp-content\/uploads\/sites\/5\/2023\/02\/french-luxury-cruise.png\" alt=\"\" width=\"115\" height=\"115\" srcset=\"https:\/\/www.lapeniche.biz\/la-peniche-bed-and-bicycle\/wp-content\/uploads\/sites\/5\/2023\/02\/french-luxury-cruise.png 120w, https:\/\/www.lapeniche.biz\/la-peniche-bed-and-bicycle\/wp-content\/uploads\/sites\/5\/2023\/02\/french-luxury-cruise-100x100.png 100w\" sizes=\"auto, (max-width: 115px) 100vw, 115px\" \/>Croisi\u00e8re<\/span><\/h3>\n<p>[\/et_pb_text][\/et_pb_column][\/et_pb_row][\/et_pb_section][et_pb_section fb_built=\u00a0\u00bb1&Prime; admin_label=\u00a0\u00bbSection Inscription Newsletter FR\u00a0\u00bb module_id=\u00a0\u00bblp-news-sub-section\u00a0\u00bb _builder_version=\u00a0\u00bb4.22.2&Prime; _module_preset=\u00a0\u00bbdefault\u00a0\u00bb global_module=\u00a0\u00bb8009&Prime; global_colors_info=\u00a0\u00bb{}\u00a0\u00bb][et_pb_row _builder_version=\u00a0\u00bb4.22.2&Prime; _module_preset=\u00a0\u00bbdefault\u00a0\u00bb global_colors_info=\u00a0\u00bb{}\u00a0\u00bb][et_pb_column type=\u00a0\u00bb4_4&Prime; _builder_version=\u00a0\u00bb4.22.2&Prime; _module_preset=\u00a0\u00bbdefault\u00a0\u00bb global_colors_info=\u00a0\u00bb{}\u00a0\u00bb][et_pb_text admin_label=\u00a0\u00bbInscrivez-vous \u00e0 la newsletter\u00a0\u00bb _builder_version=\u00a0\u00bb4.22.2&Prime; _module_preset=\u00a0\u00bbdefault\u00a0\u00bb global_colors_info=\u00a0\u00bb{}\u00a0\u00bb]<\/p>\n<h2 style=\"text-align: center;\">Inscrivez-vous \u00e0 notre newsletter :<\/h2>\n<script>(function() {\n\twindow.mc4wp = window.mc4wp || {\n\t\tlisteners: [],\n\t\tforms: {\n\t\t\ton: function(evt, cb) {\n\t\t\t\twindow.mc4wp.listeners.push(\n\t\t\t\t\t{\n\t\t\t\t\t\tevent   : evt,\n\t\t\t\t\t\tcallback: cb\n\t\t\t\t\t}\n\t\t\t\t);\n\t\t\t}\n\t\t}\n\t}\n})();\n<\/script><!-- Mailchimp for WordPress v4.12.1 - https:\/\/wordpress.org\/plugins\/mailchimp-for-wp\/ --><form id=\"mc4wp-form-1\" class=\"mc4wp-form mc4wp-form-8007\" method=\"post\" data-id=\"8007\" data-name=\"Inscription newsletter La P\u00e9niche\" ><div class=\"mc4wp-form-fields\"><p>\r\n\t<label>\r\n\t\t<input type=\"email\" name=\"EMAIL\" placeholder=\"Votre adresse e-mail\" required \/>\r\n<\/label>\r\n<input type=\"submit\" value=\"S'abonner\" \/>\r\n<\/p><\/div><label style=\"display: none !important;\">Laissez ce champ vide si vous \u00eates humain\u00a0: <input type=\"text\" name=\"_mc4wp_honeypot\" value=\"\" tabindex=\"-1\" autocomplete=\"off\" \/><\/label><input type=\"hidden\" name=\"_mc4wp_timestamp\" value=\"1776379053\" \/><input type=\"hidden\" name=\"_mc4wp_form_id\" value=\"8007\" \/><input type=\"hidden\" name=\"_mc4wp_form_element_id\" value=\"mc4wp-form-1\" \/><div class=\"mc4wp-response\"><\/div><\/form><!-- \/ Mailchimp for WordPress Plugin -->\n<p>[\/et_pb_text][\/et_pb_column][\/et_pb_row][\/et_pb_section]<\/p>\n","protected":false},"excerpt":{"rendered":"<p>CONCEPT LA PENICHE [Bed and Bicycle] est un v\u00e9ritable lieu de vie atypique, insolite et authentique. Une exp\u00e9rience unique au fil de l\u2019eau, pour vous offrir des nuits et moments inoubliables dans un esprit \u00ab\u00a0Slow Life*\u00a0\u00bb \u00e0 bord de LA PENICHE. LA PENICHE [Bed and Bicycle] pour des escales fluviales d\u2019exception le long du Rh\u00f4ne, [&hellip;]<\/p>\n","protected":false},"author":1,"featured_media":0,"parent":0,"menu_order":0,"comment_status":"closed","ping_status":"closed","template":"","meta":{"_et_pb_use_builder":"on","_et_pb_old_content":"","_et_gb_content_width":"","footnotes":""},"class_list":["post-4530","page","type-page","status-publish","hentry"],"_links":{"self":[{"href":"https:\/\/www.lapeniche.biz\/la-peniche-bed-and-bicycle\/wp-json\/wp\/v2\/pages\/4530","targetHints":{"allow":["GET"]}}],"collection":[{"href":"https:\/\/www.lapeniche.biz\/la-peniche-bed-and-bicycle\/wp-json\/wp\/v2\/pages"}],"about":[{"href":"https:\/\/www.lapeniche.biz\/la-peniche-bed-and-bicycle\/wp-json\/wp\/v2\/types\/page"}],"author":[{"embeddable":true,"href":"https:\/\/www.lapeniche.biz\/la-peniche-bed-and-bicycle\/wp-json\/wp\/v2\/users\/1"}],"replies":[{"embeddable":true,"href":"https:\/\/www.lapeniche.biz\/la-peniche-bed-and-bicycle\/wp-json\/wp\/v2\/comments?post=4530"}],"version-history":[{"count":5,"href":"https:\/\/www.lapeniche.biz\/la-peniche-bed-and-bicycle\/wp-json\/wp\/v2\/pages\/4530\/revisions"}],"predecessor-version":[{"id":9493,"href":"https:\/\/www.lapeniche.biz\/la-peniche-bed-and-bicycle\/wp-json\/wp\/v2\/pages\/4530\/revisions\/9493"}],"wp:attachment":[{"href":"https:\/\/www.lapeniche.biz\/la-peniche-bed-and-bicycle\/wp-json\/wp\/v2\/media?parent=4530"}],"curies":[{"name":"wp","href":"https:\/\/api.w.org\/{rel}","templated":true}]}}