{"id":4560,"date":"2023-02-12T11:48:15","date_gmt":"2023-02-12T10:48:15","guid":{"rendered":"https:\/\/www.lapeniche.biz\/la-peniche-bed-and-bicycle\/?page_id=4560"},"modified":"2023-10-30T17:40:56","modified_gmt":"2023-10-30T16:40:56","slug":"chambre-4","status":"publish","type":"page","link":"https:\/\/www.lapeniche.biz\/la-peniche-bed-and-bicycle\/la-peniche-vienne\/nos-cabines\/chambre-4\/","title":{"rendered":"Chambre 4 (Vienne)"},"content":{"rendered":"<p>[et_pb_section fb_built=\u00a0\u00bb1&Prime; fullwidth=\u00a0\u00bbon\u00a0\u00bb module_id=\u00a0\u00bbslider-header-home\u00a0\u00bb module_class=\u00a0\u00bblp-vienne\u00a0\u00bb _builder_version=\u00a0\u00bb4.19.5&Prime; _module_preset=\u00a0\u00bbdefault\u00a0\u00bb global_colors_info=\u00a0\u00bb{}\u00a0\u00bb][et_pb_fullwidth_slider _builder_version=\u00a0\u00bb4.22.2&Prime; _module_preset=\u00a0\u00bbdefault\u00a0\u00bb auto=\u00a0\u00bbon\u00a0\u00bb global_colors_info=\u00a0\u00bb{}\u00a0\u00bb][et_pb_slide _builder_version=\u00a0\u00bb4.22.2&Prime; _module_preset=\u00a0\u00bbdefault\u00a0\u00bb header_level=\u00a0\u00bbh1&Prime; header_text_align=\u00a0\u00bbcenter\u00a0\u00bb background_enable_color=\u00a0\u00bboff\u00a0\u00bb background_image=\u00a0\u00bbhttps:\/\/www.lapeniche.biz\/la-peniche-bed-and-bicycle\/wp-content\/uploads\/sites\/5\/2023\/10\/LA-PENICHE-Vienne-104-scaled.jpg\u00a0\u00bb background_enable_image=\u00a0\u00bbon\u00a0\u00bb text_orientation=\u00a0\u00bbcenter\u00a0\u00bb global_colors_info=\u00a0\u00bb{}\u00a0\u00bb sticky_transition=\u00a0\u00bbon\u00a0\u00bb][\/et_pb_slide][et_pb_slide _builder_version=\u00a0\u00bb4.22.2&Prime; _module_preset=\u00a0\u00bbdefault\u00a0\u00bb header_level=\u00a0\u00bbh1&Prime; header_text_align=\u00a0\u00bbcenter\u00a0\u00bb background_enable_color=\u00a0\u00bboff\u00a0\u00bb background_image=\u00a0\u00bbhttps:\/\/www.lapeniche.biz\/la-peniche-bed-and-bicycle\/wp-content\/uploads\/sites\/5\/2023\/10\/LA-PENICHE-Vienne-58.jpg\u00a0\u00bb background_enable_image=\u00a0\u00bbon\u00a0\u00bb text_orientation=\u00a0\u00bbcenter\u00a0\u00bb global_colors_info=\u00a0\u00bb{}\u00a0\u00bb sticky_transition=\u00a0\u00bbon\u00a0\u00bb][\/et_pb_slide][et_pb_slide _builder_version=\u00a0\u00bb4.22.2&Prime; _module_preset=\u00a0\u00bbdefault\u00a0\u00bb header_level=\u00a0\u00bbh1&Prime; header_text_align=\u00a0\u00bbcenter\u00a0\u00bb background_enable_color=\u00a0\u00bboff\u00a0\u00bb background_image=\u00a0\u00bbhttps:\/\/www.lapeniche.biz\/la-peniche-bed-and-bicycle\/wp-content\/uploads\/sites\/5\/2023\/10\/LA-PENICHE-Vienne-61.jpg\u00a0\u00bb background_enable_image=\u00a0\u00bbon\u00a0\u00bb text_orientation=\u00a0\u00bbcenter\u00a0\u00bb global_colors_info=\u00a0\u00bb{}\u00a0\u00bb sticky_transition=\u00a0\u00bbon\u00a0\u00bb][\/et_pb_slide][et_pb_slide _builder_version=\u00a0\u00bb4.22.2&Prime; _module_preset=\u00a0\u00bbdefault\u00a0\u00bb header_level=\u00a0\u00bbh1&Prime; header_text_align=\u00a0\u00bbcenter\u00a0\u00bb background_enable_color=\u00a0\u00bboff\u00a0\u00bb background_image=\u00a0\u00bbhttps:\/\/www.lapeniche.biz\/la-peniche-bed-and-bicycle\/wp-content\/uploads\/sites\/5\/2023\/10\/LA-PENICHE-Vienne-63.jpg\u00a0\u00bb background_enable_image=\u00a0\u00bbon\u00a0\u00bb text_orientation=\u00a0\u00bbcenter\u00a0\u00bb global_colors_info=\u00a0\u00bb{}\u00a0\u00bb sticky_transition=\u00a0\u00bbon\u00a0\u00bb][\/et_pb_slide][\/et_pb_fullwidth_slider][et_pb_fullwidth_code admin_label=\u00a0\u00bbComparateur de prix Vienne FR\u00a0\u00bb module_id=\u00a0\u00bblp-comparator-wrapper\u00a0\u00bb module_class=\u00a0\u00bbopened\u00a0\u00bb _builder_version=\u00a0\u00bb4.19.5&Prime; _module_preset=\u00a0\u00bbdefault\u00a0\u00bb global_colors_info=\u00a0\u00bb{}\u00a0\u00bb]<\/p>\n<div id=\"lp-btn-comparator\" class=\"opened\"><!-- [et_pb_line_break_holder] --> R\u00e9server au meilleur prix !<!-- [et_pb_line_break_holder] --><\/div>\n<p><!-- [et_pb_line_break_holder] --><!-- [et_pb_line_break_holder] --><!-- [et_pb_line_break_holder] --><\/p>\n<div id=\"comparatorMB\"><\/div>\n<p><!-- [et_pb_line_break_holder] --><!-- [et_pb_line_break_holder] --> <script><!-- [et_pb_line_break_holder] -->        var langue = 'fr';<!-- [et_pb_line_break_holder] -->        var id_etab = 'd5dd12c0d67773162f1c835116502326';<!-- [et_pb_line_break_holder] -->        \/\/var param = 'param-a36143e9bf80cdf3bbd4360ae2802219';<!-- [et_pb_line_break_holder] -->        \/\/var style = 'style-a36143e9bf80cdf3bbd4360ae2802219';<!-- [et_pb_line_break_holder] -->    <\/script><!-- [et_pb_line_break_holder] --> <script src=\"https:\/\/www.secure-direct-hotel-booking.com\/comparator\/scriptComparator.js\"><\/script><!-- [et_pb_line_break_holder] -->[\/et_pb_fullwidth_code][et_pb_fullwidth_code admin_label=\u00a0\u00bbMoteur de r\u00e9servation Vienne FR\u00a0\u00bb module_id=\u00a0\u00bblp-widget-be-wrapper\u00a0\u00bb _builder_version=\u00a0\u00bb4.22.2&Prime; _module_preset=\u00a0\u00bbdefault\u00a0\u00bb global_colors_info=\u00a0\u00bb{}\u00a0\u00bb]<\/p>\n<div id=\"lp-widget-be\"><!-- [et_pb_line_break_holder] -->  <\/p>\n<form><!-- [et_pb_line_break_holder] -->    <input type=\"text\" id=\"date-arrivee\" class=\"datepicker\" placeholder=\"Date d'arriv\u00e9e\"\/><!-- [et_pb_line_break_holder] -->    <input type=\"text\" id=\"date-depart\" class=\"datepicker\" placeholder=\"Date de d\u00e9part\"\/><!-- [et_pb_line_break_holder] -->    <label for=\"nbre-adultes\">Nombre adultes<\/label><!-- [et_pb_line_break_holder] -->    <select id=\"nbre-adultes\"><!-- [et_pb_line_break_holder] --><option value=\"1\">1<\/option><!-- [et_pb_line_break_holder] --><option value=\"2\" selected>2<\/option><!-- [et_pb_line_break_holder] --><option value=\"3\">3<\/option><!-- [et_pb_line_break_holder] --><option value=\"4\">4<\/option><!-- [et_pb_line_break_holder] --><option value=\"5\">6<\/option><!-- [et_pb_line_break_holder] --><option value=\"7\">7<\/option><!-- [et_pb_line_break_holder] --><option value=\"8\">8<\/option><!-- [et_pb_line_break_holder] --><option value=\"9\">9<\/option><!-- [et_pb_line_break_holder] --><option value=\"10\">10<\/option><!-- [et_pb_line_break_holder] --><option value=\"11\">11<\/option><!-- [et_pb_line_break_holder] --><option value=\"12\">12<\/option><!-- [et_pb_line_break_holder] --><option value=\"13\">13<\/option><!-- [et_pb_line_break_holder] --><option value=\"14\">14<\/option><!-- [et_pb_line_break_holder] --><option value=\"15\">15<\/option><!-- [et_pb_line_break_holder] --><option value=\"16\">16<\/option><!-- [et_pb_line_break_holder] --><option value=\"17\">17<\/option><!-- [et_pb_line_break_holder] --><option value=\"18\">18<\/option><!-- [et_pb_line_break_holder] --><option value=\"19\">19<\/option><!-- [et_pb_line_break_holder] --><option value=\"20\">20<\/option><!-- [et_pb_line_break_holder] -->    <\/select><!-- [et_pb_line_break_holder] -->    <label for=\"nbre-enfants\">Nombre enfants<\/label><!-- [et_pb_line_break_holder] -->    <select id=\"nbre-enfants\"><!-- [et_pb_line_break_holder] --><option value=\"0\" selected>0<\/option><!-- [et_pb_line_break_holder] --><option value=\"1\">1<\/option><!-- [et_pb_line_break_holder] --><option value=\"2\">2<\/option><!-- [et_pb_line_break_holder] --><option value=\"3\">3<\/option><!-- [et_pb_line_break_holder] --><option value=\"4\">4<\/option><!-- [et_pb_line_break_holder] --><option value=\"5\">6<\/option><!-- [et_pb_line_break_holder] --><option value=\"7\">7<\/option><!-- [et_pb_line_break_holder] --><option value=\"8\">8<\/option><!-- [et_pb_line_break_holder] --><option value=\"9\">9<\/option><!-- [et_pb_line_break_holder] --><option value=\"10\">10<\/option><!-- [et_pb_line_break_holder] --><option value=\"11\">11<\/option><!-- [et_pb_line_break_holder] --><option value=\"12\">12<\/option><!-- [et_pb_line_break_holder] --><option value=\"13\">13<\/option><!-- [et_pb_line_break_holder] --><option value=\"14\">14<\/option><!-- [et_pb_line_break_holder] --><option value=\"15\">15<\/option><!-- [et_pb_line_break_holder] --><option value=\"16\">16<\/option><!-- [et_pb_line_break_holder] --><option value=\"17\">17<\/option><!-- [et_pb_line_break_holder] --><option value=\"18\">18<\/option><!-- [et_pb_line_break_holder] --><option value=\"19\">19<\/option><!-- [et_pb_line_break_holder] --><option value=\"20\">20<\/option><!-- [et_pb_line_break_holder] -->    <\/select><!-- [et_pb_line_break_holder] -->    <a id=\"submit-res\" class=\"et_pb_button\" href=\"#\" target=\"_blank\" rel=\"noopener\">RESERVER<\/a><!-- [et_pb_line_break_holder] -->  <\/form>\n<p><!-- [et_pb_line_break_holder] --><\/div>\n<p>  [\/et_pb_fullwidth_code][et_pb_fullwidth_code admin_label=\u00a0\u00bbBouton bon cadeau\u00a0\u00bb _builder_version=\u00a0\u00bb4.13.1&Prime; _module_preset=\u00a0\u00bbdefault\u00a0\u00bb global_module=\u00a0\u00bb2940&Prime; global_colors_info=\u00a0\u00bb{}\u00a0\u00bb]<a href=\"https:\/\/www.lapeniche.biz\/la-peniche-bed-and-bicycle\/boutique#lp-bons-cadeaux\" title=\"Bon cadeau\" class=\"btn-gift\"><!-- [et_pb_line_break_holder] -->\tBon cadeau<!-- [et_pb_line_break_holder] --><\/a>[\/et_pb_fullwidth_code][\/et_pb_section][et_pb_section fb_built=\u00a0\u00bb1&Prime; _builder_version=\u00a0\u00bb4.16&Prime; global_colors_info=\u00a0\u00bb{}\u00a0\u00bb][et_pb_row module_class=\u00a0\u00bblp-pres-room\u00a0\u00bb _builder_version=\u00a0\u00bb4.16&Prime; background_size=\u00a0\u00bbinitial\u00a0\u00bb background_position=\u00a0\u00bbtop_left\u00a0\u00bb background_repeat=\u00a0\u00bbrepeat\u00a0\u00bb custom_padding=\u00a0\u00bb27px|||||\u00a0\u00bb global_colors_info=\u00a0\u00bb{}\u00a0\u00bb][et_pb_column type=\u00a0\u00bb4_4&Prime; _builder_version=\u00a0\u00bb4.16&Prime; custom_padding=\u00a0\u00bb|||\u00a0\u00bb global_colors_info=\u00a0\u00bb{}\u00a0\u00bb custom_padding__hover=\u00a0\u00bb|||\u00a0\u00bb][et_pb_text admin_label=\u00a0\u00bbCabine 4&Prime; module_class=\u00a0\u00bblp-cabin-title\u00a0\u00bb _builder_version=\u00a0\u00bb4.19.5&Prime; _module_preset=\u00a0\u00bbdefault\u00a0\u00bb global_colors_info=\u00a0\u00bb{}\u00a0\u00bb]<\/p>\n<h1 style=\"text-align: center;\">Cabine 4<\/h1>\n<p>[\/et_pb_text][et_pb_text admin_label=\u00a0\u00bbSuperficie + Prix\u00a0\u00bb module_class=\u00a0\u00bblp-cab-price-sup\u00a0\u00bb _builder_version=\u00a0\u00bb4.16&Prime; _module_preset=\u00a0\u00bbdefault\u00a0\u00bb global_colors_info=\u00a0\u00bb{}\u00a0\u00bb]<\/p>\n<blockquote>\n<p>20 m<sup>2 <\/sup><\/p>\n<\/blockquote>\n<p><mark>149 \u20ac<\/mark><\/p>\n<p>&nbsp;<\/p>\n<p>2 Passagers<\/p>\n<p>[\/et_pb_text][et_pb_text admin_label=\u00a0\u00bbLe concept LA PENICHE %22Bed And Bicycle%22&Prime; _builder_version=\u00a0\u00bb4.22.2&Prime; z_index_tablet=\u00a0\u00bb500&Prime; global_colors_info=\u00a0\u00bb{}\u00a0\u00bb]<\/p>\n<p><em>De l\u2019avis de tous, cette chambre et ses couleurs invitent \u00e0 la sieste\u2026 <\/em><em>Laissez-vous donc tenter et dites-nous si l\u2019ambiance vous a plong\u00e9 dans une douce torpeur\u2026<\/em><\/p>\n<p>[\/et_pb_text][\/et_pb_column][\/et_pb_row][et_pb_row column_structure=\u00a0\u00bb1_2,1_2&Prime; make_equal=\u00a0\u00bbon\u00a0\u00bb _builder_version=\u00a0\u00bb4.16&Prime; _module_preset=\u00a0\u00bbdefault\u00a0\u00bb min_height=\u00a0\u00bb865.4px\u00a0\u00bb global_colors_info=\u00a0\u00bb{}\u00a0\u00bb][et_pb_column type=\u00a0\u00bb1_2&Prime; _builder_version=\u00a0\u00bb4.16&Prime; _module_preset=\u00a0\u00bbdefault\u00a0\u00bb global_colors_info=\u00a0\u00bb{}\u00a0\u00bb][et_pb_text admin_label=\u00a0\u00bbA votre disposition dans la salle de bains\u00a0\u00bb _builder_version=\u00a0\u00bb4.22.2&Prime; _module_preset=\u00a0\u00bbdefault\u00a0\u00bb global_colors_info=\u00a0\u00bb{}\u00a0\u00bb]<\/p>\n<p><span style=\"color: #d0191c;\"><b>Informations pratiques<\/b><\/span><\/p>\n<ul>\n<li>Vue sur l&rsquo;iconique ville de Vienne<\/li>\n<li>Arriv\u00e9e : 17h00 &#8211; D\u00e9part : 12h00<\/li>\n<li>Pour 2 personnes maximum<\/li>\n<li>M\u00e9nage inclus chaque jour<\/li>\n<\/ul>\n<p><span style=\"color: #d0191c;\"><b>Confort &amp; \u00e9quipements<\/b><\/span><\/p>\n<ul>\n<li>Cabine avec un Lit King Size ultra confort<\/li>\n<li>Bureau<\/li>\n<li>Salle de bain avec Douche et toilette<\/li>\n<li>Connexion Wifi haut d\u00e9bit<span style=\"font-size: 16px;\"><br \/><\/span><\/li>\n<li>Enceinte\u00a0Google home<\/li>\n<li>Ipad TV<\/li>\n<li>Netflix &#8211; Molotov TV &#8211; Apple Music<\/li>\n<li>\u00c9clairage ambiance connect\u00e9e<\/li>\n<li>Climatisation &amp; chauffage<\/li>\n<li>Coffre-fort<\/li>\n<li>Mini bar<\/li>\n<li>Plateau de gourmandises (chocolats Valrhona)<\/li>\n<\/ul>\n<p><span style=\"color: #d0191c;\"><b>A votre disposition dans la salle de bains<\/b><\/span><\/p>\n<ul>\n<li>Produits d&rsquo;accueil Cinq Mondes<\/li>\n<li>Serviettes<\/li>\n<li>S\u00e8che-cheveux professionnel<\/li>\n<\/ul>\n<p><span style=\"color: #d0191c;\"><b>A votre disposition dans la cuisine de la P\u00e9niche<\/b><\/span><\/p>\n<ul>\n<li>Machine \u00e0 caf\u00e9 Nespresso (Capsule,Coupelle de lait, Sucre)<\/li>\n<li>Th\u00e9 bio Kusmi Tea<\/li>\n<li>Micro-ondes<\/li>\n<li>R\u00e9frig\u00e9rateurs<\/li>\n<\/ul>\n<p>\u200b<\/p>\n<p>[\/et_pb_text][et_pb_button button_url=\u00a0\u00bbhttps:\/\/www.secure-direct-hotel-booking.com\/module_booking_engine\/index.php?id_etab=d5dd12c0d67773162f1c835116502326&#038;langue=francais&#038;date_deb=&#038;date_dep=&#038;code_promo=\u00a0\u00bb url_new_window=\u00a0\u00bbon\u00a0\u00bb button_text=\u00a0\u00bbR\u00e9server\u00a0\u00bb _builder_version=\u00a0\u00bb4.19.5&Prime; _module_preset=\u00a0\u00bbdefault\u00a0\u00bb custom_css_main_element=\u00a0\u00bbdisplay:block;||font-weight:bold;||text-align:center;||width:100%;\u00a0\u00bb global_module=\u00a0\u00bb5132&Prime; global_colors_info=\u00a0\u00bb{}\u00a0\u00bb][\/et_pb_button][\/et_pb_column][et_pb_column type=\u00a0\u00bb1_2&Prime; _builder_version=\u00a0\u00bb4.16&Prime; _module_preset=\u00a0\u00bbdefault\u00a0\u00bb global_colors_info=\u00a0\u00bb{}\u00a0\u00bb][et_pb_gallery gallery_ids=\u00a0\u00bb7482,7484,7486,7481,7488,7483,7487,7485&Prime; posts_number=\u00a0\u00bb10&Prime; show_title_and_caption=\u00a0\u00bboff\u00a0\u00bb _builder_version=\u00a0\u00bb4.22.2&Prime; _module_preset=\u00a0\u00bbdefault\u00a0\u00bb global_colors_info=\u00a0\u00bb{}\u00a0\u00bb][\/et_pb_gallery][\/et_pb_column][\/et_pb_row][et_pb_row module_class=\u00a0\u00bblp-rooms-info\u00a0\u00bb _builder_version=\u00a0\u00bb4.16&Prime; _module_preset=\u00a0\u00bbdefault\u00a0\u00bb global_colors_info=\u00a0\u00bb{}\u00a0\u00bb][et_pb_column type=\u00a0\u00bb4_4&Prime; _builder_version=\u00a0\u00bb4.16&Prime; _module_preset=\u00a0\u00bbdefault\u00a0\u00bb global_colors_info=\u00a0\u00bb{}\u00a0\u00bb][et_pb_text admin_label=\u00a0\u00bbNous vous rappelons&#8230;\u00a0\u00bb _builder_version=\u00a0\u00bb4.22.2&Prime; _module_preset=\u00a0\u00bbdefault\u00a0\u00bb global_colors_info=\u00a0\u00bb{}\u00a0\u00bb]<\/p>\n<p>Nous vous rappelons que l&rsquo;ensemble de nos cabines sont non-fumeur et que les animaux sont interdits.<br \/>Nous vous conseillons de commander vos extras petit-d\u00e9jeuner, Spa, V\u00e9los &#8230; , pour un s\u00e9jour tout inclus.<\/p>\n<p>[\/et_pb_text][et_pb_button button_url=\u00a0\u00bbhttps:\/\/www.lapeniche.biz\/la-peniche-bed-and-bicycle\/la-peniche-vienne\/\u00a0\u00bb button_text=\u00a0\u00bbRetour Cabines (Vienne)\u00a0\u00bb _builder_version=\u00a0\u00bb4.22.2&Prime; _module_preset=\u00a0\u00bbdefault\u00a0\u00bb global_colors_info=\u00a0\u00bb{}\u00a0\u00bb][\/et_pb_button][\/et_pb_column][\/et_pb_row][\/et_pb_section]<\/p>\n","protected":false},"excerpt":{"rendered":"<p>[et_pb_section fb_built=\u00a0\u00bb1&Prime; fullwidth=\u00a0\u00bbon\u00a0\u00bb module_id=\u00a0\u00bbslider-header-home\u00a0\u00bb module_class=\u00a0\u00bblp-vienne\u00a0\u00bb _builder_version=\u00a0\u00bb4.19.5&Prime; _module_preset=\u00a0\u00bbdefault\u00a0\u00bb global_colors_info=\u00a0\u00bb{}\u00a0\u00bb][et_pb_fullwidth_slider _builder_version=\u00a0\u00bb4.22.2&Prime; _module_preset=\u00a0\u00bbdefault\u00a0\u00bb auto=\u00a0\u00bbon\u00a0\u00bb global_colors_info=\u00a0\u00bb{}\u00a0\u00bb][et_pb_slide _builder_version=\u00a0\u00bb4.22.2&Prime; _module_preset=\u00a0\u00bbdefault\u00a0\u00bb header_level=\u00a0\u00bbh1&Prime; header_text_align=\u00a0\u00bbcenter\u00a0\u00bb background_enable_color=\u00a0\u00bboff\u00a0\u00bb background_image=\u00a0\u00bbhttps:\/\/www.lapeniche.biz\/la-peniche-bed-and-bicycle\/wp-content\/uploads\/sites\/5\/2023\/10\/LA-PENICHE-Vienne-104-scaled.jpg\u00a0\u00bb background_enable_image=\u00a0\u00bbon\u00a0\u00bb text_orientation=\u00a0\u00bbcenter\u00a0\u00bb global_colors_info=\u00a0\u00bb{}\u00a0\u00bb sticky_transition=\u00a0\u00bbon\u00a0\u00bb][\/et_pb_slide][et_pb_slide _builder_version=\u00a0\u00bb4.22.2&Prime; _module_preset=\u00a0\u00bbdefault\u00a0\u00bb header_level=\u00a0\u00bbh1&Prime; header_text_align=\u00a0\u00bbcenter\u00a0\u00bb background_enable_color=\u00a0\u00bboff\u00a0\u00bb background_image=\u00a0\u00bbhttps:\/\/www.lapeniche.biz\/la-peniche-bed-and-bicycle\/wp-content\/uploads\/sites\/5\/2023\/10\/LA-PENICHE-Vienne-58.jpg\u00a0\u00bb background_enable_image=\u00a0\u00bbon\u00a0\u00bb text_orientation=\u00a0\u00bbcenter\u00a0\u00bb global_colors_info=\u00a0\u00bb{}\u00a0\u00bb sticky_transition=\u00a0\u00bbon\u00a0\u00bb][\/et_pb_slide][et_pb_slide _builder_version=\u00a0\u00bb4.22.2&Prime; _module_preset=\u00a0\u00bbdefault\u00a0\u00bb header_level=\u00a0\u00bbh1&Prime; header_text_align=\u00a0\u00bbcenter\u00a0\u00bb background_enable_color=\u00a0\u00bboff\u00a0\u00bb background_image=\u00a0\u00bbhttps:\/\/www.lapeniche.biz\/la-peniche-bed-and-bicycle\/wp-content\/uploads\/sites\/5\/2023\/10\/LA-PENICHE-Vienne-61.jpg\u00a0\u00bb background_enable_image=\u00a0\u00bbon\u00a0\u00bb text_orientation=\u00a0\u00bbcenter\u00a0\u00bb global_colors_info=\u00a0\u00bb{}\u00a0\u00bb sticky_transition=\u00a0\u00bbon\u00a0\u00bb][\/et_pb_slide][et_pb_slide _builder_version=\u00a0\u00bb4.22.2&Prime; _module_preset=\u00a0\u00bbdefault\u00a0\u00bb header_level=\u00a0\u00bbh1&Prime; header_text_align=\u00a0\u00bbcenter\u00a0\u00bb background_enable_color=\u00a0\u00bboff\u00a0\u00bb background_image=\u00a0\u00bbhttps:\/\/www.lapeniche.biz\/la-peniche-bed-and-bicycle\/wp-content\/uploads\/sites\/5\/2023\/10\/LA-PENICHE-Vienne-63.jpg\u00a0\u00bb background_enable_image=\u00a0\u00bbon\u00a0\u00bb text_orientation=\u00a0\u00bbcenter\u00a0\u00bb global_colors_info=\u00a0\u00bb{}\u00a0\u00bb sticky_transition=\u00a0\u00bbon\u00a0\u00bb][\/et_pb_slide][\/et_pb_fullwidth_slider][et_pb_fullwidth_code admin_label=\u00a0\u00bbComparateur de prix [&hellip;]<\/p>\n","protected":false},"author":1,"featured_media":0,"parent":4434,"menu_order":0,"comment_status":"closed","ping_status":"closed","template":"","meta":{"_et_pb_use_builder":"on","_et_pb_old_content":"","_et_gb_content_width":"","footnotes":""},"class_list":["post-4560","page","type-page","status-publish","hentry"],"_links":{"self":[{"href":"https:\/\/www.lapeniche.biz\/la-peniche-bed-and-bicycle\/wp-json\/wp\/v2\/pages\/4560","targetHints":{"allow":["GET"]}}],"collection":[{"href":"https:\/\/www.lapeniche.biz\/la-peniche-bed-and-bicycle\/wp-json\/wp\/v2\/pages"}],"about":[{"href":"https:\/\/www.lapeniche.biz\/la-peniche-bed-and-bicycle\/wp-json\/wp\/v2\/types\/page"}],"author":[{"embeddable":true,"href":"https:\/\/www.lapeniche.biz\/la-peniche-bed-and-bicycle\/wp-json\/wp\/v2\/users\/1"}],"replies":[{"embeddable":true,"href":"https:\/\/www.lapeniche.biz\/la-peniche-bed-and-bicycle\/wp-json\/wp\/v2\/comments?post=4560"}],"version-history":[{"count":5,"href":"https:\/\/www.lapeniche.biz\/la-peniche-bed-and-bicycle\/wp-json\/wp\/v2\/pages\/4560\/revisions"}],"predecessor-version":[{"id":7878,"href":"https:\/\/www.lapeniche.biz\/la-peniche-bed-and-bicycle\/wp-json\/wp\/v2\/pages\/4560\/revisions\/7878"}],"up":[{"embeddable":true,"href":"https:\/\/www.lapeniche.biz\/la-peniche-bed-and-bicycle\/wp-json\/wp\/v2\/pages\/4434"}],"wp:attachment":[{"href":"https:\/\/www.lapeniche.biz\/la-peniche-bed-and-bicycle\/wp-json\/wp\/v2\/media?parent=4560"}],"curies":[{"name":"wp","href":"https:\/\/api.w.org\/{rel}","templated":true}]}}