{"id":4726,"date":"2023-02-12T18:49:22","date_gmt":"2023-02-12T17:49:22","guid":{"rendered":"https:\/\/www.lapeniche.biz\/la-peniche-bed-and-bicycle\/?page_id=4726"},"modified":"2025-12-25T11:24:42","modified_gmt":"2025-12-25T10:24:42","slug":"chambre-n","status":"publish","type":"page","link":"https:\/\/www.lapeniche.biz\/la-peniche-bed-and-bicycle\/la-peniche-aigues-mortes\/nos-cabines\/chambre-n\/","title":{"rendered":"Chambre N (Aigues mortes)"},"content":{"rendered":"<p>[et_pb_section fb_built=\u00a0\u00bb1&Prime; fullwidth=\u00a0\u00bbon\u00a0\u00bb module_id=\u00a0\u00bbslider-header-home\u00a0\u00bb _builder_version=\u00a0\u00bb4.16&Prime; _module_preset=\u00a0\u00bbdefault\u00a0\u00bb global_colors_info=\u00a0\u00bb{}\u00a0\u00bb][et_pb_fullwidth_slider show_pagination=\u00a0\u00bboff\u00a0\u00bb _builder_version=\u00a0\u00bb4.22.2&Prime; _module_preset=\u00a0\u00bbdefault\u00a0\u00bb auto=\u00a0\u00bbon\u00a0\u00bb global_colors_info=\u00a0\u00bb{}\u00a0\u00bb][et_pb_slide _builder_version=\u00a0\u00bb4.22.2&Prime; _module_preset=\u00a0\u00bbdefault\u00a0\u00bb header_level=\u00a0\u00bbh1&Prime; header_text_align=\u00a0\u00bbcenter\u00a0\u00bb background_enable_color=\u00a0\u00bboff\u00a0\u00bb background_image=\u00a0\u00bbhttps:\/\/www.lapeniche.biz\/la-peniche-bed-and-bicycle\/wp-content\/uploads\/sites\/5\/2024\/10\/La-Peniche-Aigues-Mortes-52.jpg-Cabine-N.jpg\u00a0\u00bb background_enable_image=\u00a0\u00bbon\u00a0\u00bb background_blend=\u00a0\u00bboverlay\u00a0\u00bb text_orientation=\u00a0\u00bbcenter\u00a0\u00bb global_colors_info=\u00a0\u00bb{}\u00a0\u00bb sticky_transition=\u00a0\u00bbon\u00a0\u00bb][\/et_pb_slide][\/et_pb_fullwidth_slider][et_pb_fullwidth_code admin_label=\u00a0\u00bbBouton bon cadeau\u00a0\u00bb _builder_version=\u00a0\u00bb4.13.1&Prime; _module_preset=\u00a0\u00bbdefault\u00a0\u00bb global_module=\u00a0\u00bb2940&Prime; global_colors_info=\u00a0\u00bb{}\u00a0\u00bb]<a href=\"https:\/\/www.lapeniche.biz\/la-peniche-bed-and-bicycle\/boutique#lp-bons-cadeaux\" title=\"Bon cadeau\" class=\"btn-gift\"><!-- [et_pb_line_break_holder] -->\tBon cadeau<!-- [et_pb_line_break_holder] --><\/a>[\/et_pb_fullwidth_code][\/et_pb_section][et_pb_section fb_built=\u00a0\u00bb1&Prime; _builder_version=\u00a0\u00bb4.16&Prime; global_colors_info=\u00a0\u00bb{}\u00a0\u00bb][et_pb_row module_class=\u00a0\u00bblp-pres-room\u00a0\u00bb _builder_version=\u00a0\u00bb4.16&Prime; background_size=\u00a0\u00bbinitial\u00a0\u00bb background_position=\u00a0\u00bbtop_left\u00a0\u00bb background_repeat=\u00a0\u00bbrepeat\u00a0\u00bb custom_padding=\u00a0\u00bb27px|||||\u00a0\u00bb global_colors_info=\u00a0\u00bb{}\u00a0\u00bb][et_pb_column type=\u00a0\u00bb4_4&Prime; _builder_version=\u00a0\u00bb4.16&Prime; custom_padding=\u00a0\u00bb|||\u00a0\u00bb global_colors_info=\u00a0\u00bb{}\u00a0\u00bb custom_padding__hover=\u00a0\u00bb|||\u00a0\u00bb][et_pb_text admin_label=\u00a0\u00bbCabine N\u00a0\u00bb module_class=\u00a0\u00bblp-cabin-title\u00a0\u00bb _builder_version=\u00a0\u00bb4.19.5&Prime; _module_preset=\u00a0\u00bbdefault\u00a0\u00bb hover_enabled=\u00a0\u00bb0&Prime; global_colors_info=\u00a0\u00bb{}\u00a0\u00bb sticky_enabled=\u00a0\u00bb0&Prime;]<\/p>\n<h1 style=\"text-align: center;\">Cabine N<\/h1>\n<p>[\/et_pb_text][et_pb_text admin_label=\u00a0\u00bbSuperficie + Prix\u00a0\u00bb module_class=\u00a0\u00bblp-cab-price-sup\u00a0\u00bb _builder_version=\u00a0\u00bb4.22.2&Prime; _module_preset=\u00a0\u00bbdefault\u00a0\u00bb hover_enabled=\u00a0\u00bb0&Prime; global_colors_info=\u00a0\u00bb{}\u00a0\u00bb sticky_enabled=\u00a0\u00bb0&Prime;]<\/p>\n<blockquote>\n<p>25 m<sup>2 <\/sup><\/p>\n<\/blockquote>\n<p><mark>A partir de 219 \u20ac<\/mark><\/p>\n<p>&nbsp;<\/p>\n<p>4 Passagers<\/p>\n<p>[\/et_pb_text][et_pb_text admin_label=\u00a0\u00bbLe concept LA PENICHE %22Bed And Bicycle%22&Prime; _builder_version=\u00a0\u00bb4.22.2&Prime; z_index_tablet=\u00a0\u00bb500&Prime; global_colors_info=\u00a0\u00bb{}\u00a0\u00bb]<\/p>\n<p>Une \u00e9chapp\u00e9e en famille au fil de l\u2019eau &#8230;<\/p>\n<p>Embarquez pour une aventure en famille dans la Cabine Familiale N\u00b0[Num\u00e9ro], un espace chaleureux con\u00e7u pour 4 personnes. Ici, le temps s\u2019\u00e9coule doucement, au rythme des vagues qui caressent la p\u00e9niche. Entre rires et moments de complicit\u00e9, profitez ensemble de la vue panoramique sur l\u2019eau et laissez-vous emporter par la s\u00e9r\u00e9nit\u00e9 des paysages qui d\u00e9filent. Un v\u00e9ritable havre de paix pour partager une exp\u00e9rience unique, o\u00f9 la nature et la tranquillit\u00e9 s\u2019offrent \u00e0 vous \u00e0 chaque instant.<\/p>\n<p>[\/et_pb_text][\/et_pb_column][\/et_pb_row][et_pb_row column_structure=\u00a0\u00bb1_2,1_2&Prime; make_equal=\u00a0\u00bbon\u00a0\u00bb _builder_version=\u00a0\u00bb4.16&Prime; _module_preset=\u00a0\u00bbdefault\u00a0\u00bb min_height=\u00a0\u00bb865.4px\u00a0\u00bb global_colors_info=\u00a0\u00bb{}\u00a0\u00bb][et_pb_column type=\u00a0\u00bb1_2&Prime; _builder_version=\u00a0\u00bb4.16&Prime; _module_preset=\u00a0\u00bbdefault\u00a0\u00bb global_colors_info=\u00a0\u00bb{}\u00a0\u00bb][et_pb_text admin_label=\u00a0\u00bbA votre disposition dans la salle de bains\u00a0\u00bb _builder_version=\u00a0\u00bb4.22.2&Prime; _module_preset=\u00a0\u00bbdefault\u00a0\u00bb global_colors_info=\u00a0\u00bb{}\u00a0\u00bb]<\/p>\n<p>\u200b<span style=\"color: #d0191d;\"><b><u>Informations pratiques :<\/u><\/b><\/span><\/p>\n<ul>\n<li>Vue sur l&rsquo;iconique Tour de Constance<\/li>\n<li>Arriv\u00e9e : 17h &#8211; D\u00e9part : 12h<\/li>\n<li>Pour 2 personnes maximum<\/li>\n<li>M\u00e9nage inclus chaque jour<\/li>\n<\/ul>\n<p><u style=\"color: #d0191d;\"><b>Confort &amp; \u00e9quipements :<\/b><\/u><\/p>\n<ul>\n<li>Lit King size ultra confort<\/li>\n<li>Bureau<\/li>\n<li>Salle de bain avec douche et toilette<\/li>\n<li><span style=\"font-size: 16px;\">Connexion Wifi haut d\u00e9bit<br \/><\/span><\/li>\n<li>Enceinte\u00a0Google home<\/li>\n<li><span style=\"font-size: 16px;\">Ipad TV &amp; Netflix<\/span><\/li>\n<li><span style=\"font-size: 16px;\">Apple Music<\/span><\/li>\n<li>\u00c9clairage ambiance connect\u00e9e<\/li>\n<li>Climatisation &amp; chauffage<\/li>\n<\/ul>\n<h3><span style=\"color: #d0191d; font-size: medium;\"><u><b>A votre disposition dans la salle de bains<\/b><\/u><\/span><\/h3>\n<ul>\n<li>Produits d&rsquo;accueil Cinq Mondes<\/li>\n<li>Serviettes<\/li>\n<li>S\u00e8che-cheveux<\/li>\n<\/ul>\n<h3><span style=\"color: #d0191d; font-size: medium;\"><u><b>A votre disposition dans la cuisine de La P\u00e9niche<\/b><\/u><\/span><\/h3>\n<ul>\n<li>Machine \u00e0 caf\u00e9 Nespresso (Capsules offertes)<\/li>\n<li>Th\u00e9 Kusmi Tea (Sachets offerts)<\/li>\n<li>Chocolats Valrhona &amp; Bonbons<\/li>\n<\/ul>\n<p>[\/et_pb_text][et_pb_button button_url=\u00a0\u00bbhttps:\/\/www.secure-direct-hotel-booking.com\/module_booking_engine\/index.php?id_etab=274424a0a8c8b511a90e9e9e2b5479a4&#038;langue=francais&#038;date_deb=&#038;date_dep=&#038;nb_adulte=2&#038;nb_enfant=0&#038;code_promo=\u00a0\u00bb url_new_window=\u00a0\u00bbon\u00a0\u00bb button_text=\u00a0\u00bbR\u00e9server\u00a0\u00bb _builder_version=\u00a0\u00bb4.22.2&Prime; _module_preset=\u00a0\u00bbdefault\u00a0\u00bb custom_css_main_element=\u00a0\u00bbdisplay:block;||width:100%;||text-align:center;||font-weight:bold;\u00a0\u00bb global_module=\u00a0\u00bb5117&Prime; saved_tabs=\u00a0\u00bball\u00a0\u00bb global_colors_info=\u00a0\u00bb{}\u00a0\u00bb][\/et_pb_button][\/et_pb_column][et_pb_column type=\u00a0\u00bb1_2&Prime; _builder_version=\u00a0\u00bb4.16&Prime; _module_preset=\u00a0\u00bbdefault\u00a0\u00bb global_colors_info=\u00a0\u00bb{}\u00a0\u00bb][et_pb_gallery gallery_ids=\u00a0\u00bb8342,8345,8339,8348,8340,8349,8350,8352&Prime; posts_number=\u00a0\u00bb8&Prime; show_title_and_caption=\u00a0\u00bboff\u00a0\u00bb _builder_version=\u00a0\u00bb4.22.2&Prime; _module_preset=\u00a0\u00bbdefault\u00a0\u00bb global_colors_info=\u00a0\u00bb{}\u00a0\u00bb][\/et_pb_gallery][\/et_pb_column][\/et_pb_row][et_pb_row module_class=\u00a0\u00bblp-rooms-info\u00a0\u00bb _builder_version=\u00a0\u00bb4.16&Prime; _module_preset=\u00a0\u00bbdefault\u00a0\u00bb global_colors_info=\u00a0\u00bb{}\u00a0\u00bb][et_pb_column type=\u00a0\u00bb4_4&Prime; _builder_version=\u00a0\u00bb4.16&Prime; _module_preset=\u00a0\u00bbdefault\u00a0\u00bb global_colors_info=\u00a0\u00bb{}\u00a0\u00bb][et_pb_text admin_label=\u00a0\u00bbNous vous rappelons&#8230;\u00a0\u00bb _builder_version=\u00a0\u00bb4.16&Prime; _module_preset=\u00a0\u00bbdefault\u00a0\u00bb global_colors_info=\u00a0\u00bb{}\u00a0\u00bb]<strong>Nous vous rappelons que l&rsquo;ensemble de nos Chambres sont non-fumeur et que les animaux sont interdits.<\/strong><br \/>\n<strong>Nous vous conseillons de commander votre extra petit-d\u00e9jeuner, Spa, massage , pour un s\u00e9jour tout inclus.<\/strong><br \/>\n[\/et_pb_text][et_pb_button button_url=\u00a0\u00bbhttps:\/\/www.lapeniche.biz\/la-peniche-bed-and-bicycle\/la-peniche-aigues-mortes\/\u00a0\u00bb button_text=\u00a0\u00bbRetour aux cabines (Aigues Mortes)\u00a0\u00bb _builder_version=\u00a0\u00bb4.22.2&Prime; _module_preset=\u00a0\u00bbdefault\u00a0\u00bb global_colors_info=\u00a0\u00bb{}\u00a0\u00bb][\/et_pb_button][\/et_pb_column][\/et_pb_row][\/et_pb_section]<\/p>\n","protected":false},"excerpt":{"rendered":"<p>[et_pb_section fb_built=\u00a0\u00bb1&Prime; fullwidth=\u00a0\u00bbon\u00a0\u00bb module_id=\u00a0\u00bbslider-header-home\u00a0\u00bb _builder_version=\u00a0\u00bb4.16&Prime; _module_preset=\u00a0\u00bbdefault\u00a0\u00bb global_colors_info=\u00a0\u00bb{}\u00a0\u00bb][et_pb_fullwidth_slider show_pagination=\u00a0\u00bboff\u00a0\u00bb _builder_version=\u00a0\u00bb4.22.2&Prime; _module_preset=\u00a0\u00bbdefault\u00a0\u00bb auto=\u00a0\u00bbon\u00a0\u00bb global_colors_info=\u00a0\u00bb{}\u00a0\u00bb][et_pb_slide _builder_version=\u00a0\u00bb4.22.2&Prime; _module_preset=\u00a0\u00bbdefault\u00a0\u00bb header_level=\u00a0\u00bbh1&Prime; header_text_align=\u00a0\u00bbcenter\u00a0\u00bb background_enable_color=\u00a0\u00bboff\u00a0\u00bb background_image=\u00a0\u00bbhttps:\/\/www.lapeniche.biz\/la-peniche-bed-and-bicycle\/wp-content\/uploads\/sites\/5\/2024\/10\/La-Peniche-Aigues-Mortes-52.jpg-Cabine-N.jpg\u00a0\u00bb background_enable_image=\u00a0\u00bbon\u00a0\u00bb background_blend=\u00a0\u00bboverlay\u00a0\u00bb text_orientation=\u00a0\u00bbcenter\u00a0\u00bb global_colors_info=\u00a0\u00bb{}\u00a0\u00bb sticky_transition=\u00a0\u00bbon\u00a0\u00bb][\/et_pb_slide][\/et_pb_fullwidth_slider][et_pb_fullwidth_code admin_label=\u00a0\u00bbBouton bon cadeau\u00a0\u00bb _builder_version=\u00a0\u00bb4.13.1&Prime; _module_preset=\u00a0\u00bbdefault\u00a0\u00bb global_module=\u00a0\u00bb2940&Prime; global_colors_info=\u00a0\u00bb{}\u00a0\u00bb] Bon cadeau[\/et_pb_fullwidth_code][\/et_pb_section][et_pb_section fb_built=\u00a0\u00bb1&Prime; _builder_version=\u00a0\u00bb4.16&Prime; global_colors_info=\u00a0\u00bb{}\u00a0\u00bb][et_pb_row module_class=\u00a0\u00bblp-pres-room\u00a0\u00bb _builder_version=\u00a0\u00bb4.16&Prime; background_size=\u00a0\u00bbinitial\u00a0\u00bb background_position=\u00a0\u00bbtop_left\u00a0\u00bb background_repeat=\u00a0\u00bbrepeat\u00a0\u00bb custom_padding=\u00a0\u00bb27px|||||\u00a0\u00bb global_colors_info=\u00a0\u00bb{}\u00a0\u00bb][et_pb_column type=\u00a0\u00bb4_4&Prime; _builder_version=\u00a0\u00bb4.16&Prime; custom_padding=\u00a0\u00bb|||\u00a0\u00bb global_colors_info=\u00a0\u00bb{}\u00a0\u00bb custom_padding__hover=\u00a0\u00bb|||\u00a0\u00bb][et_pb_text admin_label=\u00a0\u00bbCabine N\u00a0\u00bb module_class=\u00a0\u00bblp-cabin-title\u00a0\u00bb _builder_version=\u00a0\u00bb4.19.5&Prime; _module_preset=\u00a0\u00bbdefault\u00a0\u00bb hover_enabled=\u00a0\u00bb0&Prime; global_colors_info=\u00a0\u00bb{}\u00a0\u00bb sticky_enabled=\u00a0\u00bb0&Prime;] [&hellip;]<\/p>\n","protected":false},"author":1,"featured_media":0,"parent":4721,"menu_order":0,"comment_status":"closed","ping_status":"closed","template":"","meta":{"_et_pb_use_builder":"on","_et_pb_old_content":"","_et_gb_content_width":"","footnotes":""},"class_list":["post-4726","page","type-page","status-publish","hentry"],"_links":{"self":[{"href":"https:\/\/www.lapeniche.biz\/la-peniche-bed-and-bicycle\/wp-json\/wp\/v2\/pages\/4726","targetHints":{"allow":["GET"]}}],"collection":[{"href":"https:\/\/www.lapeniche.biz\/la-peniche-bed-and-bicycle\/wp-json\/wp\/v2\/pages"}],"about":[{"href":"https:\/\/www.lapeniche.biz\/la-peniche-bed-and-bicycle\/wp-json\/wp\/v2\/types\/page"}],"author":[{"embeddable":true,"href":"https:\/\/www.lapeniche.biz\/la-peniche-bed-and-bicycle\/wp-json\/wp\/v2\/users\/1"}],"replies":[{"embeddable":true,"href":"https:\/\/www.lapeniche.biz\/la-peniche-bed-and-bicycle\/wp-json\/wp\/v2\/comments?post=4726"}],"version-history":[{"count":5,"href":"https:\/\/www.lapeniche.biz\/la-peniche-bed-and-bicycle\/wp-json\/wp\/v2\/pages\/4726\/revisions"}],"predecessor-version":[{"id":9692,"href":"https:\/\/www.lapeniche.biz\/la-peniche-bed-and-bicycle\/wp-json\/wp\/v2\/pages\/4726\/revisions\/9692"}],"up":[{"embeddable":true,"href":"https:\/\/www.lapeniche.biz\/la-peniche-bed-and-bicycle\/wp-json\/wp\/v2\/pages\/4721"}],"wp:attachment":[{"href":"https:\/\/www.lapeniche.biz\/la-peniche-bed-and-bicycle\/wp-json\/wp\/v2\/media?parent=4726"}],"curies":[{"name":"wp","href":"https:\/\/api.w.org\/{rel}","templated":true}]}}