{"id":825,"date":"2021-06-10T16:33:16","date_gmt":"2021-06-10T14:33:16","guid":{"rendered":"https:\/\/www.lapeniche.biz\/la-peniche-bed-and-bicycle\/?page_id=825"},"modified":"2024-01-03T10:20:27","modified_gmt":"2024-01-03T09:20:27","slug":"location-la-peniche","status":"publish","type":"page","link":"https:\/\/www.lapeniche.biz\/la-peniche-bed-and-bicycle\/location-la-peniche\/","title":{"rendered":"Privatiser"},"content":{"rendered":"<p>[et_pb_section fb_built=\u00a0\u00bb1&Prime; fullwidth=\u00a0\u00bbon\u00a0\u00bb module_id=\u00a0\u00bbslider-header-home\u00a0\u00bb _builder_version=\u00a0\u00bb4.16&Prime; _module_preset=\u00a0\u00bbdefault\u00a0\u00bb global_colors_info=\u00a0\u00bb{}\u00a0\u00bb][et_pb_fullwidth_slider _builder_version=\u00a0\u00bb4.22.2&Prime; _module_preset=\u00a0\u00bbdefault\u00a0\u00bb auto=\u00a0\u00bbon\u00a0\u00bb global_colors_info=\u00a0\u00bb{}\u00a0\u00bb][et_pb_slide heading=\u00a0\u00bbPRIVATISEZ\u00a0\u00bb _builder_version=\u00a0\u00bb4.22.2&Prime; _module_preset=\u00a0\u00bbdefault\u00a0\u00bb header_level=\u00a0\u00bbh1&Prime; header_text_align=\u00a0\u00bbcenter\u00a0\u00bb background_enable_color=\u00a0\u00bboff\u00a0\u00bb background_image=\u00a0\u00bbhttps:\/\/www.lapeniche.biz\/la-peniche-bed-and-bicycle\/wp-content\/uploads\/sites\/5\/2021\/10\/La-Peniche-vue-exterieure-2.jpg\u00a0\u00bb background_enable_image=\u00a0\u00bbon\u00a0\u00bb text_orientation=\u00a0\u00bbcenter\u00a0\u00bb global_colors_info=\u00a0\u00bb{}\u00a0\u00bb sticky_transition=\u00a0\u00bbon\u00a0\u00bb][\/et_pb_slide][et_pb_slide _builder_version=\u00a0\u00bb4.22.2&Prime; _module_preset=\u00a0\u00bbdefault\u00a0\u00bb header_level=\u00a0\u00bbh1&Prime; header_text_align=\u00a0\u00bbcenter\u00a0\u00bb background_enable_color=\u00a0\u00bboff\u00a0\u00bb background_image=\u00a0\u00bbhttps:\/\/www.lapeniche.biz\/la-peniche-bed-and-bicycle\/wp-content\/uploads\/sites\/5\/2021\/10\/Salon-Jardin-dHiver-2-Salon-scaled.jpg\u00a0\u00bb background_enable_image=\u00a0\u00bbon\u00a0\u00bb text_orientation=\u00a0\u00bbcenter\u00a0\u00bb global_colors_info=\u00a0\u00bb{}\u00a0\u00bb sticky_transition=\u00a0\u00bbon\u00a0\u00bb][\/et_pb_slide][et_pb_slide _builder_version=\u00a0\u00bb4.22.2&Prime; _module_preset=\u00a0\u00bbdefault\u00a0\u00bb header_level=\u00a0\u00bbh1&Prime; header_text_align=\u00a0\u00bbcenter\u00a0\u00bb background_enable_color=\u00a0\u00bboff\u00a0\u00bb background_image=\u00a0\u00bbhttps:\/\/www.lapeniche.biz\/la-peniche-bed-and-bicycle\/wp-content\/uploads\/sites\/5\/2021\/10\/La-Peniche-cabine-N-chambre.jpg\u00a0\u00bb background_enable_image=\u00a0\u00bbon\u00a0\u00bb text_orientation=\u00a0\u00bbcenter\u00a0\u00bb global_colors_info=\u00a0\u00bb{}\u00a0\u00bb sticky_transition=\u00a0\u00bbon\u00a0\u00bb][\/et_pb_slide][et_pb_slide _builder_version=\u00a0\u00bb4.22.2&Prime; _module_preset=\u00a0\u00bbdefault\u00a0\u00bb header_level=\u00a0\u00bbh1&Prime; header_text_align=\u00a0\u00bbcenter\u00a0\u00bb background_enable_color=\u00a0\u00bboff\u00a0\u00bb background_image=\u00a0\u00bbhttps:\/\/www.lapeniche.biz\/la-peniche-bed-and-bicycle\/wp-content\/uploads\/sites\/5\/2023\/10\/LA-PENICHE-Vienne-133-scaled.jpg\u00a0\u00bb background_enable_image=\u00a0\u00bbon\u00a0\u00bb text_orientation=\u00a0\u00bbcenter\u00a0\u00bb global_colors_info=\u00a0\u00bb{}\u00a0\u00bb sticky_transition=\u00a0\u00bbon\u00a0\u00bb][\/et_pb_slide][et_pb_slide _builder_version=\u00a0\u00bb4.22.2&Prime; _module_preset=\u00a0\u00bbdefault\u00a0\u00bb header_level=\u00a0\u00bbh1&Prime; header_text_align=\u00a0\u00bbcenter\u00a0\u00bb background_enable_color=\u00a0\u00bboff\u00a0\u00bb background_image=\u00a0\u00bbhttps:\/\/www.lapeniche.biz\/la-peniche-bed-and-bicycle\/wp-content\/uploads\/sites\/5\/2023\/10\/LA-PENICHE-Vienne-133-scaled.jpg\u00a0\u00bb background_enable_image=\u00a0\u00bbon\u00a0\u00bb text_orientation=\u00a0\u00bbcenter\u00a0\u00bb global_colors_info=\u00a0\u00bb{}\u00a0\u00bb sticky_transition=\u00a0\u00bbon\u00a0\u00bb][\/et_pb_slide][et_pb_slide _builder_version=\u00a0\u00bb4.22.2&Prime; _module_preset=\u00a0\u00bbdefault\u00a0\u00bb header_level=\u00a0\u00bbh1&Prime; header_text_align=\u00a0\u00bbcenter\u00a0\u00bb background_enable_color=\u00a0\u00bboff\u00a0\u00bb background_image=\u00a0\u00bbhttps:\/\/www.lapeniche.biz\/la-peniche-bed-and-bicycle\/wp-content\/uploads\/sites\/5\/2021\/10\/La-Peniche-spa-vignette.jpg\u00a0\u00bb background_enable_image=\u00a0\u00bbon\u00a0\u00bb text_orientation=\u00a0\u00bbcenter\u00a0\u00bb global_colors_info=\u00a0\u00bb{}\u00a0\u00bb sticky_transition=\u00a0\u00bbon\u00a0\u00bb][\/et_pb_slide][et_pb_slide _builder_version=\u00a0\u00bb4.22.2&Prime; _module_preset=\u00a0\u00bbdefault\u00a0\u00bb header_level=\u00a0\u00bbh1&Prime; header_text_align=\u00a0\u00bbcenter\u00a0\u00bb background_enable_color=\u00a0\u00bboff\u00a0\u00bb background_image=\u00a0\u00bbhttps:\/\/www.lapeniche.biz\/la-peniche-bed-and-bicycle\/wp-content\/uploads\/sites\/5\/2023\/10\/LA-PENICHE-Vienne-56-scaled.jpg\u00a0\u00bb background_enable_image=\u00a0\u00bbon\u00a0\u00bb text_orientation=\u00a0\u00bbcenter\u00a0\u00bb global_colors_info=\u00a0\u00bb{}\u00a0\u00bb sticky_transition=\u00a0\u00bbon\u00a0\u00bb][\/et_pb_slide][et_pb_slide _builder_version=\u00a0\u00bb4.22.2&Prime; _module_preset=\u00a0\u00bbdefault\u00a0\u00bb header_level=\u00a0\u00bbh1&Prime; header_text_align=\u00a0\u00bbcenter\u00a0\u00bb background_enable_color=\u00a0\u00bboff\u00a0\u00bb background_image=\u00a0\u00bbhttps:\/\/www.lapeniche.biz\/la-peniche-bed-and-bicycle\/wp-content\/uploads\/sites\/5\/2023\/10\/LA-PENICHE-Vienne-143-scaled.jpg\u00a0\u00bb background_enable_image=\u00a0\u00bbon\u00a0\u00bb text_orientation=\u00a0\u00bbcenter\u00a0\u00bb global_colors_info=\u00a0\u00bb{}\u00a0\u00bb sticky_transition=\u00a0\u00bbon\u00a0\u00bb][\/et_pb_slide][et_pb_slide _builder_version=\u00a0\u00bb4.22.2&Prime; _module_preset=\u00a0\u00bbdefault\u00a0\u00bb header_level=\u00a0\u00bbh1&Prime; header_text_align=\u00a0\u00bbcenter\u00a0\u00bb background_color=\u00a0\u00bb#FFFFFF\u00a0\u00bb background_enable_color=\u00a0\u00bbon\u00a0\u00bb background_image=\u00a0\u00bbhttps:\/\/www.lapeniche.biz\/la-peniche-bed-and-bicycle\/wp-content\/uploads\/sites\/5\/2021\/10\/La-Peniche-pont-terrasse-vignette.jpg\u00a0\u00bb background_enable_image=\u00a0\u00bbon\u00a0\u00bb text_orientation=\u00a0\u00bbcenter\u00a0\u00bb global_colors_info=\u00a0\u00bb{}\u00a0\u00bb sticky_transition=\u00a0\u00bbon\u00a0\u00bb][\/et_pb_slide][\/et_pb_fullwidth_slider][et_pb_fullwidth_code admin_label=\u00a0\u00bbBouton reservation &#8211; choix P\u00e9niche\u00a0\u00bb module_class=\u00a0\u00bbbooking-trigger\u00a0\u00bb _builder_version=\u00a0\u00bb4.19.5&Prime; z_index_tablet=\u00a0\u00bb500&Prime; custom_css_main_element=\u00a0\u00bbz-index:100;\u00a0\u00bb global_module=\u00a0\u00bb878&Prime; saved_tabs=\u00a0\u00bball\u00a0\u00bb global_colors_info=\u00a0\u00bb{}\u00a0\u00bb]<a class=\"btn-booking\" href=\"#\" rel=\"noopener\">R\u00e9server<\/a> <!-- [et_pb_line_break_holder] --><\/p>\n<div class=\"lp-sidebar-reservation\"><!-- [et_pb_line_break_holder] -->  <\/p>\n<div class=\"lp-sideba-header\"><!-- [et_pb_line_break_holder] -->    <\/p>\n<div class=\"lp-sidebar-close\"><!-- [et_pb_line_break_holder] -->      X<!-- [et_pb_line_break_holder] -->    <\/div>\n<p><!-- [et_pb_line_break_holder] -->  <\/div>\n<p><!-- [et_pb_line_break_holder] -->  <\/p>\n<div class=\"lp-sidebar-title\"><!-- [et_pb_line_break_holder] -->    R\u00e9server une PENICHE<!-- [et_pb_line_break_holder] -->  <\/div>\n<p><!-- [et_pb_line_break_holder] -->  <\/p>\n<form id=\"lp-form-select-peniche\"><!-- [et_pb_line_break_holder] -->    <select name=\"peniche\" id=\"lp-select-peniche\" required=\"required\"><!-- [et_pb_line_break_holder] --><option disabled selected value> &#8212; Choisir sa PENICHE &#8212; <\/option><!-- [et_pb_line_break_holder] --><option value=\"tournon\">LA PENICHE &#8211; Tournon-sur-rh\u00f4ne<\/option><!-- [et_pb_line_break_holder] --><option value=\"vienne\">LA PENICHE &#8211; Vienne<\/option><!-- [et_pb_line_break_holder] -->    <\/select><!-- [et_pb_line_break_holder] -->    <label for=\"arrivee\">Date arriv\u00e9e :<\/label><!-- [et_pb_line_break_holder] -->\t\t<input type=\"text\" id=\"arrivee\" name=\"arrivee\" placeholder=\"Date d'arriv\u00e9e\" class=\"datepicker arrivee\"><!-- [et_pb_line_break_holder] -->    <label for=\"depart\">Date de d\u00e9part :<\/label><!-- [et_pb_line_break_holder] -->    <input type=\"text\" id=\"depart\" name=\"depart\" placeholder=\"Date de d\u00e9part\" class=\"datepicker depart\"><!-- [et_pb_line_break_holder] -->    <a class=\"lp-resa-validate\" href=\"#\" rel=\"noopener\">V\u00e9rifier les disponibilit\u00e9s<\/a><!-- [et_pb_line_break_holder] -->  <\/form>\n<p><!-- [et_pb_line_break_holder] --><\/div>\n<p>   [\/et_pb_fullwidth_code][et_pb_fullwidth_code admin_label=\u00a0\u00bbBouton bon cadeau\u00a0\u00bb _builder_version=\u00a0\u00bb4.13.1&Prime; _module_preset=\u00a0\u00bbdefault\u00a0\u00bb global_module=\u00a0\u00bb2940&Prime; global_colors_info=\u00a0\u00bb{}\u00a0\u00bb]<a href=\"https:\/\/www.lapeniche.biz\/la-peniche-bed-and-bicycle\/boutique#lp-bons-cadeaux\" title=\"Bon cadeau\" class=\"btn-gift\"><!-- [et_pb_line_break_holder] -->\tBon cadeau<!-- [et_pb_line_break_holder] --><\/a>[\/et_pb_fullwidth_code][\/et_pb_section][et_pb_section fb_built=\u00a0\u00bb1&Prime; _builder_version=\u00a0\u00bb4.16&Prime; global_colors_info=\u00a0\u00bb{}\u00a0\u00bb][et_pb_row module_class=\u00a0\u00bblp-pres-room\u00a0\u00bb _builder_version=\u00a0\u00bb4.16&Prime; background_size=\u00a0\u00bbinitial\u00a0\u00bb background_position=\u00a0\u00bbtop_left\u00a0\u00bb background_repeat=\u00a0\u00bbrepeat\u00a0\u00bb min_height=\u00a0\u00bb191px\u00a0\u00bb global_colors_info=\u00a0\u00bb{}\u00a0\u00bb][et_pb_column type=\u00a0\u00bb4_4&Prime; _builder_version=\u00a0\u00bb4.16&Prime; custom_padding=\u00a0\u00bb|||\u00a0\u00bb global_colors_info=\u00a0\u00bb{}\u00a0\u00bb custom_padding__hover=\u00a0\u00bb|||\u00a0\u00bb][et_pb_text admin_label=\u00a0\u00bbLe concept LA PENICHE %22Bed And Bicycle%22&Prime; _builder_version=\u00a0\u00bb4.22.2&Prime; z_index_tablet=\u00a0\u00bb500&Prime; global_colors_info=\u00a0\u00bb{}\u00a0\u00bb]<\/p>\n<table style=\"border-collapse: collapse; width: 100%;\">\n<tbody>\n<tr>\n<td style=\"width: 10.576221%;\"><span style=\"background-color: #ffffff;\"><strong><span style=\"color: #000000; font-size: 14pt; background-color: #ffffff;\"><em><img loading=\"lazy\" decoding=\"async\" class=\"alignnone wp-image-582\" src=\"https:\/\/www.lapeniche.biz\/la-peniche-bed-and-bicycle\/wp-content\/uploads\/sites\/5\/2021\/05\/favicon-bb-300x300.png\" alt=\"La P\u00e9niche Bed &amp; Bicycle\" width=\"75\" height=\"75\" \/><\/em><\/span><\/strong><\/span><\/td>\n<td style=\"width: 36.834427%;\"><span style=\"background-color: #ffffff; font-size: 18pt;\"><strong><span style=\"background-color: #ffffff;\">PRIVATISEZ LA PENICHE<\/span><\/strong><\/span><\/td>\n<td style=\"width: 52.589351%;\"><span style=\"background-color: #ffffff; font-size: 14pt; color: #d0191c;\">\u00e0 partir de 1 500 \u20ac \/ Jour\u00a0 \u00a0<\/span><\/td>\n<\/tr>\n<\/tbody>\n<\/table>\n<p>&nbsp;<\/p>\n<p>\u00a0<span style=\"font-size: 12pt;\"><em>2 nuits minimum :\u00a0<\/em><\/span><\/p>\n<p><span style=\"font-size: 12pt;\">Id\u00e9alement adapt\u00e9 pour des groupes de<u><strong> 12 personnes maximum.<\/strong><\/u><\/span><\/p>\n<p>&nbsp;<\/p>\n<p>&nbsp;<\/p>\n<p><span style=\"font-size: 12pt;\">LA PENICHE est pr\u00e9par\u00e9e pour vous accueillir avec tout notre savoir-faire.<\/span><\/p>\n<p><span style=\"font-size: 12pt;\"><strong>P\u00e9niche enti\u00e8rement climatis\u00e9e de 300 m2<\/strong> avec 5 Cabines, Salon Jardin d\u2019Hiver, Cuisine \u00e9quip\u00e9e, Terrasse pont avant, Terrasse pont arri\u00e8re, Bain Nordique, Sauna \u2026<\/span><\/p>\n<p>[\/et_pb_text][\/et_pb_column][\/et_pb_row][et_pb_row column_structure=\u00a0\u00bb1_2,1_2&Prime; make_equal=\u00a0\u00bbon\u00a0\u00bb _builder_version=\u00a0\u00bb4.16&Prime; _module_preset=\u00a0\u00bbdefault\u00a0\u00bb global_colors_info=\u00a0\u00bb{}\u00a0\u00bb][et_pb_column type=\u00a0\u00bb1_2&Prime; _builder_version=\u00a0\u00bb4.16&Prime; _module_preset=\u00a0\u00bbdefault\u00a0\u00bb global_colors_info=\u00a0\u00bb{}\u00a0\u00bb][et_pb_text admin_label=\u00a0\u00bbInfos pratiques\u00a0\u00bb _builder_version=\u00a0\u00bb4.22.2&Prime; _module_preset=\u00a0\u00bbdefault\u00a0\u00bb global_colors_info=\u00a0\u00bb{}\u00a0\u00bb]<\/p>\n<p><span style=\"color: #d0191c; font-size: 12pt;\"><strong>Informations pratiques :<\/strong><\/span><\/p>\n<ul>\n<li><span style=\"font-size: 12pt;\">Un P\u00e9niche ultra \u00e9quip\u00e9e de 300 m2<\/span><\/li>\n<li><span style=\"font-size: 12pt;\">\u00c0 200m du parking public<\/span><\/li>\n<li><strong><span style=\"font-size: 12pt;\">Arriv\u00e9e : 15h00 &#8211; D\u00e9part : 15h00<\/span><\/strong><\/li>\n<li><span style=\"font-size: 12pt;\">Peut accueillir 12 personnes maximum<\/span><\/li>\n<li><span style=\"font-size: 12pt;\"><strong>Petit d\u00e9jeuner inclus<\/strong><\/span><\/li>\n<li><span style=\"font-size: 12pt;\">Draps et serviettes fournis et lits faits \u00e0 l\u2019arriv\u00e9e<\/span><\/li>\n<li><span style=\"font-size: 12pt;\">M\u00e9nage au d\u00e9part<\/span><\/li>\n<li><span style=\"font-size: 12pt;\"><strong>Service Conciergerie<\/strong><\/span><\/li>\n<\/ul>\n<p><span style=\"color: #d0191c; font-size: 12pt;\"><strong>Confort &amp; \u00e9quipements :<\/strong><\/span><\/p>\n<ul>\n<li><span style=\"font-size: 12pt;\">5 cabines avec Lit double King Size Ultra Confort<\/span><\/li>\n<li><span style=\"font-size: 12pt;\">5 salles de bain avec douche et toilette<\/span><\/li>\n<li><span style=\"font-size: 12pt;\">S\u00e8ches cheveux<\/span><\/li>\n<li><span style=\"font-size: 12pt;\">Coffres forts<\/span><\/li>\n<li><span style=\"font-size: 12pt;\">Cuisine \u00e9quip\u00e9e<\/span><\/li>\n<li><span style=\"font-size: 12pt;\">Salon Jardin d&rsquo;Hiver<\/span><\/li>\n<li><span style=\"font-size: 12pt;\">Pont Terrasse \u00e9quip\u00e9e d&rsquo;un salon de jardin<\/span><\/li>\n<li><strong><span style=\"font-size: 12pt;\">Sauna &amp; Bain Nordique (Acc\u00e8s illimit\u00e9)<\/span><\/strong><\/li>\n<li><span style=\"font-size: 12pt;\">Buanderie (Lave linge &amp; S\u00e8che linge)<\/span><\/li>\n<li><span style=\"font-size: 12pt;\">\u00c9clairage ambiance et domotique<\/span><\/li>\n<li><span style=\"font-size: 12pt;\">Climatisation &amp; chauffage<\/span><\/li>\n<li><span style=\"font-size: 12pt;\">Garage \u00e0 v\u00e9lo s\u00e9curis\u00e9<\/span><\/li>\n<li><strong><span style=\"font-size: 12pt;\">V\u00e9los \u00e9lectriques (2)<\/span><\/strong><\/li>\n<li><span style=\"font-size: 12pt;\">Ponton bateau<\/span><\/li>\n<\/ul>\n<p><span style=\"font-size: 12pt;\"><strong><span style=\"color: #d0191c;\">Digital equipements<\/span><u><br \/><\/u><\/strong><\/span><\/p>\n<ul>\n<li><span style=\"font-size: 12pt;\">Pack Connect\u00e9 (Ipad , Apple Music , Netflix , Molotov TV)<\/span><\/li>\n<li><span style=\"font-size: 12pt;\">Connexion wifi haut d\u00e9bit<\/span><\/li>\n<li><strong><span style=\"font-size: 12pt;\">Vid\u00e9oprojecteur et son \u00e9cran g\u00e9ant<\/span><\/strong><\/li>\n<li><strong><span style=\"font-size: 12pt;\">Enceintes connect\u00e9es Sonos<\/span><\/strong><\/li>\n<li><span style=\"font-size: 12pt;\">Enceintes google home<\/span><\/li>\n<li><span style=\"font-size: 12pt;\">\u00c9clairage ambiance connect\u00e9e<\/span><\/li>\n<\/ul>\n<p><span style=\"color: #d0191c; font-size: 12pt;\"><strong>\u00c0 votre disposition :<\/strong><\/span><\/p>\n<ul>\n<li><strong><span style=\"font-size: 12pt;\">Cuisine \u00e9quip\u00e9e<\/span><\/strong><\/li>\n<li><span style=\"font-size: 12pt;\">Plaque \u00e0 induction, Micro-ondes , Four , Frigos , Cong\u00e9lateur<\/span><\/li>\n<li><span style=\"font-size: 12pt;\">Machine \u00e0 caf\u00e9 Nespresso (Capsule, Coupelle de lait, sucre)<\/span><\/li>\n<li><span style=\"font-size: 12pt;\">Th\u00e9 bio Kusmi Tea<\/span><\/li>\n<li><span style=\"font-size: 12pt;\">Toster<\/span><\/li>\n<li><span style=\"font-size: 12pt;\">Presse agrumes<\/span><\/li>\n<li><span style=\"font-size: 12pt;\">Vaisselle (verres, assiettes, couverts, plats &#8230;)<\/span><\/li>\n<li><span style=\"font-size: 12pt;\">Kit Cuisine (Tout pour cuisiner)<\/span><\/li>\n<\/ul>\n<p><span style=\"color: #d0191c; font-size: 12pt;\"><strong><u>R\u00e8gles de vie \u00e0 bord :<\/u><\/strong><\/span><\/p>\n<ul>\n<li><span style=\"font-size: 12pt;\">Nous vous rappelons que l&rsquo;ensemble de La P\u00e9niche est non-fumeur et que nos amis les animaux sont interdits.<\/span><\/li>\n<li><span style=\"font-size: 12pt;\">Les f\u00eates sont strictement interdites et la capacit\u00e9 totale est limit\u00e9e \u00e0 12 personnes et contr\u00f4l\u00e9e par cam\u00e9ra.<\/span><\/li>\n<\/ul>\n<p><span style=\"font-size: 12pt;\"><u><a href=\"https:\/\/www.lapeniche.biz\/la-peniche-all-your-events\/\" target=\"_blank\" rel=\"noopener\">* Pour un \u00e9v\u00e8nement ou pour un groupe plus important, contactez nous pour organisez vos evenements sur nos Peniches\u00a0<\/a><\/u><\/span><\/p>\n<p>[\/et_pb_text][\/et_pb_column][et_pb_column type=\u00a0\u00bb1_2&Prime; _builder_version=\u00a0\u00bb4.16&Prime; _module_preset=\u00a0\u00bbdefault\u00a0\u00bb global_colors_info=\u00a0\u00bb{}\u00a0\u00bb][et_pb_gallery gallery_ids=\u00a0\u00bb1583,1584,1585,1720,1723,1727,1729,1737,1742,1747,1752,1771,1775,1777,1779,1782,1780,1783,1784,1792,1793,1794,1795,1797,1811,1812,1813,1814,1822,1823,1824,1825,1911,1917,1965,2054,2057,697&Prime; posts_number=\u00a0\u00bb25&Prime; show_title_and_caption=\u00a0\u00bboff\u00a0\u00bb _builder_version=\u00a0\u00bb4.16&Prime; _module_preset=\u00a0\u00bbdefault\u00a0\u00bb global_colors_info=\u00a0\u00bb{}\u00a0\u00bb][\/et_pb_gallery][\/et_pb_column][\/et_pb_row][et_pb_row module_class=\u00a0\u00bblp-rooms-info\u00a0\u00bb _builder_version=\u00a0\u00bb4.16&Prime; _module_preset=\u00a0\u00bbdefault\u00a0\u00bb global_colors_info=\u00a0\u00bb{}\u00a0\u00bb][et_pb_column type=\u00a0\u00bb4_4&Prime; _builder_version=\u00a0\u00bb4.16&Prime; _module_preset=\u00a0\u00bbdefault\u00a0\u00bb global_colors_info=\u00a0\u00bb{}\u00a0\u00bb][et_pb_text admin_label=\u00a0\u00bbNous vous rappelons&#8230;\u00a0\u00bb _builder_version=\u00a0\u00bb4.22.2&Prime; _module_preset=\u00a0\u00bbdefault\u00a0\u00bb global_colors_info=\u00a0\u00bb{}\u00a0\u00bb]<\/p>\n<p>Nous vous rappelons que l&rsquo;ensemble de nos Cabines sont non-fumeur et que les animaux sont interdits.<br \/>Nous vous conseillons de commander votre extra Petit-d\u00e9jeuner, Entrez plus t\u00f4t , Sortez plus tard , massage , Spa pour un s\u00e9jour tout inclus.<\/p>\n<p>[\/et_pb_text][\/et_pb_column][\/et_pb_row][\/et_pb_section][et_pb_section fb_built=\u00a0\u00bb1&Prime; admin_label=\u00a0\u00bbSection Inscription Newsletter FR\u00a0\u00bb module_id=\u00a0\u00bblp-news-sub-section\u00a0\u00bb _builder_version=\u00a0\u00bb4.22.2&Prime; _module_preset=\u00a0\u00bbdefault\u00a0\u00bb global_colors_info=\u00a0\u00bb{}\u00a0\u00bb global_module=\u00a0\u00bb8009&Prime; theme_builder_area=\u00a0\u00bbpost_content\u00a0\u00bb][et_pb_row _builder_version=\u00a0\u00bb4.22.2&Prime; _module_preset=\u00a0\u00bbdefault\u00a0\u00bb global_colors_info=\u00a0\u00bb{}\u00a0\u00bb theme_builder_area=\u00a0\u00bbpost_content\u00a0\u00bb][et_pb_column type=\u00a0\u00bb4_4&Prime; _builder_version=\u00a0\u00bb4.22.2&Prime; _module_preset=\u00a0\u00bbdefault\u00a0\u00bb global_colors_info=\u00a0\u00bb{}\u00a0\u00bb theme_builder_area=\u00a0\u00bbpost_content\u00a0\u00bb][et_pb_text admin_label=\u00a0\u00bbInscrivez-vous \u00e0 la newsletter\u00a0\u00bb _builder_version=\u00a0\u00bb4.22.2&Prime; _module_preset=\u00a0\u00bbdefault\u00a0\u00bb global_colors_info=\u00a0\u00bb{}\u00a0\u00bb theme_builder_area=\u00a0\u00bbpost_content\u00a0\u00bb]<\/p>\n<h2 style=\"text-align: center;\">Inscrivez-vous \u00e0 notre newsletter :<\/h2>\n<script>(function() {\n\twindow.mc4wp = window.mc4wp || {\n\t\tlisteners: [],\n\t\tforms: {\n\t\t\ton: function(evt, cb) {\n\t\t\t\twindow.mc4wp.listeners.push(\n\t\t\t\t\t{\n\t\t\t\t\t\tevent   : evt,\n\t\t\t\t\t\tcallback: cb\n\t\t\t\t\t}\n\t\t\t\t);\n\t\t\t}\n\t\t}\n\t}\n})();\n<\/script><!-- Mailchimp for WordPress v4.12.1 - https:\/\/wordpress.org\/plugins\/mailchimp-for-wp\/ --><form id=\"mc4wp-form-1\" class=\"mc4wp-form mc4wp-form-8007\" method=\"post\" data-id=\"8007\" data-name=\"Inscription newsletter La P\u00e9niche\" ><div class=\"mc4wp-form-fields\"><p>\r\n\t<label>\r\n\t\t<input type=\"email\" name=\"EMAIL\" placeholder=\"Votre adresse e-mail\" required \/>\r\n<\/label>\r\n<input type=\"submit\" value=\"S'abonner\" \/>\r\n<\/p><\/div><label style=\"display: none !important;\">Laissez ce champ vide si vous \u00eates humain\u00a0: <input type=\"text\" name=\"_mc4wp_honeypot\" value=\"\" tabindex=\"-1\" autocomplete=\"off\" \/><\/label><input type=\"hidden\" name=\"_mc4wp_timestamp\" value=\"1776167113\" \/><input type=\"hidden\" name=\"_mc4wp_form_id\" value=\"8007\" \/><input type=\"hidden\" name=\"_mc4wp_form_element_id\" value=\"mc4wp-form-1\" \/><div class=\"mc4wp-response\"><\/div><\/form><!-- \/ Mailchimp for WordPress Plugin -->\n<p>[\/et_pb_text][\/et_pb_column][\/et_pb_row][\/et_pb_section]<\/p>\n","protected":false},"excerpt":{"rendered":"<p>[et_pb_section fb_built=\u00a0\u00bb1&Prime; fullwidth=\u00a0\u00bbon\u00a0\u00bb module_id=\u00a0\u00bbslider-header-home\u00a0\u00bb _builder_version=\u00a0\u00bb4.16&Prime; _module_preset=\u00a0\u00bbdefault\u00a0\u00bb global_colors_info=\u00a0\u00bb{}\u00a0\u00bb][et_pb_fullwidth_slider _builder_version=\u00a0\u00bb4.22.2&Prime; _module_preset=\u00a0\u00bbdefault\u00a0\u00bb auto=\u00a0\u00bbon\u00a0\u00bb global_colors_info=\u00a0\u00bb{}\u00a0\u00bb][et_pb_slide heading=\u00a0\u00bbPRIVATISEZ\u00a0\u00bb _builder_version=\u00a0\u00bb4.22.2&Prime; _module_preset=\u00a0\u00bbdefault\u00a0\u00bb header_level=\u00a0\u00bbh1&Prime; header_text_align=\u00a0\u00bbcenter\u00a0\u00bb background_enable_color=\u00a0\u00bboff\u00a0\u00bb background_image=\u00a0\u00bbhttps:\/\/www.lapeniche.biz\/la-peniche-bed-and-bicycle\/wp-content\/uploads\/sites\/5\/2021\/10\/La-Peniche-vue-exterieure-2.jpg\u00a0\u00bb background_enable_image=\u00a0\u00bbon\u00a0\u00bb text_orientation=\u00a0\u00bbcenter\u00a0\u00bb global_colors_info=\u00a0\u00bb{}\u00a0\u00bb sticky_transition=\u00a0\u00bbon\u00a0\u00bb][\/et_pb_slide][et_pb_slide _builder_version=\u00a0\u00bb4.22.2&Prime; _module_preset=\u00a0\u00bbdefault\u00a0\u00bb header_level=\u00a0\u00bbh1&Prime; header_text_align=\u00a0\u00bbcenter\u00a0\u00bb background_enable_color=\u00a0\u00bboff\u00a0\u00bb background_image=\u00a0\u00bbhttps:\/\/www.lapeniche.biz\/la-peniche-bed-and-bicycle\/wp-content\/uploads\/sites\/5\/2021\/10\/Salon-Jardin-dHiver-2-Salon-scaled.jpg\u00a0\u00bb background_enable_image=\u00a0\u00bbon\u00a0\u00bb text_orientation=\u00a0\u00bbcenter\u00a0\u00bb global_colors_info=\u00a0\u00bb{}\u00a0\u00bb sticky_transition=\u00a0\u00bbon\u00a0\u00bb][\/et_pb_slide][et_pb_slide _builder_version=\u00a0\u00bb4.22.2&Prime; _module_preset=\u00a0\u00bbdefault\u00a0\u00bb header_level=\u00a0\u00bbh1&Prime; header_text_align=\u00a0\u00bbcenter\u00a0\u00bb background_enable_color=\u00a0\u00bboff\u00a0\u00bb background_image=\u00a0\u00bbhttps:\/\/www.lapeniche.biz\/la-peniche-bed-and-bicycle\/wp-content\/uploads\/sites\/5\/2021\/10\/La-Peniche-cabine-N-chambre.jpg\u00a0\u00bb background_enable_image=\u00a0\u00bbon\u00a0\u00bb text_orientation=\u00a0\u00bbcenter\u00a0\u00bb global_colors_info=\u00a0\u00bb{}\u00a0\u00bb sticky_transition=\u00a0\u00bbon\u00a0\u00bb][\/et_pb_slide][et_pb_slide _builder_version=\u00a0\u00bb4.22.2&Prime; _module_preset=\u00a0\u00bbdefault\u00a0\u00bb header_level=\u00a0\u00bbh1&Prime; header_text_align=\u00a0\u00bbcenter\u00a0\u00bb background_enable_color=\u00a0\u00bboff\u00a0\u00bb background_image=\u00a0\u00bbhttps:\/\/www.lapeniche.biz\/la-peniche-bed-and-bicycle\/wp-content\/uploads\/sites\/5\/2023\/10\/LA-PENICHE-Vienne-133-scaled.jpg\u00a0\u00bb background_enable_image=\u00a0\u00bbon\u00a0\u00bb text_orientation=\u00a0\u00bbcenter\u00a0\u00bb global_colors_info=\u00a0\u00bb{}\u00a0\u00bb sticky_transition=\u00a0\u00bbon\u00a0\u00bb][\/et_pb_slide][et_pb_slide _builder_version=\u00a0\u00bb4.22.2&Prime; _module_preset=\u00a0\u00bbdefault\u00a0\u00bb header_level=\u00a0\u00bbh1&Prime; [&hellip;]<\/p>\n","protected":false},"author":1,"featured_media":0,"parent":0,"menu_order":0,"comment_status":"closed","ping_status":"closed","template":"","meta":{"_et_pb_use_builder":"on","_et_pb_old_content":"","_et_gb_content_width":"","footnotes":""},"class_list":["post-825","page","type-page","status-publish","hentry"],"_links":{"self":[{"href":"https:\/\/www.lapeniche.biz\/la-peniche-bed-and-bicycle\/wp-json\/wp\/v2\/pages\/825","targetHints":{"allow":["GET"]}}],"collection":[{"href":"https:\/\/www.lapeniche.biz\/la-peniche-bed-and-bicycle\/wp-json\/wp\/v2\/pages"}],"about":[{"href":"https:\/\/www.lapeniche.biz\/la-peniche-bed-and-bicycle\/wp-json\/wp\/v2\/types\/page"}],"author":[{"embeddable":true,"href":"https:\/\/www.lapeniche.biz\/la-peniche-bed-and-bicycle\/wp-json\/wp\/v2\/users\/1"}],"replies":[{"embeddable":true,"href":"https:\/\/www.lapeniche.biz\/la-peniche-bed-and-bicycle\/wp-json\/wp\/v2\/comments?post=825"}],"version-history":[{"count":5,"href":"https:\/\/www.lapeniche.biz\/la-peniche-bed-and-bicycle\/wp-json\/wp\/v2\/pages\/825\/revisions"}],"predecessor-version":[{"id":8025,"href":"https:\/\/www.lapeniche.biz\/la-peniche-bed-and-bicycle\/wp-json\/wp\/v2\/pages\/825\/revisions\/8025"}],"wp:attachment":[{"href":"https:\/\/www.lapeniche.biz\/la-peniche-bed-and-bicycle\/wp-json\/wp\/v2\/media?parent=825"}],"curies":[{"name":"wp","href":"https:\/\/api.w.org\/{rel}","templated":true}]}}