{"id":355,"date":"2025-04-07T18:26:48","date_gmt":"2025-04-07T16:26:48","guid":{"rendered":"https:\/\/www.lapeniche.biz\/la-peniche-home-on-water\/?page_id=355"},"modified":"2025-12-12T10:00:04","modified_gmt":"2025-12-12T09:00:04","slug":"peniche-matelot-4-personnes","status":"publish","type":"page","link":"https:\/\/www.lapeniche.biz\/la-peniche-home-on-water\/peniche-matelot-4-personnes\/","title":{"rendered":"P\u00e9niche Matelot &#8211; 4 personnes"},"content":{"rendered":"<p>[et_pb_section fb_built=\u00a0\u00bb1&Prime; fullwidth=\u00a0\u00bbon\u00a0\u00bb _builder_version=\u00a0\u00bb4.22.2&Prime; _module_preset=\u00a0\u00bbdefault\u00a0\u00bb global_colors_info=\u00a0\u00bb{}\u00a0\u00bb][et_pb_fullwidth_slider _builder_version=\u00a0\u00bb4.22.2&Prime; _module_preset=\u00a0\u00bbdefault\u00a0\u00bb auto=\u00a0\u00bbon\u00a0\u00bb global_colors_info=\u00a0\u00bb{}\u00a0\u00bb][et_pb_slide _builder_version=\u00a0\u00bb4.22.2&Prime; _module_preset=\u00a0\u00bbdefault\u00a0\u00bb background_color=\u00a0\u00bbrgba(0,0,0,0.3)\u00a0\u00bb background_enable_color=\u00a0\u00bbon\u00a0\u00bb background_image=\u00a0\u00bbhttp:\/\/www.lapeniche.biz\/la-peniche-home-on-water\/wp-content\/uploads\/sites\/7\/2025\/11\/cuisine-et-vue-1.jpg\u00a0\u00bb background_enable_image=\u00a0\u00bbon\u00a0\u00bb background_blend=\u00a0\u00bbmultiply\u00a0\u00bb global_colors_info=\u00a0\u00bb{}\u00a0\u00bb sticky_transition=\u00a0\u00bbon\u00a0\u00bb][\/et_pb_slide][et_pb_slide _builder_version=\u00a0\u00bb4.22.2&Prime; _module_preset=\u00a0\u00bbdefault\u00a0\u00bb background_color=\u00a0\u00bbrgba(0,0,0,0.3)\u00a0\u00bb background_enable_color=\u00a0\u00bbon\u00a0\u00bb background_image=\u00a0\u00bbhttp:\/\/www.lapeniche.biz\/la-peniche-home-on-water\/wp-content\/uploads\/sites\/7\/2025\/11\/douche-et-vue-1.jpg\u00a0\u00bb background_enable_image=\u00a0\u00bbon\u00a0\u00bb background_blend=\u00a0\u00bbmultiply\u00a0\u00bb global_colors_info=\u00a0\u00bb{}\u00a0\u00bb sticky_transition=\u00a0\u00bbon\u00a0\u00bb][\/et_pb_slide][et_pb_slide _builder_version=\u00a0\u00bb4.22.2&Prime; _module_preset=\u00a0\u00bbdefault\u00a0\u00bb background_color=\u00a0\u00bbrgba(0,0,0,0.3)\u00a0\u00bb background_enable_color=\u00a0\u00bbon\u00a0\u00bb background_image=\u00a0\u00bbhttp:\/\/www.lapeniche.biz\/la-peniche-home-on-water\/wp-content\/uploads\/sites\/7\/2025\/11\/IMG_9391-1.jpg\u00a0\u00bb background_enable_image=\u00a0\u00bbon\u00a0\u00bb background_blend=\u00a0\u00bbmultiply\u00a0\u00bb global_colors_info=\u00a0\u00bb{}\u00a0\u00bb sticky_transition=\u00a0\u00bbon\u00a0\u00bb][\/et_pb_slide][et_pb_slide _builder_version=\u00a0\u00bb4.22.2&Prime; _module_preset=\u00a0\u00bbdefault\u00a0\u00bb background_color=\u00a0\u00bbrgba(0,0,0,0.3)\u00a0\u00bb background_enable_color=\u00a0\u00bbon\u00a0\u00bb background_image=\u00a0\u00bbhttp:\/\/www.lapeniche.biz\/la-peniche-home-on-water\/wp-content\/uploads\/sites\/7\/2025\/11\/IMG_9393-1.jpg\u00a0\u00bb background_enable_image=\u00a0\u00bbon\u00a0\u00bb background_blend=\u00a0\u00bbmultiply\u00a0\u00bb global_colors_info=\u00a0\u00bb{}\u00a0\u00bb sticky_transition=\u00a0\u00bbon\u00a0\u00bb][\/et_pb_slide][et_pb_slide _builder_version=\u00a0\u00bb4.22.2&Prime; _module_preset=\u00a0\u00bbdefault\u00a0\u00bb background_color=\u00a0\u00bbrgba(0,0,0,0.3)\u00a0\u00bb background_enable_color=\u00a0\u00bbon\u00a0\u00bb background_image=\u00a0\u00bbhttp:\/\/www.lapeniche.biz\/la-peniche-home-on-water\/wp-content\/uploads\/sites\/7\/2025\/11\/IMG_9395-1.jpg\u00a0\u00bb background_enable_image=\u00a0\u00bbon\u00a0\u00bb background_blend=\u00a0\u00bbmultiply\u00a0\u00bb global_colors_info=\u00a0\u00bb{}\u00a0\u00bb sticky_transition=\u00a0\u00bbon\u00a0\u00bb][\/et_pb_slide][et_pb_slide _builder_version=\u00a0\u00bb4.22.2&Prime; _module_preset=\u00a0\u00bbdefault\u00a0\u00bb background_color=\u00a0\u00bbrgba(0,0,0,0.3)\u00a0\u00bb background_enable_color=\u00a0\u00bbon\u00a0\u00bb background_image=\u00a0\u00bbhttp:\/\/www.lapeniche.biz\/la-peniche-home-on-water\/wp-content\/uploads\/sites\/7\/2025\/11\/IMG_9401-1.jpg\u00a0\u00bb background_enable_image=\u00a0\u00bbon\u00a0\u00bb background_blend=\u00a0\u00bbmultiply\u00a0\u00bb global_colors_info=\u00a0\u00bb{}\u00a0\u00bb sticky_transition=\u00a0\u00bbon\u00a0\u00bb][\/et_pb_slide][et_pb_slide _builder_version=\u00a0\u00bb4.22.2&Prime; _module_preset=\u00a0\u00bbdefault\u00a0\u00bb background_color=\u00a0\u00bbrgba(0,0,0,0.3)\u00a0\u00bb background_enable_color=\u00a0\u00bbon\u00a0\u00bb background_image=\u00a0\u00bbhttp:\/\/www.lapeniche.biz\/la-peniche-home-on-water\/wp-content\/uploads\/sites\/7\/2025\/11\/IMG_9410-1.jpg\u00a0\u00bb background_enable_image=\u00a0\u00bbon\u00a0\u00bb background_blend=\u00a0\u00bbmultiply\u00a0\u00bb global_colors_info=\u00a0\u00bb{}\u00a0\u00bb sticky_transition=\u00a0\u00bbon\u00a0\u00bb][\/et_pb_slide][et_pb_slide _builder_version=\u00a0\u00bb4.22.2&Prime; _module_preset=\u00a0\u00bbdefault\u00a0\u00bb background_color=\u00a0\u00bbrgba(0,0,0,0.3)\u00a0\u00bb background_enable_color=\u00a0\u00bbon\u00a0\u00bb background_image=\u00a0\u00bbhttp:\/\/www.lapeniche.biz\/la-peniche-home-on-water\/wp-content\/uploads\/sites\/7\/2025\/11\/IMG_9428-1.jpg\u00a0\u00bb background_enable_image=\u00a0\u00bbon\u00a0\u00bb background_blend=\u00a0\u00bbmultiply\u00a0\u00bb global_colors_info=\u00a0\u00bb{}\u00a0\u00bb sticky_transition=\u00a0\u00bbon\u00a0\u00bb][\/et_pb_slide][\/et_pb_fullwidth_slider][\/et_pb_section][et_pb_section fb_built=\u00a0\u00bb1&Prime; _builder_version=\u00a0\u00bb4.22.2&Prime; _module_preset=\u00a0\u00bbdefault\u00a0\u00bb global_colors_info=\u00a0\u00bb{}\u00a0\u00bb][et_pb_row module_class=\u00a0\u00bblp-pres-room\u00a0\u00bb _builder_version=\u00a0\u00bb4.22.2&Prime; _module_preset=\u00a0\u00bbdefault\u00a0\u00bb global_colors_info=\u00a0\u00bb{}\u00a0\u00bb][et_pb_column type=\u00a0\u00bb4_4&Prime; _builder_version=\u00a0\u00bb4.22.2&Prime; _module_preset=\u00a0\u00bbdefault\u00a0\u00bb global_colors_info=\u00a0\u00bb{}\u00a0\u00bb][et_pb_text admin_label=\u00a0\u00bbG\u00eete Duo &#8211; 2 personnes\u00a0\u00bb module_class=\u00a0\u00bblp-cabin-title\u00a0\u00bb _builder_version=\u00a0\u00bb4.22.2&Prime; _module_preset=\u00a0\u00bbdefault\u00a0\u00bb global_colors_info=\u00a0\u00bb{}\u00a0\u00bb]<\/p>\n<h1 style=\"text-align: center;\">G\u00eete \u00ab Matelot \u00bb<\/h1>\n<p>[\/et_pb_text][et_pb_text admin_label=\u00a0\u00bbSuperficie + Prix\u00a0\u00bb module_class=\u00a0\u00bblp-cab-price-sup\u00a0\u00bb _builder_version=\u00a0\u00bb4.22.2&Prime; _module_preset=\u00a0\u00bbdefault\u00a0\u00bb global_colors_info=\u00a0\u00bb{}\u00a0\u00bb]<\/p>\n<blockquote>\n<p><strong>70 m<sup>2 <\/sup><\/strong><\/p>\n<\/blockquote>\n<p><mark>A partir de <strong>550\u20ac<\/strong><\/mark><\/p>\n<p><span>| <\/span><strong>4<\/strong> Passagers <span>|<\/span><\/p>\n<p>Nbre de chambres : <strong>2<\/strong><\/p>\n<p>[\/et_pb_text][et_pb_code disabled_on=\u00a0\u00bbon|on|on\u00a0\u00bb admin_label=\u00a0\u00bbWidget Prix d&rsquo;appel\u00a0\u00bb _builder_version=\u00a0\u00bb4.22.2&Prime; _module_preset=\u00a0\u00bbdefault\u00a0\u00bb background_enable_color=\u00a0\u00bboff\u00a0\u00bb border_radii=\u00a0\u00bbon|1px|1px|1px|1px\u00a0\u00bb border_width_all=\u00a0\u00bb1px\u00a0\u00bb border_color_all=\u00a0\u00bb#f2f2f2&Prime; disabled=\u00a0\u00bbon\u00a0\u00bb global_colors_info=\u00a0\u00bb{}\u00a0\u00bb]<\/p>\n<div data-widget-itea=\"prix\" data-key=\"txfjsvxg\" data-numgite=\"G347009\" data-langue=\"FR\"><\/div>\n<p>[\/et_pb_code][et_pb_text _builder_version=\u00a0\u00bb4.22.2&Prime; _module_preset=\u00a0\u00bbdefault\u00a0\u00bb global_colors_info=\u00a0\u00bb{}\u00a0\u00bb]<\/p>\n<p>D\u00e9couvrez ce g\u00eete insolite d&rsquo;exception, un v\u00e9ritable havre de paix flottant avec une vue imprenable sur la ville de Tournon. Amarr\u00e9 sur la rives gauche du Rh\u00f4ne, \u00e0 Tain l&rsquo;Hermitage, ce s\u00e9jour insolite vous plonge dans un cadre unique !<br \/>Profitez d&rsquo;une exp\u00e9rience in\u00e9dite en dormant sur cette p\u00e9niche ! Laissez-vous bercer par le doux balancement de l&rsquo;eau et d\u00e9tendez-vous pleinement dans ce lieu magique, o\u00f9 chaque instant devient une \u00e9vasion.<br \/>\u00c0 l&rsquo;int\u00e9rieur, vous d\u00e9couvrirez un grand salon moderne ouvert sur une cuisine \u00e9quip\u00e9e, ainsi que 2 chambres climatis\u00e9es et chauff\u00e9es offrant un confort optimal toute l&rsquo;ann\u00e9e.<br \/>La v\u00e9ritable star de cet h\u00e9bergement est la terrasse de 40m\u00b2, sans vis-\u00e0-vis, qui vous offre une vue spectaculaire !<br \/>Vous serez \u00e9galement \u00e0 deux pas des c\u00e9l\u00e8bres caves de Tain, de la Cit\u00e9 du Chocolat, et du train de l&rsquo;Ard\u00e8che, des lieux incontournables pour les amateurs de gastronomie, de patrimoine et de nature !<\/p>\n<p><strong>LIVRAISON EN JUIN &#8211; R\u00c9SERVATION OUVERTE \u00c0 PARTIR DU 15 JUIN 2025 &#8211; PHOTOS CONTRACTUELLES 3D<\/strong><br \/>G\u00eete insolite rare ! Offrez-vous une exp\u00e9rience unique \u00e0 bord d&rsquo;une magnifique p\u00e9niche amarr\u00e9e sur la rive gauche du Rh\u00f4ne. Ce g\u00eete exceptionnel, con\u00e7u pour accueillir jusqu&rsquo;\u00e0 4 personnes, vous garantira un s\u00e9jour inoubliable.<br \/>D\u00e8s votre arriv\u00e9e, traversez la passerelle menant \u00e0 une spacieuse terrasse de 40 m\u00b2, enti\u00e8rement \u00e9quip\u00e9e pour vos repas en plein air ou pour profiter de moments de farniente au soleil.<br \/>Apr\u00e8s quelques marches, vous acc\u00e9dez \u00e0 la cale de la p\u00e9niche; o\u00f9 un salon lumineux vous attend, ouvert sur une cuisine enti\u00e8rement \u00e9quip\u00e9e.<br \/>Au m\u00eame niveau, l&rsquo;h\u00e9bergement dispose de deux chambres de 10 et 11 m\u00b2, chacune climatis\u00e9e et dot\u00e9e de rangements pour un s\u00e9jour pratique et agr\u00e9able. Une salle d&rsquo;eau moderne compl\u00e8te cet espace de vie, offrant tout le confort n\u00e9cessaire pour une exp\u00e9rience unique.<\/p>\n<p>[\/et_pb_text][\/et_pb_column][\/et_pb_row][et_pb_row column_structure=\u00a0\u00bb1_2,1_2&Prime; make_equal=\u00a0\u00bbon\u00a0\u00bb module_id=\u00a0\u00bblp-planning-wrapper-row\u00a0\u00bb _builder_version=\u00a0\u00bb4.22.2&Prime; _module_preset=\u00a0\u00bbdefault\u00a0\u00bb global_colors_info=\u00a0\u00bb{}\u00a0\u00bb][et_pb_column type=\u00a0\u00bb1_2&Prime; module_class=\u00a0\u00bblp-descr-room-col\u00a0\u00bb _builder_version=\u00a0\u00bb4.22.2&Prime; _module_preset=\u00a0\u00bbdefault\u00a0\u00bb global_colors_info=\u00a0\u00bb{}\u00a0\u00bb][et_pb_text _builder_version=\u00a0\u00bb4.22.2&Prime; _module_preset=\u00a0\u00bbdefault\u00a0\u00bb global_colors_info=\u00a0\u00bb{}\u00a0\u00bb]<\/p>\n<p><span style=\"color: #fdc400;\"><b>Informations pratiques<\/b><\/span><\/p>\n<ul>\n<li>Arriv\u00e9e : 17h00 &#8211; D\u00e9part : 12h00<\/li>\n<li>Pour 4 personnes maximum<\/li>\n<li>M\u00e9nage inclus chaque jour<\/li>\n<\/ul>\n<p><strong style=\"color: #fdc400;\">Equipements int\u00e9rieurs<\/strong><\/p>\n<ul>\n<li>Cong\u00e9lateur<\/li>\n<li>T\u00e9l\u00e9vision<\/li>\n<li>Climatisation R\u00e9versible<\/li>\n<li>Lave-Linge<\/li>\n<li>Lave-vaisselle<\/li>\n<\/ul>\n<p><span style=\"color: #fdc400;\"><b>Equipements ext\u00e9rieurs<\/b><\/span><\/p>\n<ul>\n<li>Jardin Clos<\/li>\n<li>Parking<\/li>\n<li>Terrasse<\/li>\n<\/ul>\n<p><span style=\"color: #fdc400;\"><b>Services<\/b><\/span><\/p>\n<ul>\n<li>Draps fournis<\/li>\n<li>Internet<\/li>\n<li>Linge de toilette fourni<\/li>\n<li>M\u00e9nage inclus<\/li>\n<\/ul>\n<p><strong style=\"color: #fdc400;\">Loisirs<\/strong><\/p>\n<ul>\n<li><span class=\"div_fiche_dists_elem\">Baignade : <\/span>6\u00a0km<\/li>\n<li>Commerce : 500m<\/li>\n<li>Equitation : 4km<\/li>\n<li>Escalade : 2.5km<\/li>\n<li>Gare : 900m<\/li>\n<li>Piscine : 200m<\/li>\n<li>Randonn\u00e9e : sur place<\/li>\n<li>Rivi\u00e8re ou plan d&rsquo;eau : 6km<\/li>\n<li>Tennis : 3.5km<\/li>\n<li>VTT : sur place\u00a0<\/li>\n<\/ul>\n<p>[\/et_pb_text][dmg_masonry_gallery gallery=\u00a0\u00bb9303,9304,9305,9306,9307,9308,9309,9310,9311,9312,9313,9314,9315,9316,9317,9318,9319,9320,9321,9322,9323,9324,9325,9326,9327,9328,9329,9330,9331,9332,9333,9334,9335,9336,9337,9338,9339,9340,9341,9342,9343,9344,9345,9346,9347,9348,9349,9350,9351,9352,9353,9354,9355,9356,9357,9358,9359,9360,9361,9362,9363,9364,9365,9366,9367,9368,9369,9370,9371,9372,9373,9374,9375,9376,9377,9378,9379,9380,9381,9382,9383,9384,9385,9386,9387,9388,9389,9390,9391,9392&Prime; _builder_version=\u00a0\u00bb4.22.2&Prime; _module_preset=\u00a0\u00bbdefault\u00a0\u00bb global_colors_info=\u00a0\u00bb{}\u00a0\u00bb][\/dmg_masonry_gallery][\/et_pb_column][et_pb_column type=\u00a0\u00bb1_2&Prime; module_id=\u00a0\u00bblp-planning-col\u00a0\u00bb _builder_version=\u00a0\u00bb4.22.2&Prime; _module_preset=\u00a0\u00bbdefault\u00a0\u00bb global_colors_info=\u00a0\u00bb{}\u00a0\u00bb][et_pb_code disabled_on=\u00a0\u00bbon|on|on\u00a0\u00bb admin_label=\u00a0\u00bbWidget R\u00e9servation Gites de France\u00a0\u00bb _builder_version=\u00a0\u00bb4.22.2&Prime; _module_preset=\u00a0\u00bbdefault\u00a0\u00bb disabled=\u00a0\u00bbon\u00a0\u00bb global_colors_info=\u00a0\u00bb{}\u00a0\u00bb]<\/p>\n<div data-key=\"txfjsvxg\" data-numgite=\"G347009\" data-widget-itea=\"resa\" data-nbmois=\"1\" data-nbmois-ligne=\"1\" data-langue=\"FR\"><\/div>\n<p>[\/et_pb_code][et_pb_code disabled_on=\u00a0\u00bbon|on|on\u00a0\u00bb admin_label=\u00a0\u00bbWidget Reservation Japandi\u00a0\u00bb module_id=\u00a0\u00bblp-bloc-planning-gdf\u00a0\u00bb _builder_version=\u00a0\u00bb4.22.2&Prime; _module_preset=\u00a0\u00bbdefault\u00a0\u00bb disabled=\u00a0\u00bbon\u00a0\u00bb global_colors_info=\u00a0\u00bb{}\u00a0\u00bb]<!-- bookingWidget requires jQuery and jQueryUI --><!-- [et_pb_line_break_holder] --><!-- Include the following line ONCE ONLY on the page, preferably in the document head --><!-- [et_pb_line_break_holder] --><script src='https:\/\/media.xmlcal.com\/widget\/1.01\/js\/bookWidget.min.js'><\/script><!-- [et_pb_line_break_holder] --><!-- [et_pb_line_break_holder] --><!-- Place this div on your page where you want the widget to show --><!-- [et_pb_line_break_holder] --><\/p>\n<div id='bookWidget-121083-287345-0-1762448114'> <\/div>\n<p><!-- [et_pb_line_break_holder] --><!-- [et_pb_line_break_holder] --><!-- The following will initialize the widget in the above div --><!-- [et_pb_line_break_holder] --><script><!-- [et_pb_line_break_holder] -->jQuery(document).ready(function() {<!-- [et_pb_line_break_holder] -->jQuery('#bookWidget-121083-287345-0-1762448114').bookWidget({<!-- [et_pb_line_break_holder] -->propid:287345,<!-- [et_pb_line_break_holder] -->formAction:'https:\/\/beds24.com\/booking.php',<!-- [et_pb_line_break_holder] -->widgetLang:'fr',<!-- [et_pb_line_break_holder] -->widgetType:'BookingBox'<!-- [et_pb_line_break_holder] -->});<!-- [et_pb_line_break_holder] -->});<!-- [et_pb_line_break_holder] --><\/script>[\/et_pb_code][et_pb_code _builder_version=\u00a0\u00bb4.22.2&Prime; _module_preset=\u00a0\u00bbdefault\u00a0\u00bb hover_enabled=\u00a0\u00bb0&Prime; sticky_enabled=\u00a0\u00bb0&Prime; module_id=\u00a0\u00bblp-bloc-planning-gdf\u00a0\u00bb admin_label=\u00a0\u00bbWidget Reservation Japandi\u00a0\u00bb]<!-- bookingWidget requires jQuery and jQueryUI --><!-- [et_pb_line_break_holder] --><!-- Include the following line ONCE ONLY on the page, preferably in the document head --><!-- [et_pb_line_break_holder] --><script src='https:\/\/media.xmlcal.com\/widget\/1.01\/js\/bookWidget.min.js'><\/script><!-- [et_pb_line_break_holder] --><!-- [et_pb_line_break_holder] --><!-- Place this div on your page where you want the widget to show --><!-- [et_pb_line_break_holder] --><\/p>\n<div id='bookWidget-121083-287566-0-1764883189'> <\/div>\n<p><!-- [et_pb_line_break_holder] --><!-- [et_pb_line_break_holder] --><!-- The following will initialize the widget in the above div --><!-- [et_pb_line_break_holder] --><script><!-- [et_pb_line_break_holder] -->jQuery(document).ready(function() {<!-- [et_pb_line_break_holder] -->jQuery('#bookWidget-121083-287566-0-1764883189').bookWidget({<!-- [et_pb_line_break_holder] -->propid:287566,<!-- [et_pb_line_break_holder] -->formAction:'https:\/\/beds24.com\/booking.php',<!-- [et_pb_line_break_holder] -->widgetLang:'fr',<!-- [et_pb_line_break_holder] -->widgetType:'BookingBox'<!-- [et_pb_line_break_holder] -->});<!-- [et_pb_line_break_holder] -->});<!-- [et_pb_line_break_holder] --><\/script>[\/et_pb_code][\/et_pb_column][\/et_pb_row][et_pb_row module_class=\u00a0\u00bblp-rooms-info\u00a0\u00bb _builder_version=\u00a0\u00bb4.22.2&Prime; _module_preset=\u00a0\u00bbdefault\u00a0\u00bb global_colors_info=\u00a0\u00bb{}\u00a0\u00bb][et_pb_column type=\u00a0\u00bb4_4&Prime; _builder_version=\u00a0\u00bb4.22.2&Prime; _module_preset=\u00a0\u00bbdefault\u00a0\u00bb global_colors_info=\u00a0\u00bb{}\u00a0\u00bb][et_pb_text _builder_version=\u00a0\u00bb4.22.2&Prime; _module_preset=\u00a0\u00bbdefault\u00a0\u00bb global_colors_info=\u00a0\u00bb{}\u00a0\u00bb]<\/p>\n<p>Nous vous rappelons que l\u2019ensemble de nos cabines sont non-fumeur.<br \/>Nous vous conseillons de commander vos extras petit-d\u00e9jeuner, Spa, V\u00e9los \u2026 , pour un s\u00e9jour tout inclus.<\/p>\n<p>[\/et_pb_text][et_pb_button button_url=\u00a0\u00bb@ET-DC@eyJkeW5hbWljIjp0cnVlLCJjb250ZW50IjoicG9zdF9saW5rX3VybF9wYWdlIiwic2V0dGluZ3MiOnsicG9zdF9pZCI6IjE2OSJ9fQ==@\u00a0\u00bb button_text=\u00a0\u00bbRetour aux g\u00eetes\u00a0\u00bb admin_label=\u00a0\u00bbRetour aux g\u00eetes\u00a0\u00bb _builder_version=\u00a0\u00bb4.22.2&Prime; _dynamic_attributes=\u00a0\u00bbbutton_url\u00a0\u00bb _module_preset=\u00a0\u00bbdefault\u00a0\u00bb global_module=\u00a0\u00bb310&Prime; saved_tabs=\u00a0\u00bball\u00a0\u00bb global_colors_info=\u00a0\u00bb{}\u00a0\u00bb][\/et_pb_button][\/et_pb_column][\/et_pb_row][\/et_pb_section]<\/p>\n","protected":false},"excerpt":{"rendered":"<p>G\u00eete \u00ab Matelot \u00bb 70 m2 A partir de 550\u20ac | 4 Passagers | Nbre de chambres : 2D\u00e9couvrez ce g\u00eete insolite d&rsquo;exception, un v\u00e9ritable havre de paix flottant avec une vue imprenable sur la ville de Tournon. Amarr\u00e9 sur la rives gauche du Rh\u00f4ne, \u00e0 Tain l&rsquo;Hermitage, ce s\u00e9jour insolite vous plonge dans un [&hellip;]<\/p>\n","protected":false},"author":1,"featured_media":0,"parent":0,"menu_order":0,"comment_status":"closed","ping_status":"closed","template":"","meta":{"_et_pb_use_builder":"on","_et_pb_old_content":"","_et_gb_content_width":"","footnotes":""},"class_list":["post-355","page","type-page","status-publish","hentry"],"_links":{"self":[{"href":"https:\/\/www.lapeniche.biz\/la-peniche-home-on-water\/wp-json\/wp\/v2\/pages\/355","targetHints":{"allow":["GET"]}}],"collection":[{"href":"https:\/\/www.lapeniche.biz\/la-peniche-home-on-water\/wp-json\/wp\/v2\/pages"}],"about":[{"href":"https:\/\/www.lapeniche.biz\/la-peniche-home-on-water\/wp-json\/wp\/v2\/types\/page"}],"author":[{"embeddable":true,"href":"https:\/\/www.lapeniche.biz\/la-peniche-home-on-water\/wp-json\/wp\/v2\/users\/1"}],"replies":[{"embeddable":true,"href":"https:\/\/www.lapeniche.biz\/la-peniche-home-on-water\/wp-json\/wp\/v2\/comments?post=355"}],"version-history":[{"count":5,"href":"https:\/\/www.lapeniche.biz\/la-peniche-home-on-water\/wp-json\/wp\/v2\/pages\/355\/revisions"}],"predecessor-version":[{"id":9511,"href":"https:\/\/www.lapeniche.biz\/la-peniche-home-on-water\/wp-json\/wp\/v2\/pages\/355\/revisions\/9511"}],"wp:attachment":[{"href":"https:\/\/www.lapeniche.biz\/la-peniche-home-on-water\/wp-json\/wp\/v2\/media?parent=355"}],"curies":[{"name":"wp","href":"https:\/\/api.w.org\/{rel}","templated":true}]}}