{"id":461,"date":"2025-04-07T19:52:45","date_gmt":"2025-04-07T17:52:45","guid":{"rendered":"https:\/\/www.lapeniche.biz\/la-peniche-home-on-water\/?page_id=461"},"modified":"2025-04-07T19:55:51","modified_gmt":"2025-04-07T17:55:51","slug":"a-propos","status":"publish","type":"page","link":"https:\/\/www.lapeniche.biz\/la-peniche-home-on-water\/a-propos\/","title":{"rendered":"A propos"},"content":{"rendered":"<p>[et_pb_section fb_built=\u00a0\u00bb1&Prime; fullwidth=\u00a0\u00bbon\u00a0\u00bb _builder_version=\u00a0\u00bb4.22.2&Prime; _module_preset=\u00a0\u00bbdefault\u00a0\u00bb global_colors_info=\u00a0\u00bb{}\u00a0\u00bb][et_pb_fullwidth_slider _builder_version=\u00a0\u00bb4.22.2&Prime; _module_preset=\u00a0\u00bbdefault\u00a0\u00bb global_colors_info=\u00a0\u00bb{}\u00a0\u00bb][et_pb_slide heading=\u00a0\u00bbA propos\u00a0\u00bb _builder_version=\u00a0\u00bb4.22.2&Prime; _module_preset=\u00a0\u00bbdefault\u00a0\u00bb header_level=\u00a0\u00bbh1&Prime; header_font=\u00a0\u00bb|||on|||||\u00a0\u00bb background_enable_color=\u00a0\u00bboff\u00a0\u00bb background_image=\u00a0\u00bbhttps:\/\/www.lapeniche.biz\/la-peniche-home-on-water\/wp-content\/uploads\/sites\/7\/2025\/04\/La-Peniche-vue-exterieure-2-1.jpg\u00a0\u00bb background_enable_image=\u00a0\u00bbon\u00a0\u00bb global_colors_info=\u00a0\u00bb{}\u00a0\u00bb sticky_transition=\u00a0\u00bbon\u00a0\u00bb][\/et_pb_slide][\/et_pb_fullwidth_slider][\/et_pb_section][et_pb_section fb_built=\u00a0\u00bb1&Prime; _builder_version=\u00a0\u00bb4.22.2&Prime; _module_preset=\u00a0\u00bbdefault\u00a0\u00bb global_colors_info=\u00a0\u00bb{}\u00a0\u00bb][et_pb_row _builder_version=\u00a0\u00bb4.22.2&Prime; _module_preset=\u00a0\u00bbdefault\u00a0\u00bb global_colors_info=\u00a0\u00bb{}\u00a0\u00bb][et_pb_column type=\u00a0\u00bb4_4&Prime; _builder_version=\u00a0\u00bb4.22.2&Prime; _module_preset=\u00a0\u00bbdefault\u00a0\u00bb global_colors_info=\u00a0\u00bb{}\u00a0\u00bb][et_pb_text admin_label=\u00a0\u00bbConcept\u00a0\u00bb module_id=\u00a0\u00bbnotre-idee\u00a0\u00bb _builder_version=\u00a0\u00bb4.22.2&Prime; _module_preset=\u00a0\u00bbdefault\u00a0\u00bb global_colors_info=\u00a0\u00bb{}\u00a0\u00bb]<\/p>\n<h2 style=\"text-align: center;\"><span style=\"font-size: 24pt;\">CONCEPT<\/span><\/h2>\n<p><span style=\"font-size: 18pt;\">LA PENICHE [Bed and Bicycle] est un v\u00e9ritable lieu de vie atypique, insolite et authentique.<\/span><\/p>\n<p><span style=\"font-size: 18pt;\">Une exp\u00e9rience unique au fil de l\u2019eau, pour vous offrir des nuits et moments inoubliables dans un esprit \u00ab\u00a0Slow Life*\u00a0\u00bb \u00e0 bord de LA PENICHE.<\/span><\/p>\n<p><span style=\"font-size: 18pt;\">LA PENICHE [Bed and Bicycle] pour des escales fluviales d\u2019exception le long du Rh\u00f4ne, sur la voie verte \u00ab ViaRh\u00f4na \u00bb, pour accueillir une client\u00e8le d\u2019escale et itin\u00e9rante \u00e0 v\u00e9lo.<\/span><\/p>\n<p>&nbsp;<\/p>\n<p>&nbsp;<\/p>\n<p><span style=\"font-size: 18pt;\">Vivez l\u2019exp\u00e9rience LA PENICHE en toute libert\u00e9 et autonomie &#8230;R\u00e9servez en ligne votre cabine, recevez votre cl\u00e9s digitale (QR Code) et Entrez comme si vous \u00e9tiez chez vous \u2026<\/span><\/p>\n<p>&nbsp;<\/p>\n<p>&nbsp;<\/p>\n<p><span style=\"font-size: 12pt;\"><em>*La \u00ab slow life \u00bb est un mode de vie, une philosophie qui invite \u00e0 ralentir \u00e0 profiter de l\u2019instant pr\u00e9sent, en favorisant les moments de qualit\u00e9 avec nous-m\u00eames et avec nos proches.<\/em><\/span><\/p>\n<p>[\/et_pb_text][et_pb_text admin_label=\u00a0\u00bbHistoire\u00a0\u00bb module_id=\u00a0\u00bba-propos\u00a0\u00bb _builder_version=\u00a0\u00bb4.22.2&Prime; _module_preset=\u00a0\u00bbdefault\u00a0\u00bb global_colors_info=\u00a0\u00bb{}\u00a0\u00bb]<\/p>\n<h2 style=\"text-align: center;\"><span style=\"font-size: 24pt;\">Histoire<\/span><\/h2>\n<p><span style=\"font-size: 18pt;\">LA PENICHE [Bed and Bicycle] est un v\u00e9ritable lieu de vie atypique, insolite et authentique.<\/span><\/p>\n<h1><span style=\"font-size: 18px;\">L&rsquo;histoire de LA P\u00c9NICHE <a href=\"https:\/\/www.lapeniche.biz\/la-peniche-bed-and-bicycle\/\">[Bed and Bicycle]<\/a> remonte \u00e0 2013, lorsque David Faure a entrepris la transformation de sa premi\u00e8re p\u00e9niche, [All Your Events], \u00e0 Tain-l\u2019Hermitage, sur les rives du Rh\u00f4ne. Ce projet initial marque le d\u00e9but d&rsquo;une aventure passionnante, associant l&rsquo;\u00e9l\u00e9gance du patrimoine fluvial \u00e0 l&rsquo;art de vivre sur l\u2019eau. L\u2019ann\u00e9e suivante, une deuxi\u00e8me p\u00e9niche, [Slow Food Caf\u00e9], voit le jour \u00e0 Tournon-sur-Rh\u00f4ne, devenant rapidement un lieu embl\u00e9matique gr\u00e2ce \u00e0 son engagement pour une cuisine locale et durable.<\/span><\/h1>\n<p><span style=\"font-size: 18px;\">En 2017, David Faure fait une travers\u00e9e de l\u2019Atlantique \u00e0 la voile, une exp\u00e9rience marquante qui l&rsquo;am\u00e8ne \u00e0 passer 100 jours par an en mer. \u00c0 son retour, il d\u00e9cide de parcourir la <a href=\"https:\/\/www.viarhona.com\/\">ViaRh\u00f4na<\/a> \u00e0 v\u00e9lo, du lac L\u00e9man \u00e0 la M\u00e9diterran\u00e9e, accompagn\u00e9 de son fid\u00e8le labrador Paco. C\u2019est lors de ce p\u00e9riple que l\u2019id\u00e9e de LA P\u00c9NICHE [Bed and Bicycle] prend forme, alliant ses deux passions : la navigation et le cyclotourisme.<\/span><\/p>\n<p><span style=\"font-size: 18px;\">Le concept prend vie en 2022 avec une premi\u00e8re escale \u00e0 Tournon-sur-Rh\u00f4ne, suivie de Vienne en 2023, puis d&rsquo;Aigues-Mortes en 2024. D\u2019autres escales sont d\u00e9j\u00e0 pr\u00e9vues \u00e0 Lyon, Avignon et Arles dans les prochaines ann\u00e9es.<\/span><\/p>\n<p>&nbsp;<\/p>\n<p><span style=\"font-size: 12pt;\"><em>*La \u00ab slow life \u00bb est un mode de vie, une philosophie qui invite a ralentir a profiter de l\u2019instant pre\u0301sent, en favorisant les moments de qualite\u0301 avec nous-me\u0302mes et avec nos proches.\u00a0<\/em><\/span><\/p>\n<p>[\/et_pb_text][\/et_pb_column][\/et_pb_row][\/et_pb_section][et_pb_section fb_built=\u00a0\u00bb1&Prime; admin_label=\u00a0\u00bbSection Inscription Newsletter\u00a0\u00bb module_id=\u00a0\u00bblp-news-sub-section\u00a0\u00bb _builder_version=\u00a0\u00bb4.22.2&Prime; _module_preset=\u00a0\u00bbdefault\u00a0\u00bb saved_tabs=\u00a0\u00bball\u00a0\u00bb global_colors_info=\u00a0\u00bb{}\u00a0\u00bb global_module=\u00a0\u00bb184&Prime; theme_builder_area=\u00a0\u00bbpost_content\u00a0\u00bb][et_pb_row _builder_version=\u00a0\u00bb4.22.2&Prime; _module_preset=\u00a0\u00bbdefault\u00a0\u00bb global_colors_info=\u00a0\u00bb{}\u00a0\u00bb theme_builder_area=\u00a0\u00bbpost_content\u00a0\u00bb][et_pb_column type=\u00a0\u00bb4_4&Prime; _builder_version=\u00a0\u00bb4.22.2&Prime; _module_preset=\u00a0\u00bbdefault\u00a0\u00bb global_colors_info=\u00a0\u00bb{}\u00a0\u00bb theme_builder_area=\u00a0\u00bbpost_content\u00a0\u00bb][et_pb_text admin_label=\u00a0\u00bbInscription Newlstter\u00a0\u00bb _builder_version=\u00a0\u00bb4.22.2&Prime; _module_preset=\u00a0\u00bbdefault\u00a0\u00bb global_colors_info=\u00a0\u00bb{}\u00a0\u00bb theme_builder_area=\u00a0\u00bbpost_content\u00a0\u00bb]<\/p>\n<h2 style=\"text-align: center;\">Inscrivez-vous \u00e0 notre newsletter :<\/h2>\n<p style=\"text-align: center;\"><script>(function() {\n\twindow.mc4wp = window.mc4wp || {\n\t\tlisteners: [],\n\t\tforms: {\n\t\t\ton: function(evt, cb) {\n\t\t\t\twindow.mc4wp.listeners.push(\n\t\t\t\t\t{\n\t\t\t\t\t\tevent   : evt,\n\t\t\t\t\t\tcallback: cb\n\t\t\t\t\t}\n\t\t\t\t);\n\t\t\t}\n\t\t}\n\t}\n})();\n<\/script><!-- Mailchimp for WordPress v4.12.3 - https:\/\/wordpress.org\/plugins\/mailchimp-for-wp\/ --><form id=\"mc4wp-form-1\" class=\"mc4wp-form mc4wp-form-155\" method=\"post\" data-id=\"155\" data-name=\"Inscription newsletter La P\u00e9niche\" ><div class=\"mc4wp-form-fields\"><p>\r\n\t<label>\r\n\t\t<input type=\"email\" name=\"EMAIL\" placeholder=\"Votre adresse e-mail\" required \/>\r\n<\/label>\r\n<input type=\"submit\" value=\"S'abonner\" \/>\r\n<\/p><\/div><label style=\"display: none !important;\">Laissez ce champ vide si vous \u00eates humain\u00a0: <input type=\"text\" name=\"_mc4wp_honeypot\" value=\"\" tabindex=\"-1\" autocomplete=\"off\" \/><\/label><input type=\"hidden\" name=\"_mc4wp_timestamp\" value=\"1778726979\" \/><input type=\"hidden\" name=\"_mc4wp_form_id\" value=\"155\" \/><input type=\"hidden\" name=\"_mc4wp_form_element_id\" value=\"mc4wp-form-1\" \/><div class=\"mc4wp-response\"><\/div><\/form><!-- \/ Mailchimp for WordPress Plugin --><\/p>\n<p>[\/et_pb_text][\/et_pb_column][\/et_pb_row][\/et_pb_section]<\/p>\n","protected":false},"excerpt":{"rendered":"<p>CONCEPT LA PENICHE [Bed and Bicycle] est un v\u00e9ritable lieu de vie atypique, insolite et authentique. Une exp\u00e9rience unique au fil de l\u2019eau, pour vous offrir des nuits et moments inoubliables dans un esprit \u00ab\u00a0Slow Life*\u00a0\u00bb \u00e0 bord de LA PENICHE. LA PENICHE [Bed and Bicycle] pour des escales fluviales d\u2019exception le long du Rh\u00f4ne, [&hellip;]<\/p>\n","protected":false},"author":1,"featured_media":0,"parent":0,"menu_order":0,"comment_status":"closed","ping_status":"closed","template":"","meta":{"_et_pb_use_builder":"on","_et_pb_old_content":"","_et_gb_content_width":"","footnotes":""},"class_list":["post-461","page","type-page","status-publish","hentry"],"_links":{"self":[{"href":"https:\/\/www.lapeniche.biz\/la-peniche-home-on-water\/wp-json\/wp\/v2\/pages\/461","targetHints":{"allow":["GET"]}}],"collection":[{"href":"https:\/\/www.lapeniche.biz\/la-peniche-home-on-water\/wp-json\/wp\/v2\/pages"}],"about":[{"href":"https:\/\/www.lapeniche.biz\/la-peniche-home-on-water\/wp-json\/wp\/v2\/types\/page"}],"author":[{"embeddable":true,"href":"https:\/\/www.lapeniche.biz\/la-peniche-home-on-water\/wp-json\/wp\/v2\/users\/1"}],"replies":[{"embeddable":true,"href":"https:\/\/www.lapeniche.biz\/la-peniche-home-on-water\/wp-json\/wp\/v2\/comments?post=461"}],"version-history":[{"count":5,"href":"https:\/\/www.lapeniche.biz\/la-peniche-home-on-water\/wp-json\/wp\/v2\/pages\/461\/revisions"}],"predecessor-version":[{"id":474,"href":"https:\/\/www.lapeniche.biz\/la-peniche-home-on-water\/wp-json\/wp\/v2\/pages\/461\/revisions\/474"}],"wp:attachment":[{"href":"https:\/\/www.lapeniche.biz\/la-peniche-home-on-water\/wp-json\/wp\/v2\/media?parent=461"}],"curies":[{"name":"wp","href":"https:\/\/api.w.org\/{rel}","templated":true}]}}